{"id":39,"date":"2018-01-29T11:02:22","date_gmt":"2018-01-29T11:02:22","guid":{"rendered":"https:\/\/www.senaatti.fi\/yhteiskuntavastuuraportti2018\/?page_id=39"},"modified":"2022-04-12T10:40:49","modified_gmt":"2022-04-12T10:40:49","slug":"organisaatio","status":"publish","type":"page","link":"https:\/\/www.senaatti.fi\/yhteiskuntavastuuraportti2018\/senaatti\/organisaatio\/","title":{"rendered":"Organisaatio"},"content":{"rendered":"<p><img loading=\"lazy\" decoding=\"async\" class=\"size-large wp-image-1323 alignnone\" src=\"https:\/\/www.senaatti.fi\/app_ykv_archive\/uploads\/sites\/7\/2019\/02\/Sesam-3978-301018-1024x683.jpg\" alt=\"\" width=\"1024\" height=\"683\" srcset=\"https:\/\/www.senaatti.fi\/app_ykv_archive\/uploads\/sites\/7\/2019\/02\/Sesam-3978-301018-1024x683.jpg 1024w, https:\/\/www.senaatti.fi\/app_ykv_archive\/uploads\/sites\/7\/2019\/02\/Sesam-3978-301018-300x200.jpg 300w, https:\/\/www.senaatti.fi\/app_ykv_archive\/uploads\/sites\/7\/2019\/02\/Sesam-3978-301018-768x512.jpg 768w, https:\/\/www.senaatti.fi\/app_ykv_archive\/uploads\/sites\/7\/2019\/02\/Sesam-3978-301018-1600x1067.jpg 1600w, https:\/\/www.senaatti.fi\/app_ykv_archive\/uploads\/sites\/7\/2019\/02\/Sesam-3978-301018-2200x1467.jpg 2200w\" sizes=\"auto, (max-width: 1024px) 100vw, 1024px\" \/><\/p>\n<p>Senaatti-kiinteist\u00f6t muodostaa liikelaitoskonsernin, johon liikelaitoksen lis\u00e4ksi kuuluu 29 tyt\u00e4ryhti\u00f6t\u00e4. Henkil\u00f6st\u00f6\u00e4 oli vuoden 2018 lopussa 353 (348). Toimipisteit\u00e4 on 11 paikkakunnalla eri puolilla Suomea. P\u00e4\u00e4toimipaikka sijaitsee Helsingiss\u00e4.<\/p>\n<p>Senaatti-kiinteist\u00f6ill\u00e4 on matriisiorganisaatio, jossa ensisijaisessa liiketoiminta- ja tulosvastuussa ovat kolme toimialaa, joihin on koottu toiminnaltaan ja palvelutarpeiltaan samankaltaisia asiakkaita. Toimialat vastaavat asiakkuuksista strategisella tasolla.<\/p>\n<p>Asiakkuuksista ja toimittajaverkostosta operatiivisella tasolla vastaa operatiivinen yksikk\u00f6, jonka alaisuudessa toimii Senaatti-kiinteist\u00f6jen alueorganisaatio.<\/p>\n<p>Senaatin toimialoihin ja alueorganisaatioon voi tutustuta tarkemmin kotisivuillamme:<\/p>\n<p><a href=\"https:\/\/www.senaatti.fi\/tietoa-senaatista\/organisaatio\/toimialat\/\" target=\"_blank\" rel=\"noopener noreferrer\">Tutustu toimialoihimme<\/a><\/p>\n<p><a href=\"https:\/\/www.senaatti.fi\/tietoa-senaatista\/organisaatio\/alueet\/\" target=\"_blank\" rel=\"noopener noreferrer\">Tutustu alueorganisaatioomme<\/a><\/p>\n<p>Lis\u00e4ksi Senaatti-kiinteist\u00f6jen toimintaa tukevat kuusi palveluyksikk\u00f6\u00e4, jotka ovat:<\/p>\n<ul>\n<li>strategia, kehitt\u00e4minen ja tiedonhallinta<\/li>\n<li>talous ja lakiasiat<\/li>\n<li>kiinteist\u00f6kehitys ja -myynti<\/li>\n<li>henkil\u00f6st\u00f6resurssit ja kehitt\u00e4minen<\/li>\n<li>markkinointi ja viestint\u00e4<\/li>\n<li>sis\u00e4inen tarkastus.<\/li>\n<\/ul>\n<p><strong>Organisaatiokaavio:<\/strong><img loading=\"lazy\" decoding=\"async\" class=\"alignleft size-large wp-image-1488\" src=\"https:\/\/www.senaatti.fi\/app_ykv_archive\/uploads\/sites\/7\/2019\/03\/organisaatio-1024x526.png\" alt=\"\" width=\"1024\" height=\"526\" srcset=\"https:\/\/www.senaatti.fi\/app_ykv_archive\/uploads\/sites\/7\/2019\/03\/organisaatio-1024x526.png 1024w, https:\/\/www.senaatti.fi\/app_ykv_archive\/uploads\/sites\/7\/2019\/03\/organisaatio-300x154.png 300w, https:\/\/www.senaatti.fi\/app_ykv_archive\/uploads\/sites\/7\/2019\/03\/organisaatio-768x395.png 768w, https:\/\/www.senaatti.fi\/app_ykv_archive\/uploads\/sites\/7\/2019\/03\/organisaatio.png 1344w\" sizes=\"auto, (max-width: 1024px) 100vw, 1024px\" \/><\/p>\n","protected":false},"excerpt":{"rendered":"<p>Senaatti-kiinteist\u00f6t muodostaa liikelaitoskonsernin, johon liikelaitoksen lis\u00e4ksi kuuluu 29 tyt\u00e4ryhti\u00f6t\u00e4. Henkil\u00f6st\u00f6\u00e4 oli vuoden 2018 lopussa 353 (348). Toimipisteit\u00e4 on 11 paikkakunnalla eri puolilla Suomea. P\u00e4\u00e4toimipaikka sijaitsee Helsingiss\u00e4. Senaatti-kiinteist\u00f6ill\u00e4 on matriisiorganisaatio, jossa ensisijaisessa liiketoiminta- ja tulosvastuussa ovat kolme toimialaa, joihin on koottu toiminnaltaan ja palvelutarpeiltaan samankaltaisia asiakkaita. Toimialat vastaavat asiakkuuksista strategisella tasolla. Asiakkuuksista ja toimittajaverkostosta operatiivisella tasolla [&hellip;]<\/p>\n","protected":false},"author":11,"featured_media":0,"parent":37,"menu_order":2,"comment_status":"closed","ping_status":"closed","template":"","meta":{"_acf_changed":false,"footnotes":""},"class_list":["post-39","page","type-page","status-publish","hentry"],"acf":[],"yoast_head":"<!-- This site is optimized with the Yoast SEO plugin v23.9 - https:\/\/yoast.com\/wordpress\/plugins\/seo\/ -->\n<title>Organisaatio - Yhteiskuntavastuuraportti 2018<\/title>\n<meta name=\"robots\" content=\"index, follow, max-snippet:-1, max-image-preview:large, max-video-preview:-1\" \/>\n<link rel=\"canonical\" href=\"https:\/\/www.senaatti.fi\/yhteiskuntavastuuraportti2018\/senaatti\/organisaatio\/\" \/>\n<meta property=\"og:locale\" content=\"en_US\" \/>\n<meta property=\"og:type\" content=\"article\" \/>\n<meta property=\"og:title\" content=\"Organisaatio - Yhteiskuntavastuuraportti 2018\" \/>\n<meta property=\"og:description\" content=\"Senaatti-kiinteist\u00f6t muodostaa liikelaitoskonsernin, johon liikelaitoksen lis\u00e4ksi kuuluu 29 tyt\u00e4ryhti\u00f6t\u00e4. Henkil\u00f6st\u00f6\u00e4 oli vuoden 2018 lopussa 353 (348). Toimipisteit\u00e4 on 11 paikkakunnalla eri puolilla Suomea. P\u00e4\u00e4toimipaikka sijaitsee Helsingiss\u00e4. Senaatti-kiinteist\u00f6ill\u00e4 on matriisiorganisaatio, jossa ensisijaisessa liiketoiminta- ja tulosvastuussa ovat kolme toimialaa, joihin on koottu toiminnaltaan ja palvelutarpeiltaan samankaltaisia asiakkaita. Toimialat vastaavat asiakkuuksista strategisella tasolla. Asiakkuuksista ja toimittajaverkostosta operatiivisella tasolla [&hellip;]\" \/>\n<meta property=\"og:url\" content=\"https:\/\/www.senaatti.fi\/yhteiskuntavastuuraportti2018\/senaatti\/organisaatio\/\" \/>\n<meta property=\"og:site_name\" content=\"Yhteiskuntavastuuraportti 2018\" \/>\n<meta property=\"article:modified_time\" content=\"2022-04-12T10:40:49+00:00\" \/>\n<meta property=\"og:image\" content=\"https:\/\/www.senaatti.fi\/app_ykv_archive\/uploads\/sites\/7\/2019\/02\/Sesam-3978-301018-1024x683.jpg\" \/>\n<meta name=\"twitter:card\" content=\"summary_large_image\" \/>\n<meta name=\"twitter:label1\" content=\"Est. reading time\" \/>\n\t<meta name=\"twitter:data1\" content=\"1 minute\" \/>\n<script type=\"application\/ld+json\" class=\"yoast-schema-graph\">{\"@context\":\"https:\/\/schema.org\",\"@graph\":[{\"@type\":\"WebPage\",\"@id\":\"https:\/\/www.senaatti.fi\/yhteiskuntavastuuraportti2018\/senaatti\/organisaatio\/\",\"url\":\"https:\/\/www.senaatti.fi\/yhteiskuntavastuuraportti2018\/senaatti\/organisaatio\/\",\"name\":\"Organisaatio - Yhteiskuntavastuuraportti 2018\",\"isPartOf\":{\"@id\":\"https:\/\/www.senaatti.fi\/yhteiskuntavastuuraportti2018\/#website\"},\"primaryImageOfPage\":{\"@id\":\"https:\/\/www.senaatti.fi\/yhteiskuntavastuuraportti2018\/senaatti\/organisaatio\/#primaryimage\"},\"image\":{\"@id\":\"https:\/\/www.senaatti.fi\/yhteiskuntavastuuraportti2018\/senaatti\/organisaatio\/#primaryimage\"},\"thumbnailUrl\":\"https:\/\/www.senaatti.fi\/app_ykv_archive\/uploads\/sites\/7\/2019\/02\/Sesam-3978-301018-1024x683.jpg\",\"datePublished\":\"2018-01-29T11:02:22+00:00\",\"dateModified\":\"2022-04-12T10:40:49+00:00\",\"breadcrumb\":{\"@id\":\"https:\/\/www.senaatti.fi\/yhteiskuntavastuuraportti2018\/senaatti\/organisaatio\/#breadcrumb\"},\"inLanguage\":\"en-US\",\"potentialAction\":[{\"@type\":\"ReadAction\",\"target\":[\"https:\/\/www.senaatti.fi\/yhteiskuntavastuuraportti2018\/senaatti\/organisaatio\/\"]}]},{\"@type\":\"ImageObject\",\"inLanguage\":\"en-US\",\"@id\":\"https:\/\/www.senaatti.fi\/yhteiskuntavastuuraportti2018\/senaatti\/organisaatio\/#primaryimage\",\"url\":\"https:\/\/www.senaatti.fi\/app_ykv_archive\/uploads\/sites\/7\/2019\/02\/Sesam-3978-301018-1024x683.jpg\",\"contentUrl\":\"https:\/\/www.senaatti.fi\/app_ykv_archive\/uploads\/sites\/7\/2019\/02\/Sesam-3978-301018-1024x683.jpg\"},{\"@type\":\"BreadcrumbList\",\"@id\":\"https:\/\/www.senaatti.fi\/yhteiskuntavastuuraportti2018\/senaatti\/organisaatio\/#breadcrumb\",\"itemListElement\":[{\"@type\":\"ListItem\",\"position\":1,\"name\":\"Home\",\"item\":\"https:\/\/www.senaatti.fi\/yhteiskuntavastuuraportti2018\/\"},{\"@type\":\"ListItem\",\"position\":2,\"name\":\"Senaatti\",\"item\":\"https:\/\/www.senaatti.fi\/yhteiskuntavastuuraportti2018\/senaatti\/\"},{\"@type\":\"ListItem\",\"position\":3,\"name\":\"Organisaatio\"}]},{\"@type\":\"WebSite\",\"@id\":\"https:\/\/www.senaatti.fi\/yhteiskuntavastuuraportti2018\/#website\",\"url\":\"https:\/\/www.senaatti.fi\/yhteiskuntavastuuraportti2018\/\",\"name\":\"Yhteiskuntavastuuraportti 2018\",\"description\":\"\",\"potentialAction\":[{\"@type\":\"SearchAction\",\"target\":{\"@type\":\"EntryPoint\",\"urlTemplate\":\"https:\/\/www.senaatti.fi\/yhteiskuntavastuuraportti2018\/?s={search_term_string}\"},\"query-input\":{\"@type\":\"PropertyValueSpecification\",\"valueRequired\":true,\"valueName\":\"search_term_string\"}}],\"inLanguage\":\"en-US\"}]}<\/script>\n<!-- \/ Yoast SEO plugin. -->","yoast_head_json":{"title":"Organisaatio - Yhteiskuntavastuuraportti 2018","robots":{"index":"index","follow":"follow","max-snippet":"max-snippet:-1","max-image-preview":"max-image-preview:large","max-video-preview":"max-video-preview:-1"},"canonical":"https:\/\/www.senaatti.fi\/yhteiskuntavastuuraportti2018\/senaatti\/organisaatio\/","og_locale":"en_US","og_type":"article","og_title":"Organisaatio - Yhteiskuntavastuuraportti 2018","og_description":"Senaatti-kiinteist\u00f6t muodostaa liikelaitoskonsernin, johon liikelaitoksen lis\u00e4ksi kuuluu 29 tyt\u00e4ryhti\u00f6t\u00e4. Henkil\u00f6st\u00f6\u00e4 oli vuoden 2018 lopussa 353 (348). Toimipisteit\u00e4 on 11 paikkakunnalla eri puolilla Suomea. P\u00e4\u00e4toimipaikka sijaitsee Helsingiss\u00e4. Senaatti-kiinteist\u00f6ill\u00e4 on matriisiorganisaatio, jossa ensisijaisessa liiketoiminta- ja tulosvastuussa ovat kolme toimialaa, joihin on koottu toiminnaltaan ja palvelutarpeiltaan samankaltaisia asiakkaita. Toimialat vastaavat asiakkuuksista strategisella tasolla. Asiakkuuksista ja toimittajaverkostosta operatiivisella tasolla [&hellip;]","og_url":"https:\/\/www.senaatti.fi\/yhteiskuntavastuuraportti2018\/senaatti\/organisaatio\/","og_site_name":"Yhteiskuntavastuuraportti 2018","article_modified_time":"2022-04-12T10:40:49+00:00","og_image":[{"url":"https:\/\/www.senaatti.fi\/app_ykv_archive\/uploads\/sites\/7\/2019\/02\/Sesam-3978-301018-1024x683.jpg"}],"twitter_card":"summary_large_image","twitter_misc":{"Est. reading time":"1 minute"},"schema":{"@context":"https:\/\/schema.org","@graph":[{"@type":"WebPage","@id":"https:\/\/www.senaatti.fi\/yhteiskuntavastuuraportti2018\/senaatti\/organisaatio\/","url":"https:\/\/www.senaatti.fi\/yhteiskuntavastuuraportti2018\/senaatti\/organisaatio\/","name":"Organisaatio - Yhteiskuntavastuuraportti 2018","isPartOf":{"@id":"https:\/\/www.senaatti.fi\/yhteiskuntavastuuraportti2018\/#website"},"primaryImageOfPage":{"@id":"https:\/\/www.senaatti.fi\/yhteiskuntavastuuraportti2018\/senaatti\/organisaatio\/#primaryimage"},"image":{"@id":"https:\/\/www.senaatti.fi\/yhteiskuntavastuuraportti2018\/senaatti\/organisaatio\/#primaryimage"},"thumbnailUrl":"https:\/\/www.senaatti.fi\/app_ykv_archive\/uploads\/sites\/7\/2019\/02\/Sesam-3978-301018-1024x683.jpg","datePublished":"2018-01-29T11:02:22+00:00","dateModified":"2022-04-12T10:40:49+00:00","breadcrumb":{"@id":"https:\/\/www.senaatti.fi\/yhteiskuntavastuuraportti2018\/senaatti\/organisaatio\/#breadcrumb"},"inLanguage":"en-US","potentialAction":[{"@type":"ReadAction","target":["https:\/\/www.senaatti.fi\/yhteiskuntavastuuraportti2018\/senaatti\/organisaatio\/"]}]},{"@type":"ImageObject","inLanguage":"en-US","@id":"https:\/\/www.senaatti.fi\/yhteiskuntavastuuraportti2018\/senaatti\/organisaatio\/#primaryimage","url":"https:\/\/www.senaatti.fi\/app_ykv_archive\/uploads\/sites\/7\/2019\/02\/Sesam-3978-301018-1024x683.jpg","contentUrl":"https:\/\/www.senaatti.fi\/app_ykv_archive\/uploads\/sites\/7\/2019\/02\/Sesam-3978-301018-1024x683.jpg"},{"@type":"BreadcrumbList","@id":"https:\/\/www.senaatti.fi\/yhteiskuntavastuuraportti2018\/senaatti\/organisaatio\/#breadcrumb","itemListElement":[{"@type":"ListItem","position":1,"name":"Home","item":"https:\/\/www.senaatti.fi\/yhteiskuntavastuuraportti2018\/"},{"@type":"ListItem","position":2,"name":"Senaatti","item":"https:\/\/www.senaatti.fi\/yhteiskuntavastuuraportti2018\/senaatti\/"},{"@type":"ListItem","position":3,"name":"Organisaatio"}]},{"@type":"WebSite","@id":"https:\/\/www.senaatti.fi\/yhteiskuntavastuuraportti2018\/#website","url":"https:\/\/www.senaatti.fi\/yhteiskuntavastuuraportti2018\/","name":"Yhteiskuntavastuuraportti 2018","description":"","potentialAction":[{"@type":"SearchAction","target":{"@type":"EntryPoint","urlTemplate":"https:\/\/www.senaatti.fi\/yhteiskuntavastuuraportti2018\/?s={search_term_string}"},"query-input":{"@type":"PropertyValueSpecification","valueRequired":true,"valueName":"search_term_string"}}],"inLanguage":"en-US"}]}},"_links":{"self":[{"href":"https:\/\/www.senaatti.fi\/yhteiskuntavastuuraportti2018\/wp-json\/wp\/v2\/pages\/39","targetHints":{"allow":["GET"]}}],"collection":[{"href":"https:\/\/www.senaatti.fi\/yhteiskuntavastuuraportti2018\/wp-json\/wp\/v2\/pages"}],"about":[{"href":"https:\/\/www.senaatti.fi\/yhteiskuntavastuuraportti2018\/wp-json\/wp\/v2\/types\/page"}],"author":[{"embeddable":true,"href":"https:\/\/www.senaatti.fi\/yhteiskuntavastuuraportti2018\/wp-json\/wp\/v2\/users\/11"}],"replies":[{"embeddable":true,"href":"https:\/\/www.senaatti.fi\/yhteiskuntavastuuraportti2018\/wp-json\/wp\/v2\/comments?post=39"}],"version-history":[{"count":12,"href":"https:\/\/www.senaatti.fi\/yhteiskuntavastuuraportti2018\/wp-json\/wp\/v2\/pages\/39\/revisions"}],"predecessor-version":[{"id":2405,"href":"https:\/\/www.senaatti.fi\/yhteiskuntavastuuraportti2018\/wp-json\/wp\/v2\/pages\/39\/revisions\/2405"}],"up":[{"embeddable":true,"href":"https:\/\/www.senaatti.fi\/yhteiskuntavastuuraportti2018\/wp-json\/wp\/v2\/pages\/37"}],"wp:attachment":[{"href":"https:\/\/www.senaatti.fi\/yhteiskuntavastuuraportti2018\/wp-json\/wp\/v2\/media?parent=39"}],"curies":[{"name":"wp","href":"https:\/\/api.w.org\/{rel}","templated":true}]}}