{"id":31,"date":"2018-01-29T10:59:31","date_gmt":"2018-01-29T10:59:31","guid":{"rendered":"https:\/\/www.senaatti.fi\/yhteiskuntavastuuraportti2018\/?page_id=31"},"modified":"2024-09-09T06:59:04","modified_gmt":"2024-09-09T06:59:04","slug":"investoinnit","status":"publish","type":"page","link":"https:\/\/www.senaatti.fi\/yhteiskuntavastuuraportti2018\/vuosi-2018\/kiinteistovarallisuus-ja-palvelut\/investoinnit\/","title":{"rendered":"Investoinnit"},"content":{"rendered":"<p>Senaatti-kiinteist\u00f6t peruskorjaa ja uudistaa valtion toimitiloja asiakastarpeiden mukaisesti. Investoinnit ovat viime vuosina painottuneet kiinteist\u00f6jen peruskorjauksiin ja ty\u00f6ymp\u00e4rist\u00f6jen kehitt\u00e4miseen.<\/p>\n<p>Vuoden 2018 investoinnit olivat kokonaisuudessaan 240,3 milj. euroa. Summa jakautui perusparannuksiin ja -korjauksiin 153,5 milj. euroa, uudisinvestointeihin 34,1 milj. euroa, rahastosuorituksiin kiinteist\u00f6osakeyhti\u00f6ille 5,0 milj. euroa sek\u00e4 k\u00e4ytt\u00f6omaisuuden ostoihin 34,6 milj. euroa.<\/p>\n<p>Lis\u00e4ksi investointeihin sis\u00e4ltyy 13,0 milj. euroa Maakuntien tilakeskus Oy:n ja 0,1 milj. euroa Senaatin Asema-alueet Oy:n p\u00e4\u00e4omitusta.<\/p>\n<table class=\"senaatti-table senaatti-table--striped senaatti-table--responsive-stacked rwd-table table table-bordered table-striped migrated-chart-table\">\n<caption>Investoinnit ja liikevaihto 2014-2018, [milj. euroa]<\/caption>\n<thead>\n<tr>\n<th>Vuosi<\/th>\n<th>Liikevaihto<\/th>\n<th>Investoinnit<\/th>\n<\/tr>\n<\/thead>\n<tbody>\n<tr>\n<td>2014<\/td>\n<td>625<\/td>\n<td>234<\/td>\n<\/tr>\n<tr>\n<td>2015<\/td>\n<td>622<\/td>\n<td>268<\/td>\n<\/tr>\n<tr>\n<td>2016<\/td>\n<td>599<\/td>\n<td>258<\/td>\n<\/tr>\n<tr>\n<td>2017<\/td>\n<td>621<\/td>\n<td>238<\/td>\n<\/tr>\n<tr>\n<td>2018<\/td>\n<td>638<\/td>\n<td>240<\/td>\n<\/tr>\n<\/tbody>\n<\/table>\n<table class=\"senaatti-table senaatti-table--striped senaatti-table--responsive-stacked rwd-table table table-bordered table-striped migrated-chart-table\">\n<caption>Investointien osuus toimialan liikevaihdosta<\/caption>\n<thead>\n<tr>\n<th>Toimiala<\/th>\n<th>Investoinnit (milj. euroa)<\/th>\n<th>Investoinnit (%)<\/th>\n<\/tr>\n<\/thead>\n<tbody>\n<tr>\n<td>Puolustus ja turvallisuus<\/td>\n<td>79,2<\/td>\n<td>34,0<\/td>\n<\/tr>\n<tr>\n<td>Ministeri\u00f6t ja erityiskiinteist\u00f6t<\/td>\n<td>69,4<\/td>\n<td>35,0<\/td>\n<\/tr>\n<tr>\n<td>Toimistot<\/td>\n<td>91,6<\/td>\n<td>44,0<\/td>\n<\/tr>\n<\/tbody>\n<\/table>\n<table class=\"senaatti-table senaatti-table--striped senaatti-table--responsive-stacked rwd-table table table-bordered table-striped migrated-chart-table\">\n<caption>Uusinvestoinnit ja peruskorjaukset (milj. euroa)<\/caption>\n<thead>\n<tr>\n<th>Vuosi<\/th>\n<th>Perusparannusinvestoinnit<\/th>\n<th>Uudisrakennusinvestoinnit<\/th>\n<\/tr>\n<\/thead>\n<tbody>\n<tr>\n<td>2014<\/td>\n<td>140<\/td>\n<td>94<\/td>\n<\/tr>\n<tr>\n<td>2015<\/td>\n<td>177<\/td>\n<td>91<\/td>\n<\/tr>\n<tr>\n<td>2016<\/td>\n<td>154<\/td>\n<td>104<\/td>\n<\/tr>\n<tr>\n<td>2017<\/td>\n<td>175<\/td>\n<td>62<\/td>\n<\/tr>\n<tr>\n<td>2018<\/td>\n<td>144<\/td>\n<td>96<\/td>\n<\/tr>\n<\/tbody>\n<\/table>\n<div class=\"senaatti-feature\"><img loading=\"lazy\" decoding=\"async\" width=\"1024\" height=\"427\" src=\"https:\/\/www.senaatti.fi\/app_ykv_archive\/uploads\/sites\/7\/2019\/03\/Joensuu_oikeustalo_14-2200px-1024x427.jpg\" class=\"senaatti-feature__thumbnail wp-post-image\" alt=\"\" srcset=\"https:\/\/www.senaatti.fi\/app_ykv_archive\/uploads\/sites\/7\/2019\/03\/Joensuu_oikeustalo_14-2200px-1024x427.jpg 1024w, https:\/\/www.senaatti.fi\/app_ykv_archive\/uploads\/sites\/7\/2019\/03\/Joensuu_oikeustalo_14-2200px-300x125.jpg 300w, https:\/\/www.senaatti.fi\/app_ykv_archive\/uploads\/sites\/7\/2019\/03\/Joensuu_oikeustalo_14-2200px-768x320.jpg 768w, https:\/\/www.senaatti.fi\/app_ykv_archive\/uploads\/sites\/7\/2019\/03\/Joensuu_oikeustalo_14-2200px-1600x667.jpg 1600w, https:\/\/www.senaatti.fi\/app_ykv_archive\/uploads\/sites\/7\/2019\/03\/Joensuu_oikeustalo_14-2200px.jpg 2200w\" sizes=\"auto, (max-width: 1024px) 100vw, 1024px\" \/><h3 class=\"senaatti-feature__title\">Case: Joensuun oikeus- ja poliisitalo<\/h3><p>Terveys, turvallisuus ja tekniikka ovat Joensuun uuden oikeus- ja poliisitalon t\u00e4rkeimm\u00e4t peruskivet. Henkil\u00f6kunta oli v\u00e4ist\u00f6tiloissa per\u00e4ti kahdeksan vuotta, ja uusi rakennus on merkitt\u00e4v\u00e4 hanke koko maakunnan kannalta.<\/p><a class=\"btn btn-primary senaatti-feature__btn\" href=\"https:\/\/www.senaatti.fi\/tyoymparisto\/inspiraatio\/artikkeli\/kolmen-tarkean-tn-talo\/\" target=\"\">Lue koko artikkeli<\/a><\/div>\n<h2>Suurimmat viime vuonna valmistuneet hankkeet<\/h2>\n<p>Vuoden 2018 aikana valmistui 30 yli miljoonan euron suuruista hanketta, joista suurimmat olivat H\u00e4meen poliisilaitoksen uudet tilat, Lahti (28 milj. euroa), Aleksanterinkatu 4-10, TEM 2 vaihe, Helsinki (21 milj. euroa), Helsingin vankila, selliosastojen perusparannus, Helsinki (20 milj. euroa), Poliisin tilojen peruskorjaus, Lappeenranta (15 milj.euroa) sek\u00e4 Kasarmi 32 peruskorjaus, S\u00e4kyl\u00e4 (9 milj. euroa).<\/p>\n<p>Investoinnit jakautuivat eri toimialojen kesken seuraavasti:<\/p>\n<ul>\n<li>Toimistot 91,6 milj. euroa<\/li>\n<li>Puolustus ja turvallisuus\u00a0 79,2 milj. euroa<\/li>\n<li>Ministeri\u00f6t ja erityiskiinteist\u00f6t\u00a0 69,4 milj. euroa<\/li>\n<\/ul>\n<table class=\"senaatti-table senaatti-table--striped senaatti-table--responsive-stacked rwd-table table table-bordered table-striped migrated-chart-table\">\n<caption>Investointien jakautuminen alueittain 31.12.2018 (milj. euroa)<\/caption>\n<thead>\n<tr>\n<th>Alue<\/th>\n<th>Investoinnit<\/th>\n<\/tr>\n<\/thead>\n<tbody>\n<tr>\n<td>Etel\u00e4-Suomi<\/td>\n<td>121<\/td>\n<\/tr>\n<tr>\n<td>L\u00e4nsi-Suomi<\/td>\n<td>50<\/td>\n<\/tr>\n<tr>\n<td>It\u00e4-Suomi<\/td>\n<td>41<\/td>\n<\/tr>\n<tr>\n<td>Pohjois-Suomi<\/td>\n<td>28<\/td>\n<\/tr>\n<\/tbody>\n<\/table>\n<table width=\"223\">\n<tbody>\n<tr>\n<td width=\"223\"><\/td>\n<\/tr>\n<\/tbody>\n<\/table>\n<p>Valtion linjausten mukaisesti uudisrakentamisen sijaan pyrit\u00e4\u00e4n aina ensisijaisesti hy\u00f6dynt\u00e4m\u00e4\u00e4n olemassa olevaa rakennuskantaa. Mik\u00e4li valtiolla ei ole tarjota sopivaa tilaa, hy\u00f6dynnet\u00e4\u00e4n my\u00f6s yksityisten markkinoiden vapaita toimitiloja.<\/p>\n<p>Investointirahojen k\u00e4yt\u00f6n seuraamiseksi ja tulevien vuosien rahoitustarpeen arvioimiseksi Senaatti-kiinteist\u00f6t on laatinut strategisen investointisuunnitelman hankkeittain nelj\u00e4ksi vuodeksi eteenp\u00e4in. Investointien keskeisen\u00e4 painopisteen\u00e4 on ty\u00f6ymp\u00e4rist\u00f6n parantaminen ja tilatehokkuuden kehitt\u00e4minen.<\/p>\n<p>Senaatti-kiinteist\u00f6jen rakennuttamisprosessin tavoitteena on muun muassa toimintatapojen yhten\u00e4ist\u00e4minen, projektien tehokas hallinta kustannustehokkaasti, hyvien toimintatapojen jalkauttaminen ja valtion toimitilastrategian toteuttamisen tukeminen.<\/p>\n<p>&nbsp;<\/p>\n<table class=\"senaatti-table senaatti-table--striped senaatti-table--responsive-stacked rwd-table table table-bordered table-striped migrated-chart-table\">\n<caption>Investointimenojen kehitys 2014-2018, [milj. euroa]<\/caption>\n<thead>\n<tr>\n<th>Vuosi<\/th>\n<th>milj. euroa<\/th>\n<\/tr>\n<\/thead>\n<tbody>\n<tr>\n<td>2014<\/td>\n<td>234<\/td>\n<\/tr>\n<tr>\n<td>2015<\/td>\n<td>268<\/td>\n<\/tr>\n<tr>\n<td>2016<\/td>\n<td>258<\/td>\n<\/tr>\n<tr>\n<td>2017<\/td>\n<td>238<\/td>\n<\/tr>\n<tr>\n<td>2018<\/td>\n<td>240<\/td>\n<\/tr>\n<\/tbody>\n<\/table>\n<p>&nbsp;<\/p>\n<h2>Digitaalisuus vahvasti mukana my\u00f6s investointihankkeissa<\/h2>\n<p>Vuotta 2018 leimasivat investointien toteuttamiseen liittyv\u00e4t digitaaliset harppaukset.<\/p>\n<p>Vuodena aikana hankittiin toiminnanohjaussovellus, joka toimii sek\u00e4 rakennuttajap\u00e4\u00e4llik\u00f6iden hankejohtamisen ett\u00e4 Senaatin investointikehyksen seurannan keskeisen\u00e4 apuv\u00e4lineen\u00e4. Sovellus otetaan k\u00e4ytt\u00f6\u00f6n vuoden 2019 aikana.<\/p>\n<p>Rakennustiedon kehitt\u00e4m\u00e4 ymp\u00e4rist\u00f6ohjaussovellus on otettu k\u00e4ytt\u00f6\u00f6n Senaatin investointihankkeissa. <a href=\"https:\/\/www.senaatti.fi\/yhteiskuntavastuuraportti2018\/vastuullisuus-senaatissa\/ymparisto\/kestava-rakentaminen\/\">Lue lis\u00e4\u00e4 osiosta kest\u00e4v\u00e4 rakentaminen.<\/a><\/p>\n<p>Senaatti kilpailutti kertomusvuonna havainnollistamispalveluiden kumppanit.\u00a0 Kumppanit tuottavat virtuaalimalleja ja niist\u00e4 tehtyj\u00e4 kuvia, videoita ja interaktiivista web-materiaalia.\u00a0 Havainnollistamisella\u00a0 autamme asiakkataimme muun muassa p\u00e4\u00e4t\u00f6ksenteossa, kun voimme konkretisoida asiakkaalle tilaratkaisut ja miten jokin ratkaisu vaikuttaa kokonaisuuteen.<\/p>\n<p>Digitaalisen kehityksen lis\u00e4ksi panostukset rakennuttamisen johtamisteht\u00e4vien kotiuttamiseen, Senaatti-kiinteist\u00f6jen k\u00e4rkihankeallianssin edelleen kehitt\u00e4miseen sek\u00e4 asiakkaille hankkeen loppuvaiheessa tarjottavaan muuton tuki -palveluun jatkuivat.<\/p>\n","protected":false},"excerpt":{"rendered":"<p>Senaatti-kiinteist\u00f6t peruskorjaa ja uudistaa valtion toimitiloja asiakastarpeiden mukaisesti. Investoinnit ovat viime vuosina painottuneet kiinteist\u00f6jen peruskorjauksiin ja ty\u00f6ymp\u00e4rist\u00f6jen kehitt\u00e4miseen. Vuoden 2018 investoinnit olivat kokonaisuudessaan 240,3 milj. euroa. Summa jakautui perusparannuksiin ja -korjauksiin 153,5 milj. euroa, uudisinvestointeihin 34,1 milj. euroa, rahastosuorituksiin kiinteist\u00f6osakeyhti\u00f6ille 5,0 milj. euroa sek\u00e4 k\u00e4ytt\u00f6omaisuuden ostoihin 34,6 milj. euroa. Lis\u00e4ksi investointeihin sis\u00e4ltyy 13,0 milj. euroa [&hellip;]<\/p>\n","protected":false},"author":11,"featured_media":0,"parent":27,"menu_order":2,"comment_status":"closed","ping_status":"closed","template":"","meta":{"_acf_changed":false,"footnotes":""},"class_list":["post-31","page","type-page","status-publish","hentry","senaatti_tsdg-ihmisarvoista-tyota-ja-talouskasvua"],"acf":[],"yoast_head":"<!-- This site is optimized with the Yoast SEO plugin v23.9 - https:\/\/yoast.com\/wordpress\/plugins\/seo\/ -->\n<title>Investoinnit - Yhteiskuntavastuuraportti 2018<\/title>\n<meta name=\"robots\" content=\"index, follow, max-snippet:-1, max-image-preview:large, max-video-preview:-1\" \/>\n<link rel=\"canonical\" href=\"https:\/\/www.senaatti.fi\/yhteiskuntavastuuraportti2018\/vuosi-2018\/kiinteistovarallisuus-ja-palvelut\/investoinnit\/\" \/>\n<meta property=\"og:locale\" content=\"en_US\" \/>\n<meta property=\"og:type\" content=\"article\" \/>\n<meta property=\"og:title\" content=\"Investoinnit - Yhteiskuntavastuuraportti 2018\" \/>\n<meta property=\"og:description\" content=\"Senaatti-kiinteist\u00f6t peruskorjaa ja uudistaa valtion toimitiloja asiakastarpeiden mukaisesti. Investoinnit ovat viime vuosina painottuneet kiinteist\u00f6jen peruskorjauksiin ja ty\u00f6ymp\u00e4rist\u00f6jen kehitt\u00e4miseen. Vuoden 2018 investoinnit olivat kokonaisuudessaan 240,3 milj. euroa. Summa jakautui perusparannuksiin ja -korjauksiin 153,5 milj. euroa, uudisinvestointeihin 34,1 milj. euroa, rahastosuorituksiin kiinteist\u00f6osakeyhti\u00f6ille 5,0 milj. euroa sek\u00e4 k\u00e4ytt\u00f6omaisuuden ostoihin 34,6 milj. euroa. Lis\u00e4ksi investointeihin sis\u00e4ltyy 13,0 milj. euroa [&hellip;]\" \/>\n<meta property=\"og:url\" content=\"https:\/\/www.senaatti.fi\/yhteiskuntavastuuraportti2018\/vuosi-2018\/kiinteistovarallisuus-ja-palvelut\/investoinnit\/\" \/>\n<meta property=\"og:site_name\" content=\"Yhteiskuntavastuuraportti 2018\" \/>\n<meta property=\"article:modified_time\" content=\"2024-09-09T06:59:04+00:00\" \/>\n<meta name=\"twitter:card\" content=\"summary_large_image\" \/>\n<meta name=\"twitter:label1\" content=\"Est. reading time\" \/>\n\t<meta name=\"twitter:data1\" content=\"2 minutes\" \/>\n<script type=\"application\/ld+json\" class=\"yoast-schema-graph\">{\"@context\":\"https:\/\/schema.org\",\"@graph\":[{\"@type\":\"WebPage\",\"@id\":\"https:\/\/www.senaatti.fi\/yhteiskuntavastuuraportti2018\/vuosi-2018\/kiinteistovarallisuus-ja-palvelut\/investoinnit\/\",\"url\":\"https:\/\/www.senaatti.fi\/yhteiskuntavastuuraportti2018\/vuosi-2018\/kiinteistovarallisuus-ja-palvelut\/investoinnit\/\",\"name\":\"Investoinnit - Yhteiskuntavastuuraportti 2018\",\"isPartOf\":{\"@id\":\"https:\/\/www.senaatti.fi\/yhteiskuntavastuuraportti2018\/#website\"},\"datePublished\":\"2018-01-29T10:59:31+00:00\",\"dateModified\":\"2024-09-09T06:59:04+00:00\",\"breadcrumb\":{\"@id\":\"https:\/\/www.senaatti.fi\/yhteiskuntavastuuraportti2018\/vuosi-2018\/kiinteistovarallisuus-ja-palvelut\/investoinnit\/#breadcrumb\"},\"inLanguage\":\"en-US\",\"potentialAction\":[{\"@type\":\"ReadAction\",\"target\":[\"https:\/\/www.senaatti.fi\/yhteiskuntavastuuraportti2018\/vuosi-2018\/kiinteistovarallisuus-ja-palvelut\/investoinnit\/\"]}]},{\"@type\":\"BreadcrumbList\",\"@id\":\"https:\/\/www.senaatti.fi\/yhteiskuntavastuuraportti2018\/vuosi-2018\/kiinteistovarallisuus-ja-palvelut\/investoinnit\/#breadcrumb\",\"itemListElement\":[{\"@type\":\"ListItem\",\"position\":1,\"name\":\"Home\",\"item\":\"https:\/\/www.senaatti.fi\/yhteiskuntavastuuraportti2018\/\"},{\"@type\":\"ListItem\",\"position\":2,\"name\":\"Vuosi 2018\",\"item\":\"https:\/\/www.senaatti.fi\/yhteiskuntavastuuraportti2018\/vuosi-2018\/\"},{\"@type\":\"ListItem\",\"position\":3,\"name\":\"Kiinteist\u00f6varallisuus ja palvelut\",\"item\":\"https:\/\/www.senaatti.fi\/yhteiskuntavastuuraportti2018\/vuosi-2018\/kiinteistovarallisuus-ja-palvelut\/\"},{\"@type\":\"ListItem\",\"position\":4,\"name\":\"Investoinnit\"}]},{\"@type\":\"WebSite\",\"@id\":\"https:\/\/www.senaatti.fi\/yhteiskuntavastuuraportti2018\/#website\",\"url\":\"https:\/\/www.senaatti.fi\/yhteiskuntavastuuraportti2018\/\",\"name\":\"Yhteiskuntavastuuraportti 2018\",\"description\":\"\",\"potentialAction\":[{\"@type\":\"SearchAction\",\"target\":{\"@type\":\"EntryPoint\",\"urlTemplate\":\"https:\/\/www.senaatti.fi\/yhteiskuntavastuuraportti2018\/?s={search_term_string}\"},\"query-input\":{\"@type\":\"PropertyValueSpecification\",\"valueRequired\":true,\"valueName\":\"search_term_string\"}}],\"inLanguage\":\"en-US\"}]}<\/script>\n<!-- \/ Yoast SEO plugin. -->","yoast_head_json":{"title":"Investoinnit - Yhteiskuntavastuuraportti 2018","robots":{"index":"index","follow":"follow","max-snippet":"max-snippet:-1","max-image-preview":"max-image-preview:large","max-video-preview":"max-video-preview:-1"},"canonical":"https:\/\/www.senaatti.fi\/yhteiskuntavastuuraportti2018\/vuosi-2018\/kiinteistovarallisuus-ja-palvelut\/investoinnit\/","og_locale":"en_US","og_type":"article","og_title":"Investoinnit - Yhteiskuntavastuuraportti 2018","og_description":"Senaatti-kiinteist\u00f6t peruskorjaa ja uudistaa valtion toimitiloja asiakastarpeiden mukaisesti. Investoinnit ovat viime vuosina painottuneet kiinteist\u00f6jen peruskorjauksiin ja ty\u00f6ymp\u00e4rist\u00f6jen kehitt\u00e4miseen. Vuoden 2018 investoinnit olivat kokonaisuudessaan 240,3 milj. euroa. Summa jakautui perusparannuksiin ja -korjauksiin 153,5 milj. euroa, uudisinvestointeihin 34,1 milj. euroa, rahastosuorituksiin kiinteist\u00f6osakeyhti\u00f6ille 5,0 milj. euroa sek\u00e4 k\u00e4ytt\u00f6omaisuuden ostoihin 34,6 milj. euroa. Lis\u00e4ksi investointeihin sis\u00e4ltyy 13,0 milj. euroa [&hellip;]","og_url":"https:\/\/www.senaatti.fi\/yhteiskuntavastuuraportti2018\/vuosi-2018\/kiinteistovarallisuus-ja-palvelut\/investoinnit\/","og_site_name":"Yhteiskuntavastuuraportti 2018","article_modified_time":"2024-09-09T06:59:04+00:00","twitter_card":"summary_large_image","twitter_misc":{"Est. reading time":"2 minutes"},"schema":{"@context":"https:\/\/schema.org","@graph":[{"@type":"WebPage","@id":"https:\/\/www.senaatti.fi\/yhteiskuntavastuuraportti2018\/vuosi-2018\/kiinteistovarallisuus-ja-palvelut\/investoinnit\/","url":"https:\/\/www.senaatti.fi\/yhteiskuntavastuuraportti2018\/vuosi-2018\/kiinteistovarallisuus-ja-palvelut\/investoinnit\/","name":"Investoinnit - Yhteiskuntavastuuraportti 2018","isPartOf":{"@id":"https:\/\/www.senaatti.fi\/yhteiskuntavastuuraportti2018\/#website"},"datePublished":"2018-01-29T10:59:31+00:00","dateModified":"2024-09-09T06:59:04+00:00","breadcrumb":{"@id":"https:\/\/www.senaatti.fi\/yhteiskuntavastuuraportti2018\/vuosi-2018\/kiinteistovarallisuus-ja-palvelut\/investoinnit\/#breadcrumb"},"inLanguage":"en-US","potentialAction":[{"@type":"ReadAction","target":["https:\/\/www.senaatti.fi\/yhteiskuntavastuuraportti2018\/vuosi-2018\/kiinteistovarallisuus-ja-palvelut\/investoinnit\/"]}]},{"@type":"BreadcrumbList","@id":"https:\/\/www.senaatti.fi\/yhteiskuntavastuuraportti2018\/vuosi-2018\/kiinteistovarallisuus-ja-palvelut\/investoinnit\/#breadcrumb","itemListElement":[{"@type":"ListItem","position":1,"name":"Home","item":"https:\/\/www.senaatti.fi\/yhteiskuntavastuuraportti2018\/"},{"@type":"ListItem","position":2,"name":"Vuosi 2018","item":"https:\/\/www.senaatti.fi\/yhteiskuntavastuuraportti2018\/vuosi-2018\/"},{"@type":"ListItem","position":3,"name":"Kiinteist\u00f6varallisuus ja palvelut","item":"https:\/\/www.senaatti.fi\/yhteiskuntavastuuraportti2018\/vuosi-2018\/kiinteistovarallisuus-ja-palvelut\/"},{"@type":"ListItem","position":4,"name":"Investoinnit"}]},{"@type":"WebSite","@id":"https:\/\/www.senaatti.fi\/yhteiskuntavastuuraportti2018\/#website","url":"https:\/\/www.senaatti.fi\/yhteiskuntavastuuraportti2018\/","name":"Yhteiskuntavastuuraportti 2018","description":"","potentialAction":[{"@type":"SearchAction","target":{"@type":"EntryPoint","urlTemplate":"https:\/\/www.senaatti.fi\/yhteiskuntavastuuraportti2018\/?s={search_term_string}"},"query-input":{"@type":"PropertyValueSpecification","valueRequired":true,"valueName":"search_term_string"}}],"inLanguage":"en-US"}]}},"_links":{"self":[{"href":"https:\/\/www.senaatti.fi\/yhteiskuntavastuuraportti2018\/wp-json\/wp\/v2\/pages\/31","targetHints":{"allow":["GET"]}}],"collection":[{"href":"https:\/\/www.senaatti.fi\/yhteiskuntavastuuraportti2018\/wp-json\/wp\/v2\/pages"}],"about":[{"href":"https:\/\/www.senaatti.fi\/yhteiskuntavastuuraportti2018\/wp-json\/wp\/v2\/types\/page"}],"author":[{"embeddable":true,"href":"https:\/\/www.senaatti.fi\/yhteiskuntavastuuraportti2018\/wp-json\/wp\/v2\/users\/11"}],"replies":[{"embeddable":true,"href":"https:\/\/www.senaatti.fi\/yhteiskuntavastuuraportti2018\/wp-json\/wp\/v2\/comments?post=31"}],"version-history":[{"count":12,"href":"https:\/\/www.senaatti.fi\/yhteiskuntavastuuraportti2018\/wp-json\/wp\/v2\/pages\/31\/revisions"}],"predecessor-version":[{"id":2445,"href":"https:\/\/www.senaatti.fi\/yhteiskuntavastuuraportti2018\/wp-json\/wp\/v2\/pages\/31\/revisions\/2445"}],"up":[{"embeddable":true,"href":"https:\/\/www.senaatti.fi\/yhteiskuntavastuuraportti2018\/wp-json\/wp\/v2\/pages\/27"}],"wp:attachment":[{"href":"https:\/\/www.senaatti.fi\/yhteiskuntavastuuraportti2018\/wp-json\/wp\/v2\/media?parent=31"}],"curies":[{"name":"wp","href":"https:\/\/api.w.org\/{rel}","templated":true}]}}