{"id":27,"date":"2018-01-29T10:58:57","date_gmt":"2018-01-29T10:58:57","guid":{"rendered":"https:\/\/www.senaatti.fi\/yhteiskuntavastuuraportti2018\/?page_id=27"},"modified":"2024-09-09T06:56:47","modified_gmt":"2024-09-09T06:56:47","slug":"kiinteistovarallisuus-ja-palvelut","status":"publish","type":"page","link":"https:\/\/www.senaatti.fi\/yhteiskuntavastuuraportti2018\/vuosi-2018\/kiinteistovarallisuus-ja-palvelut\/","title":{"rendered":"Kiinteist\u00f6varallisuus ja palvelut"},"content":{"rendered":"<p><img loading=\"lazy\" decoding=\"async\" class=\"size-large wp-image-1790 alignnone\" src=\"https:\/\/www.senaatti.fi\/app_ykv_archive\/uploads\/sites\/7\/2019\/03\/kiinteisto-1024x512.jpg\" alt=\"kivitalon sein\u00e4\u00e4 ja ikkunoita\" width=\"1024\" height=\"512\" srcset=\"https:\/\/www.senaatti.fi\/app_ykv_archive\/uploads\/sites\/7\/2019\/03\/kiinteisto-1024x512.jpg 1024w, https:\/\/www.senaatti.fi\/app_ykv_archive\/uploads\/sites\/7\/2019\/03\/kiinteisto-300x150.jpg 300w, https:\/\/www.senaatti.fi\/app_ykv_archive\/uploads\/sites\/7\/2019\/03\/kiinteisto-768x384.jpg 768w, https:\/\/www.senaatti.fi\/app_ykv_archive\/uploads\/sites\/7\/2019\/03\/kiinteisto-1600x800.jpg 1600w, https:\/\/www.senaatti.fi\/app_ykv_archive\/uploads\/sites\/7\/2019\/03\/kiinteisto.jpg 2200w\" sizes=\"auto, (max-width: 1024px) 100vw, 1024px\" \/><\/p>\n<p>Senaatti-kiinteist\u00f6jen hallinnassa on noin 9 000 rakennusta.\u00a0 Kiinteist\u00f6kanta on monipuolinen aina toimistotiloista ja arvorakennuksista asiakkaiden erityistarpeisiin suunnattuihin tiloihin. Vastuullamme on hallinnassamme olevan kiinteist\u00f6varallisuuden kehitt\u00e4minen sek\u00e4 arvon ja k\u00e4ytett\u00e4vyyden s\u00e4ilytt\u00e4minen.\u00a0 Tavoitteenamme on, ett\u00e4 kiinteist\u00f6jen yll\u00e4pito toteutetaan optimaalisin kustannuksin volyymietu huomioiden ja saavutamme asetetut kulutustavoitteet. Vuokraamme toimitiloja valtionhallinnon virastoille ja laitoksille ja tuotamme kiinteist\u00f6ihin asiakkaiden tarvitsemat palvelut.<\/p>\n<h3>Kiinteist\u00f6omaisuus vuonna 2018:<\/h3>\n<ul>\n<li>Kiinteist\u00f6omaisuuden tasearvo vuoden lopussa oli 4,2 miljardia euroa.<\/li>\n<li>Vuokrattava pinta-ala vuoden lopussa oli 5,9 milj. neli\u00f6metri\u00e4<\/li>\n<li>Rakennusten m\u00e4\u00e4r\u00e4 9 000.<\/li>\n<\/ul>\n<p>&nbsp;<\/p>\n<table class=\"senaatti-table senaatti-table--striped senaatti-table--responsive-stacked rwd-table table table-bordered table-striped migrated-chart-table\">\n<caption>Kiinteist\u00f6omaisuus toimialoittain 31.12.2018 (milj. euroa)<\/caption>\n<thead>\n<tr>\n<th>Toimiala<\/th>\n<th>Kiinteist\u00f6omaisuus<\/th>\n<\/tr>\n<\/thead>\n<tbody>\n<tr>\n<td>Puolustus ja turvallisuus<\/td>\n<td>1612<\/td>\n<\/tr>\n<tr>\n<td>Ministeri\u00f6t ja erityiskiinteist\u00f6t<\/td>\n<td>1490<\/td>\n<\/tr>\n<tr>\n<td>Toimistot<\/td>\n<td>1141<\/td>\n<\/tr>\n<\/tbody>\n<\/table>\n<table class=\"senaatti-table senaatti-table--striped senaatti-table--responsive-stacked rwd-table table table-bordered table-striped migrated-chart-table\">\n<caption>Kiinteist\u00f6omaisuus alueittain 31.12.2018 (milj. euroa)<\/caption>\n<thead>\n<tr>\n<th>Alue<\/th>\n<th>Kiinteist\u00f6omaisuus<\/th>\n<\/tr>\n<\/thead>\n<tbody>\n<tr>\n<td>Etel\u00e4-Suomi<\/td>\n<td>1895<\/td>\n<\/tr>\n<tr>\n<td>L\u00e4nsi-Suomi<\/td>\n<td>1176<\/td>\n<\/tr>\n<tr>\n<td>It\u00e4-Suomi<\/td>\n<td>803<\/td>\n<\/tr>\n<tr>\n<td>Pohjois-Suomi<\/td>\n<td>368<\/td>\n<\/tr>\n<\/tbody>\n<\/table>\n<table class=\"senaatti-table senaatti-table--striped senaatti-table--responsive-stacked rwd-table table table-bordered table-striped migrated-chart-table\">\n<caption>Vuokrattava pinta-ala toimialoittain 31.12.2018 (milj. m\u00b2)<\/caption>\n<thead>\n<tr>\n<th>Toimiala<\/th>\n<th>Pinta-ala<\/th>\n<\/tr>\n<\/thead>\n<tbody>\n<tr>\n<td>Puolustus ja turvallisuus<\/td>\n<td>3.7<\/td>\n<\/tr>\n<tr>\n<td>Ministeri\u00f6t ja erityiskiinteist\u00f6t<\/td>\n<td>1.1<\/td>\n<\/tr>\n<tr>\n<td>Toimistot<\/td>\n<td>1.2<\/td>\n<\/tr>\n<\/tbody>\n<\/table>\n<table class=\"senaatti-table senaatti-table--striped senaatti-table--responsive-stacked rwd-table table table-bordered table-striped migrated-chart-table\">\n<caption>Vuokrattava pinta-ala alueittain 31.12.2018 (milj. m\u00b2)<\/caption>\n<thead>\n<tr>\n<th>Alue<\/th>\n<th>Pinta-ala<\/th>\n<\/tr>\n<\/thead>\n<tbody>\n<tr>\n<td>Etel\u00e4-Suomi<\/td>\n<td>1.6<\/td>\n<\/tr>\n<tr>\n<td>L\u00e4nsi-Suomi<\/td>\n<td>2.2<\/td>\n<\/tr>\n<tr>\n<td>It\u00e4-Suomi<\/td>\n<td>1.2<\/td>\n<\/tr>\n<tr>\n<td>Pohjois-Suomi<\/td>\n<td>0.9<\/td>\n<\/tr>\n<\/tbody>\n<\/table>\n","protected":false},"excerpt":{"rendered":"<p>Senaatti-kiinteist\u00f6jen hallinnassa on noin 9 000 rakennusta.\u00a0 Kiinteist\u00f6kanta on monipuolinen aina toimistotiloista ja arvorakennuksista asiakkaiden erityistarpeisiin suunnattuihin tiloihin. Vastuullamme on hallinnassamme olevan kiinteist\u00f6varallisuuden kehitt\u00e4minen sek\u00e4 arvon ja k\u00e4ytett\u00e4vyyden s\u00e4ilytt\u00e4minen.\u00a0 Tavoitteenamme on, ett\u00e4 kiinteist\u00f6jen yll\u00e4pito toteutetaan optimaalisin kustannuksin volyymietu huomioiden ja saavutamme asetetut kulutustavoitteet. Vuokraamme toimitiloja valtionhallinnon virastoille ja laitoksille ja tuotamme kiinteist\u00f6ihin asiakkaiden tarvitsemat palvelut. [&hellip;]<\/p>\n","protected":false},"author":11,"featured_media":0,"parent":5,"menu_order":6,"comment_status":"closed","ping_status":"closed","template":"","meta":{"_acf_changed":false,"footnotes":""},"class_list":["post-27","page","type-page","status-publish","hentry"],"acf":[],"yoast_head":"<!-- This site is optimized with the Yoast SEO plugin v23.9 - https:\/\/yoast.com\/wordpress\/plugins\/seo\/ -->\n<title>Kiinteist\u00f6varallisuus ja palvelut - Yhteiskuntavastuuraportti 2018<\/title>\n<meta name=\"robots\" content=\"index, follow, max-snippet:-1, max-image-preview:large, max-video-preview:-1\" \/>\n<link rel=\"canonical\" href=\"https:\/\/www.senaatti.fi\/yhteiskuntavastuuraportti2018\/vuosi-2018\/kiinteistovarallisuus-ja-palvelut\/\" \/>\n<meta property=\"og:locale\" content=\"en_US\" \/>\n<meta property=\"og:type\" content=\"article\" \/>\n<meta property=\"og:title\" content=\"Kiinteist\u00f6varallisuus ja palvelut - Yhteiskuntavastuuraportti 2018\" \/>\n<meta property=\"og:description\" content=\"Senaatti-kiinteist\u00f6jen hallinnassa on noin 9 000 rakennusta.\u00a0 Kiinteist\u00f6kanta on monipuolinen aina toimistotiloista ja arvorakennuksista asiakkaiden erityistarpeisiin suunnattuihin tiloihin. Vastuullamme on hallinnassamme olevan kiinteist\u00f6varallisuuden kehitt\u00e4minen sek\u00e4 arvon ja k\u00e4ytett\u00e4vyyden s\u00e4ilytt\u00e4minen.\u00a0 Tavoitteenamme on, ett\u00e4 kiinteist\u00f6jen yll\u00e4pito toteutetaan optimaalisin kustannuksin volyymietu huomioiden ja saavutamme asetetut kulutustavoitteet. Vuokraamme toimitiloja valtionhallinnon virastoille ja laitoksille ja tuotamme kiinteist\u00f6ihin asiakkaiden tarvitsemat palvelut. [&hellip;]\" \/>\n<meta property=\"og:url\" content=\"https:\/\/www.senaatti.fi\/yhteiskuntavastuuraportti2018\/vuosi-2018\/kiinteistovarallisuus-ja-palvelut\/\" \/>\n<meta property=\"og:site_name\" content=\"Yhteiskuntavastuuraportti 2018\" \/>\n<meta property=\"article:modified_time\" content=\"2024-09-09T06:56:47+00:00\" \/>\n<meta property=\"og:image\" content=\"https:\/\/www.senaatti.fi\/app_ykv_archive\/uploads\/sites\/7\/2019\/03\/kiinteisto-1024x512.jpg\" \/>\n<meta name=\"twitter:card\" content=\"summary_large_image\" \/>\n<meta name=\"twitter:label1\" content=\"Est. reading time\" \/>\n\t<meta name=\"twitter:data1\" content=\"1 minute\" \/>\n<script type=\"application\/ld+json\" class=\"yoast-schema-graph\">{\"@context\":\"https:\/\/schema.org\",\"@graph\":[{\"@type\":\"WebPage\",\"@id\":\"https:\/\/www.senaatti.fi\/yhteiskuntavastuuraportti2018\/vuosi-2018\/kiinteistovarallisuus-ja-palvelut\/\",\"url\":\"https:\/\/www.senaatti.fi\/yhteiskuntavastuuraportti2018\/vuosi-2018\/kiinteistovarallisuus-ja-palvelut\/\",\"name\":\"Kiinteist\u00f6varallisuus ja palvelut - Yhteiskuntavastuuraportti 2018\",\"isPartOf\":{\"@id\":\"https:\/\/www.senaatti.fi\/yhteiskuntavastuuraportti2018\/#website\"},\"primaryImageOfPage\":{\"@id\":\"https:\/\/www.senaatti.fi\/yhteiskuntavastuuraportti2018\/vuosi-2018\/kiinteistovarallisuus-ja-palvelut\/#primaryimage\"},\"image\":{\"@id\":\"https:\/\/www.senaatti.fi\/yhteiskuntavastuuraportti2018\/vuosi-2018\/kiinteistovarallisuus-ja-palvelut\/#primaryimage\"},\"thumbnailUrl\":\"https:\/\/www.senaatti.fi\/app_ykv_archive\/uploads\/sites\/7\/2019\/03\/kiinteisto-1024x512.jpg\",\"datePublished\":\"2018-01-29T10:58:57+00:00\",\"dateModified\":\"2024-09-09T06:56:47+00:00\",\"breadcrumb\":{\"@id\":\"https:\/\/www.senaatti.fi\/yhteiskuntavastuuraportti2018\/vuosi-2018\/kiinteistovarallisuus-ja-palvelut\/#breadcrumb\"},\"inLanguage\":\"en-US\",\"potentialAction\":[{\"@type\":\"ReadAction\",\"target\":[\"https:\/\/www.senaatti.fi\/yhteiskuntavastuuraportti2018\/vuosi-2018\/kiinteistovarallisuus-ja-palvelut\/\"]}]},{\"@type\":\"ImageObject\",\"inLanguage\":\"en-US\",\"@id\":\"https:\/\/www.senaatti.fi\/yhteiskuntavastuuraportti2018\/vuosi-2018\/kiinteistovarallisuus-ja-palvelut\/#primaryimage\",\"url\":\"https:\/\/www.senaatti.fi\/app_ykv_archive\/uploads\/sites\/7\/2019\/03\/kiinteisto-1024x512.jpg\",\"contentUrl\":\"https:\/\/www.senaatti.fi\/app_ykv_archive\/uploads\/sites\/7\/2019\/03\/kiinteisto-1024x512.jpg\"},{\"@type\":\"BreadcrumbList\",\"@id\":\"https:\/\/www.senaatti.fi\/yhteiskuntavastuuraportti2018\/vuosi-2018\/kiinteistovarallisuus-ja-palvelut\/#breadcrumb\",\"itemListElement\":[{\"@type\":\"ListItem\",\"position\":1,\"name\":\"Home\",\"item\":\"https:\/\/www.senaatti.fi\/yhteiskuntavastuuraportti2018\/\"},{\"@type\":\"ListItem\",\"position\":2,\"name\":\"Vuosi 2018\",\"item\":\"https:\/\/www.senaatti.fi\/yhteiskuntavastuuraportti2018\/vuosi-2018\/\"},{\"@type\":\"ListItem\",\"position\":3,\"name\":\"Kiinteist\u00f6varallisuus ja palvelut\"}]},{\"@type\":\"WebSite\",\"@id\":\"https:\/\/www.senaatti.fi\/yhteiskuntavastuuraportti2018\/#website\",\"url\":\"https:\/\/www.senaatti.fi\/yhteiskuntavastuuraportti2018\/\",\"name\":\"Yhteiskuntavastuuraportti 2018\",\"description\":\"\",\"potentialAction\":[{\"@type\":\"SearchAction\",\"target\":{\"@type\":\"EntryPoint\",\"urlTemplate\":\"https:\/\/www.senaatti.fi\/yhteiskuntavastuuraportti2018\/?s={search_term_string}\"},\"query-input\":{\"@type\":\"PropertyValueSpecification\",\"valueRequired\":true,\"valueName\":\"search_term_string\"}}],\"inLanguage\":\"en-US\"}]}<\/script>\n<!-- \/ Yoast SEO plugin. -->","yoast_head_json":{"title":"Kiinteist\u00f6varallisuus ja palvelut - Yhteiskuntavastuuraportti 2018","robots":{"index":"index","follow":"follow","max-snippet":"max-snippet:-1","max-image-preview":"max-image-preview:large","max-video-preview":"max-video-preview:-1"},"canonical":"https:\/\/www.senaatti.fi\/yhteiskuntavastuuraportti2018\/vuosi-2018\/kiinteistovarallisuus-ja-palvelut\/","og_locale":"en_US","og_type":"article","og_title":"Kiinteist\u00f6varallisuus ja palvelut - Yhteiskuntavastuuraportti 2018","og_description":"Senaatti-kiinteist\u00f6jen hallinnassa on noin 9 000 rakennusta.\u00a0 Kiinteist\u00f6kanta on monipuolinen aina toimistotiloista ja arvorakennuksista asiakkaiden erityistarpeisiin suunnattuihin tiloihin. Vastuullamme on hallinnassamme olevan kiinteist\u00f6varallisuuden kehitt\u00e4minen sek\u00e4 arvon ja k\u00e4ytett\u00e4vyyden s\u00e4ilytt\u00e4minen.\u00a0 Tavoitteenamme on, ett\u00e4 kiinteist\u00f6jen yll\u00e4pito toteutetaan optimaalisin kustannuksin volyymietu huomioiden ja saavutamme asetetut kulutustavoitteet. Vuokraamme toimitiloja valtionhallinnon virastoille ja laitoksille ja tuotamme kiinteist\u00f6ihin asiakkaiden tarvitsemat palvelut. [&hellip;]","og_url":"https:\/\/www.senaatti.fi\/yhteiskuntavastuuraportti2018\/vuosi-2018\/kiinteistovarallisuus-ja-palvelut\/","og_site_name":"Yhteiskuntavastuuraportti 2018","article_modified_time":"2024-09-09T06:56:47+00:00","og_image":[{"url":"https:\/\/www.senaatti.fi\/app_ykv_archive\/uploads\/sites\/7\/2019\/03\/kiinteisto-1024x512.jpg"}],"twitter_card":"summary_large_image","twitter_misc":{"Est. reading time":"1 minute"},"schema":{"@context":"https:\/\/schema.org","@graph":[{"@type":"WebPage","@id":"https:\/\/www.senaatti.fi\/yhteiskuntavastuuraportti2018\/vuosi-2018\/kiinteistovarallisuus-ja-palvelut\/","url":"https:\/\/www.senaatti.fi\/yhteiskuntavastuuraportti2018\/vuosi-2018\/kiinteistovarallisuus-ja-palvelut\/","name":"Kiinteist\u00f6varallisuus ja palvelut - Yhteiskuntavastuuraportti 2018","isPartOf":{"@id":"https:\/\/www.senaatti.fi\/yhteiskuntavastuuraportti2018\/#website"},"primaryImageOfPage":{"@id":"https:\/\/www.senaatti.fi\/yhteiskuntavastuuraportti2018\/vuosi-2018\/kiinteistovarallisuus-ja-palvelut\/#primaryimage"},"image":{"@id":"https:\/\/www.senaatti.fi\/yhteiskuntavastuuraportti2018\/vuosi-2018\/kiinteistovarallisuus-ja-palvelut\/#primaryimage"},"thumbnailUrl":"https:\/\/www.senaatti.fi\/app_ykv_archive\/uploads\/sites\/7\/2019\/03\/kiinteisto-1024x512.jpg","datePublished":"2018-01-29T10:58:57+00:00","dateModified":"2024-09-09T06:56:47+00:00","breadcrumb":{"@id":"https:\/\/www.senaatti.fi\/yhteiskuntavastuuraportti2018\/vuosi-2018\/kiinteistovarallisuus-ja-palvelut\/#breadcrumb"},"inLanguage":"en-US","potentialAction":[{"@type":"ReadAction","target":["https:\/\/www.senaatti.fi\/yhteiskuntavastuuraportti2018\/vuosi-2018\/kiinteistovarallisuus-ja-palvelut\/"]}]},{"@type":"ImageObject","inLanguage":"en-US","@id":"https:\/\/www.senaatti.fi\/yhteiskuntavastuuraportti2018\/vuosi-2018\/kiinteistovarallisuus-ja-palvelut\/#primaryimage","url":"https:\/\/www.senaatti.fi\/app_ykv_archive\/uploads\/sites\/7\/2019\/03\/kiinteisto-1024x512.jpg","contentUrl":"https:\/\/www.senaatti.fi\/app_ykv_archive\/uploads\/sites\/7\/2019\/03\/kiinteisto-1024x512.jpg"},{"@type":"BreadcrumbList","@id":"https:\/\/www.senaatti.fi\/yhteiskuntavastuuraportti2018\/vuosi-2018\/kiinteistovarallisuus-ja-palvelut\/#breadcrumb","itemListElement":[{"@type":"ListItem","position":1,"name":"Home","item":"https:\/\/www.senaatti.fi\/yhteiskuntavastuuraportti2018\/"},{"@type":"ListItem","position":2,"name":"Vuosi 2018","item":"https:\/\/www.senaatti.fi\/yhteiskuntavastuuraportti2018\/vuosi-2018\/"},{"@type":"ListItem","position":3,"name":"Kiinteist\u00f6varallisuus ja palvelut"}]},{"@type":"WebSite","@id":"https:\/\/www.senaatti.fi\/yhteiskuntavastuuraportti2018\/#website","url":"https:\/\/www.senaatti.fi\/yhteiskuntavastuuraportti2018\/","name":"Yhteiskuntavastuuraportti 2018","description":"","potentialAction":[{"@type":"SearchAction","target":{"@type":"EntryPoint","urlTemplate":"https:\/\/www.senaatti.fi\/yhteiskuntavastuuraportti2018\/?s={search_term_string}"},"query-input":{"@type":"PropertyValueSpecification","valueRequired":true,"valueName":"search_term_string"}}],"inLanguage":"en-US"}]}},"_links":{"self":[{"href":"https:\/\/www.senaatti.fi\/yhteiskuntavastuuraportti2018\/wp-json\/wp\/v2\/pages\/27","targetHints":{"allow":["GET"]}}],"collection":[{"href":"https:\/\/www.senaatti.fi\/yhteiskuntavastuuraportti2018\/wp-json\/wp\/v2\/pages"}],"about":[{"href":"https:\/\/www.senaatti.fi\/yhteiskuntavastuuraportti2018\/wp-json\/wp\/v2\/types\/page"}],"author":[{"embeddable":true,"href":"https:\/\/www.senaatti.fi\/yhteiskuntavastuuraportti2018\/wp-json\/wp\/v2\/users\/11"}],"replies":[{"embeddable":true,"href":"https:\/\/www.senaatti.fi\/yhteiskuntavastuuraportti2018\/wp-json\/wp\/v2\/comments?post=27"}],"version-history":[{"count":11,"href":"https:\/\/www.senaatti.fi\/yhteiskuntavastuuraportti2018\/wp-json\/wp\/v2\/pages\/27\/revisions"}],"predecessor-version":[{"id":2443,"href":"https:\/\/www.senaatti.fi\/yhteiskuntavastuuraportti2018\/wp-json\/wp\/v2\/pages\/27\/revisions\/2443"}],"up":[{"embeddable":true,"href":"https:\/\/www.senaatti.fi\/yhteiskuntavastuuraportti2018\/wp-json\/wp\/v2\/pages\/5"}],"wp:attachment":[{"href":"https:\/\/www.senaatti.fi\/yhteiskuntavastuuraportti2018\/wp-json\/wp\/v2\/media?parent=27"}],"curies":[{"name":"wp","href":"https:\/\/api.w.org\/{rel}","templated":true}]}}