{"id":23,"date":"2018-01-29T10:58:23","date_gmt":"2018-01-29T10:58:23","guid":{"rendered":"https:\/\/www.senaatti.fi\/yhteiskuntavastuuraportti2018\/?page_id=23"},"modified":"2019-03-20T14:30:49","modified_gmt":"2019-03-20T14:30:49","slug":"tyollistamisjalanjalki","status":"publish","type":"page","link":"https:\/\/www.senaatti.fi\/yhteiskuntavastuuraportti2018\/vuosi-2018\/yhteiskunnalliset-rahavirrat\/tyollistamisjalanjalki\/","title":{"rendered":"Ty\u00f6llist\u00e4misjalanj\u00e4lki"},"content":{"rendered":"<p><img loading=\"lazy\" decoding=\"async\" class=\"size-large wp-image-1497 alignnone\" src=\"https:\/\/www.senaatti.fi\/app_ykv_archive\/uploads\/sites\/7\/2019\/03\/ty\u00f6ntekij\u00e4-1024x463.jpg\" alt=\"\" width=\"1024\" height=\"463\" srcset=\"https:\/\/www.senaatti.fi\/app_ykv_archive\/uploads\/sites\/7\/2019\/03\/ty\u00f6ntekij\u00e4-1024x463.jpg 1024w, https:\/\/www.senaatti.fi\/app_ykv_archive\/uploads\/sites\/7\/2019\/03\/ty\u00f6ntekij\u00e4-300x136.jpg 300w, https:\/\/www.senaatti.fi\/app_ykv_archive\/uploads\/sites\/7\/2019\/03\/ty\u00f6ntekij\u00e4-768x347.jpg 768w, https:\/\/www.senaatti.fi\/app_ykv_archive\/uploads\/sites\/7\/2019\/03\/ty\u00f6ntekij\u00e4-1600x724.jpg 1600w, https:\/\/www.senaatti.fi\/app_ykv_archive\/uploads\/sites\/7\/2019\/03\/ty\u00f6ntekij\u00e4.jpg 2200w\" sizes=\"auto, (max-width: 1024px) 100vw, 1024px\" \/><\/p>\n<p>Senaatti-kiinteist\u00f6t ty\u00f6llist\u00e4\u00e4 merkitt\u00e4v\u00e4n m\u00e4\u00e4r\u00e4n kiinteist\u00f6- ja rakennusalan toimijoita.<\/p>\n<blockquote><p>Senaatin ty\u00f6llist\u00e4vyysvaikutukset ilman omaa henkil\u00f6st\u00f6\u00e4 (337 htv) vuonna 2018 olivat l\u00e4hes 3\u00a0200 (3\u00a0300) henkil\u00f6ty\u00f6vuotta (htv).<\/p><\/blockquote>\n<p>Ty\u00f6llist\u00e4vyysvaikutus laski vuoteen 2017 verrattuna Valtion talouden tutkimuskeskuksen (VATT) laatimien laskentamallien mukaan.<\/p>\n<p>Senaatin ty\u00f6llist\u00e4vyysvaikutuslaskenta perustuu VATTin tekem\u00e4\u00e4n laskentamalliin, jossa on tarkasteltu VATTin panos-tuotos-aineistoja Senaatin p\u00e4\u00e4toimialoilta, joita ovat muun muassa rakentaminen ja kiinteist\u00f6n- ja maisemanhoito. Mallin avulla voidaan laskea ty\u00f6llist\u00e4vyysvaikutukset toteutuneiden kustannusten perusteella.<\/p>\n<p>Senaatti-kiinteist\u00f6jen rakennusalaa ty\u00f6llist\u00e4v\u00e4t investoinnit perusparannukset ja uudisrakentaminen laskivat vuonna 2018 edellisvuoteen verrattuna ja olivat 1 400 (1 700) henkil\u00f6ty\u00f6vuotta.<\/p>\n<p>Senaatti panosti kunnossapitokorjauksiin 22 milj. euroa edellisvuotta enemm\u00e4n.<\/p>\n<p>Yleinen taloudellinen tilanne on ohjannut valtion virastojen ja laitosten toimintaa siten, ett\u00e4 p\u00e4\u00e4s\u00e4\u00e4nt\u00f6isesti vain v\u00e4ltt\u00e4m\u00e4tt\u00f6m\u00e4t ja tilatehokkuutta lis\u00e4\u00e4v\u00e4t investoinnit edenneet p\u00e4\u00e4t\u00f6ksenteossa<\/p>\n","protected":false},"excerpt":{"rendered":"<p>Senaatti-kiinteist\u00f6t ty\u00f6llist\u00e4\u00e4 merkitt\u00e4v\u00e4n m\u00e4\u00e4r\u00e4n kiinteist\u00f6- ja rakennusalan toimijoita. Senaatin ty\u00f6llist\u00e4vyysvaikutukset ilman omaa henkil\u00f6st\u00f6\u00e4 (337 htv) vuonna 2018 olivat l\u00e4hes 3\u00a0200 (3\u00a0300) henkil\u00f6ty\u00f6vuotta (htv). Ty\u00f6llist\u00e4vyysvaikutus laski vuoteen 2017 verrattuna Valtion talouden tutkimuskeskuksen (VATT) laatimien laskentamallien mukaan. Senaatin ty\u00f6llist\u00e4vyysvaikutuslaskenta perustuu VATTin tekem\u00e4\u00e4n laskentamalliin, jossa on tarkasteltu VATTin panos-tuotos-aineistoja Senaatin p\u00e4\u00e4toimialoilta, joita ovat muun muassa rakentaminen ja kiinteist\u00f6n- [&hellip;]<\/p>\n","protected":false},"author":11,"featured_media":0,"parent":19,"menu_order":2,"comment_status":"closed","ping_status":"closed","template":"","meta":{"_acf_changed":false,"footnotes":""},"class_list":["post-23","page","type-page","status-publish","hentry","senaatti_tsdg-ihmisarvoista-tyota-ja-talouskasvua"],"acf":[],"yoast_head":"<!-- This site is optimized with the Yoast SEO plugin v23.9 - https:\/\/yoast.com\/wordpress\/plugins\/seo\/ -->\n<title>Ty\u00f6llist\u00e4misjalanj\u00e4lki - Yhteiskuntavastuuraportti 2018<\/title>\n<meta name=\"robots\" content=\"index, follow, max-snippet:-1, max-image-preview:large, max-video-preview:-1\" \/>\n<link rel=\"canonical\" href=\"https:\/\/www.senaatti.fi\/yhteiskuntavastuuraportti2018\/vuosi-2018\/yhteiskunnalliset-rahavirrat\/tyollistamisjalanjalki\/\" \/>\n<meta property=\"og:locale\" content=\"en_US\" \/>\n<meta property=\"og:type\" content=\"article\" \/>\n<meta property=\"og:title\" content=\"Ty\u00f6llist\u00e4misjalanj\u00e4lki - Yhteiskuntavastuuraportti 2018\" \/>\n<meta property=\"og:description\" content=\"Senaatti-kiinteist\u00f6t ty\u00f6llist\u00e4\u00e4 merkitt\u00e4v\u00e4n m\u00e4\u00e4r\u00e4n kiinteist\u00f6- ja rakennusalan toimijoita. Senaatin ty\u00f6llist\u00e4vyysvaikutukset ilman omaa henkil\u00f6st\u00f6\u00e4 (337 htv) vuonna 2018 olivat l\u00e4hes 3\u00a0200 (3\u00a0300) henkil\u00f6ty\u00f6vuotta (htv). Ty\u00f6llist\u00e4vyysvaikutus laski vuoteen 2017 verrattuna Valtion talouden tutkimuskeskuksen (VATT) laatimien laskentamallien mukaan. Senaatin ty\u00f6llist\u00e4vyysvaikutuslaskenta perustuu VATTin tekem\u00e4\u00e4n laskentamalliin, jossa on tarkasteltu VATTin panos-tuotos-aineistoja Senaatin p\u00e4\u00e4toimialoilta, joita ovat muun muassa rakentaminen ja kiinteist\u00f6n- [&hellip;]\" \/>\n<meta property=\"og:url\" content=\"https:\/\/www.senaatti.fi\/yhteiskuntavastuuraportti2018\/vuosi-2018\/yhteiskunnalliset-rahavirrat\/tyollistamisjalanjalki\/\" \/>\n<meta property=\"og:site_name\" content=\"Yhteiskuntavastuuraportti 2018\" \/>\n<meta property=\"article:modified_time\" content=\"2019-03-20T14:30:49+00:00\" \/>\n<meta property=\"og:image\" content=\"https:\/\/www.senaatti.fi\/app_ykv_archive\/uploads\/sites\/7\/2019\/03\/ty\u00f6ntekij\u00e4-1024x463.jpg\" \/>\n<meta name=\"twitter:card\" content=\"summary_large_image\" \/>\n<meta name=\"twitter:label1\" content=\"Est. reading time\" \/>\n\t<meta name=\"twitter:data1\" content=\"1 minute\" \/>\n<script type=\"application\/ld+json\" class=\"yoast-schema-graph\">{\"@context\":\"https:\/\/schema.org\",\"@graph\":[{\"@type\":\"WebPage\",\"@id\":\"https:\/\/www.senaatti.fi\/yhteiskuntavastuuraportti2018\/vuosi-2018\/yhteiskunnalliset-rahavirrat\/tyollistamisjalanjalki\/\",\"url\":\"https:\/\/www.senaatti.fi\/yhteiskuntavastuuraportti2018\/vuosi-2018\/yhteiskunnalliset-rahavirrat\/tyollistamisjalanjalki\/\",\"name\":\"Ty\u00f6llist\u00e4misjalanj\u00e4lki - Yhteiskuntavastuuraportti 2018\",\"isPartOf\":{\"@id\":\"https:\/\/www.senaatti.fi\/yhteiskuntavastuuraportti2018\/#website\"},\"datePublished\":\"2018-01-29T10:58:23+00:00\",\"dateModified\":\"2019-03-20T14:30:49+00:00\",\"breadcrumb\":{\"@id\":\"https:\/\/www.senaatti.fi\/yhteiskuntavastuuraportti2018\/vuosi-2018\/yhteiskunnalliset-rahavirrat\/tyollistamisjalanjalki\/#breadcrumb\"},\"inLanguage\":\"en-US\",\"potentialAction\":[{\"@type\":\"ReadAction\",\"target\":[\"https:\/\/www.senaatti.fi\/yhteiskuntavastuuraportti2018\/vuosi-2018\/yhteiskunnalliset-rahavirrat\/tyollistamisjalanjalki\/\"]}]},{\"@type\":\"BreadcrumbList\",\"@id\":\"https:\/\/www.senaatti.fi\/yhteiskuntavastuuraportti2018\/vuosi-2018\/yhteiskunnalliset-rahavirrat\/tyollistamisjalanjalki\/#breadcrumb\",\"itemListElement\":[{\"@type\":\"ListItem\",\"position\":1,\"name\":\"Home\",\"item\":\"https:\/\/www.senaatti.fi\/yhteiskuntavastuuraportti2018\/\"},{\"@type\":\"ListItem\",\"position\":2,\"name\":\"Vuosi 2018\",\"item\":\"https:\/\/www.senaatti.fi\/yhteiskuntavastuuraportti2018\/vuosi-2018\/\"},{\"@type\":\"ListItem\",\"position\":3,\"name\":\"Yhteiskunnalliset rahavirrat\",\"item\":\"https:\/\/www.senaatti.fi\/yhteiskuntavastuuraportti2018\/vuosi-2018\/yhteiskunnalliset-rahavirrat\/\"},{\"@type\":\"ListItem\",\"position\":4,\"name\":\"Ty\u00f6llist\u00e4misjalanj\u00e4lki\"}]},{\"@type\":\"WebSite\",\"@id\":\"https:\/\/www.senaatti.fi\/yhteiskuntavastuuraportti2018\/#website\",\"url\":\"https:\/\/www.senaatti.fi\/yhteiskuntavastuuraportti2018\/\",\"name\":\"Yhteiskuntavastuuraportti 2018\",\"description\":\"\",\"potentialAction\":[{\"@type\":\"SearchAction\",\"target\":{\"@type\":\"EntryPoint\",\"urlTemplate\":\"https:\/\/www.senaatti.fi\/yhteiskuntavastuuraportti2018\/?s={search_term_string}\"},\"query-input\":{\"@type\":\"PropertyValueSpecification\",\"valueRequired\":true,\"valueName\":\"search_term_string\"}}],\"inLanguage\":\"en-US\"}]}<\/script>\n<!-- \/ Yoast SEO plugin. -->","yoast_head_json":{"title":"Ty\u00f6llist\u00e4misjalanj\u00e4lki - Yhteiskuntavastuuraportti 2018","robots":{"index":"index","follow":"follow","max-snippet":"max-snippet:-1","max-image-preview":"max-image-preview:large","max-video-preview":"max-video-preview:-1"},"canonical":"https:\/\/www.senaatti.fi\/yhteiskuntavastuuraportti2018\/vuosi-2018\/yhteiskunnalliset-rahavirrat\/tyollistamisjalanjalki\/","og_locale":"en_US","og_type":"article","og_title":"Ty\u00f6llist\u00e4misjalanj\u00e4lki - Yhteiskuntavastuuraportti 2018","og_description":"Senaatti-kiinteist\u00f6t ty\u00f6llist\u00e4\u00e4 merkitt\u00e4v\u00e4n m\u00e4\u00e4r\u00e4n kiinteist\u00f6- ja rakennusalan toimijoita. Senaatin ty\u00f6llist\u00e4vyysvaikutukset ilman omaa henkil\u00f6st\u00f6\u00e4 (337 htv) vuonna 2018 olivat l\u00e4hes 3\u00a0200 (3\u00a0300) henkil\u00f6ty\u00f6vuotta (htv). Ty\u00f6llist\u00e4vyysvaikutus laski vuoteen 2017 verrattuna Valtion talouden tutkimuskeskuksen (VATT) laatimien laskentamallien mukaan. Senaatin ty\u00f6llist\u00e4vyysvaikutuslaskenta perustuu VATTin tekem\u00e4\u00e4n laskentamalliin, jossa on tarkasteltu VATTin panos-tuotos-aineistoja Senaatin p\u00e4\u00e4toimialoilta, joita ovat muun muassa rakentaminen ja kiinteist\u00f6n- [&hellip;]","og_url":"https:\/\/www.senaatti.fi\/yhteiskuntavastuuraportti2018\/vuosi-2018\/yhteiskunnalliset-rahavirrat\/tyollistamisjalanjalki\/","og_site_name":"Yhteiskuntavastuuraportti 2018","article_modified_time":"2019-03-20T14:30:49+00:00","og_image":[{"url":"https:\/\/www.senaatti.fi\/app_ykv_archive\/uploads\/sites\/7\/2019\/03\/ty\u00f6ntekij\u00e4-1024x463.jpg"}],"twitter_card":"summary_large_image","twitter_misc":{"Est. reading time":"1 minute"},"schema":{"@context":"https:\/\/schema.org","@graph":[{"@type":"WebPage","@id":"https:\/\/www.senaatti.fi\/yhteiskuntavastuuraportti2018\/vuosi-2018\/yhteiskunnalliset-rahavirrat\/tyollistamisjalanjalki\/","url":"https:\/\/www.senaatti.fi\/yhteiskuntavastuuraportti2018\/vuosi-2018\/yhteiskunnalliset-rahavirrat\/tyollistamisjalanjalki\/","name":"Ty\u00f6llist\u00e4misjalanj\u00e4lki - Yhteiskuntavastuuraportti 2018","isPartOf":{"@id":"https:\/\/www.senaatti.fi\/yhteiskuntavastuuraportti2018\/#website"},"datePublished":"2018-01-29T10:58:23+00:00","dateModified":"2019-03-20T14:30:49+00:00","breadcrumb":{"@id":"https:\/\/www.senaatti.fi\/yhteiskuntavastuuraportti2018\/vuosi-2018\/yhteiskunnalliset-rahavirrat\/tyollistamisjalanjalki\/#breadcrumb"},"inLanguage":"en-US","potentialAction":[{"@type":"ReadAction","target":["https:\/\/www.senaatti.fi\/yhteiskuntavastuuraportti2018\/vuosi-2018\/yhteiskunnalliset-rahavirrat\/tyollistamisjalanjalki\/"]}]},{"@type":"BreadcrumbList","@id":"https:\/\/www.senaatti.fi\/yhteiskuntavastuuraportti2018\/vuosi-2018\/yhteiskunnalliset-rahavirrat\/tyollistamisjalanjalki\/#breadcrumb","itemListElement":[{"@type":"ListItem","position":1,"name":"Home","item":"https:\/\/www.senaatti.fi\/yhteiskuntavastuuraportti2018\/"},{"@type":"ListItem","position":2,"name":"Vuosi 2018","item":"https:\/\/www.senaatti.fi\/yhteiskuntavastuuraportti2018\/vuosi-2018\/"},{"@type":"ListItem","position":3,"name":"Yhteiskunnalliset rahavirrat","item":"https:\/\/www.senaatti.fi\/yhteiskuntavastuuraportti2018\/vuosi-2018\/yhteiskunnalliset-rahavirrat\/"},{"@type":"ListItem","position":4,"name":"Ty\u00f6llist\u00e4misjalanj\u00e4lki"}]},{"@type":"WebSite","@id":"https:\/\/www.senaatti.fi\/yhteiskuntavastuuraportti2018\/#website","url":"https:\/\/www.senaatti.fi\/yhteiskuntavastuuraportti2018\/","name":"Yhteiskuntavastuuraportti 2018","description":"","potentialAction":[{"@type":"SearchAction","target":{"@type":"EntryPoint","urlTemplate":"https:\/\/www.senaatti.fi\/yhteiskuntavastuuraportti2018\/?s={search_term_string}"},"query-input":{"@type":"PropertyValueSpecification","valueRequired":true,"valueName":"search_term_string"}}],"inLanguage":"en-US"}]}},"_links":{"self":[{"href":"https:\/\/www.senaatti.fi\/yhteiskuntavastuuraportti2018\/wp-json\/wp\/v2\/pages\/23","targetHints":{"allow":["GET"]}}],"collection":[{"href":"https:\/\/www.senaatti.fi\/yhteiskuntavastuuraportti2018\/wp-json\/wp\/v2\/pages"}],"about":[{"href":"https:\/\/www.senaatti.fi\/yhteiskuntavastuuraportti2018\/wp-json\/wp\/v2\/types\/page"}],"author":[{"embeddable":true,"href":"https:\/\/www.senaatti.fi\/yhteiskuntavastuuraportti2018\/wp-json\/wp\/v2\/users\/11"}],"replies":[{"embeddable":true,"href":"https:\/\/www.senaatti.fi\/yhteiskuntavastuuraportti2018\/wp-json\/wp\/v2\/comments?post=23"}],"version-history":[{"count":10,"href":"https:\/\/www.senaatti.fi\/yhteiskuntavastuuraportti2018\/wp-json\/wp\/v2\/pages\/23\/revisions"}],"predecessor-version":[{"id":1800,"href":"https:\/\/www.senaatti.fi\/yhteiskuntavastuuraportti2018\/wp-json\/wp\/v2\/pages\/23\/revisions\/1800"}],"up":[{"embeddable":true,"href":"https:\/\/www.senaatti.fi\/yhteiskuntavastuuraportti2018\/wp-json\/wp\/v2\/pages\/19"}],"wp:attachment":[{"href":"https:\/\/www.senaatti.fi\/yhteiskuntavastuuraportti2018\/wp-json\/wp\/v2\/media?parent=23"}],"curies":[{"name":"wp","href":"https:\/\/api.w.org\/{rel}","templated":true}]}}