{"id":2161,"date":"2019-03-29T14:35:47","date_gmt":"2019-03-29T14:35:47","guid":{"rendered":"https:\/\/www.senaatti.fi\/yhteiskuntavastuuraportti2018\/?page_id=2161"},"modified":"2019-04-08T08:21:20","modified_gmt":"2019-04-08T08:21:20","slug":"valteri-koulu-ruskiksen-korkealaatuinen-ja-energiaa-saastava-valaistusratkaisu","status":"publish","type":"page","link":"https:\/\/www.senaatti.fi\/yhteiskuntavastuuraportti2018\/valteri-koulu-ruskiksen-korkealaatuinen-ja-energiaa-saastava-valaistusratkaisu\/","title":{"rendered":"Valteri-koulu Ruskiksen korkealaatuinen ja energiaa s\u00e4\u00e4st\u00e4v\u00e4 valaistusratkaisu"},"content":{"rendered":"<figure id=\"attachment_2168\" aria-describedby=\"caption-attachment-2168\" style=\"width: 1472px\" class=\"wp-caption alignnone\"><img loading=\"lazy\" decoding=\"async\" class=\"wp-image-2168 size-full\" src=\"https:\/\/www.senaatti.fi\/app_ykv_archive\/uploads\/sites\/7\/2019\/03\/Valteri-koulu-Ruskis1.jpg\" alt=\"Valteri-koulu Ruskis\" width=\"1472\" height=\"724\" srcset=\"https:\/\/www.senaatti.fi\/app_ykv_archive\/uploads\/sites\/7\/2019\/03\/Valteri-koulu-Ruskis1.jpg 1472w, https:\/\/www.senaatti.fi\/app_ykv_archive\/uploads\/sites\/7\/2019\/03\/Valteri-koulu-Ruskis1-300x148.jpg 300w, https:\/\/www.senaatti.fi\/app_ykv_archive\/uploads\/sites\/7\/2019\/03\/Valteri-koulu-Ruskis1-768x378.jpg 768w, https:\/\/www.senaatti.fi\/app_ykv_archive\/uploads\/sites\/7\/2019\/03\/Valteri-koulu-Ruskis1-1024x504.jpg 1024w\" sizes=\"auto, (max-width: 1472px) 100vw, 1472px\" \/><figcaption id=\"caption-attachment-2168\" class=\"wp-caption-text\">Valteri-Koulu Ruskis. Kuvan Copyright \u00a9 Greenled.<\/figcaption><\/figure>\n<p>Valaistuksella on suuri merkitys Valteri-koulu Ruskiksessa, jossa monilla oppilaista on haasteita n\u00e4\u00f6nk\u00e4yt\u00f6ss\u00e4. Turvallisuuden vuoksi koulussa tarvitaan riitt\u00e4v\u00e4sti valoa ja kontrasteja, ja valaistuksen on oltava h\u00e4ik\u00e4isem\u00e4t\u00f6nt\u00e4, v\u00e4lkkym\u00e4t\u00f6nt\u00e4 sek\u00e4 muunneltavissa oppilaiden tarpeiden mukaan. Senaatti-kiinteist\u00f6t toteutti vuonna 2018 yhteisty\u00f6ss\u00e4 Greenledin kanssa Valteri-koulu Ruskikselle uuden korkealaatuisen valaistusratkaisun, joka s\u00e4\u00e4st\u00e4\u00e4 my\u00f6s energiaa.<\/p>\n<h3>Valteri-koulu Ruskiksen toiveena turvallinen, viihtyis\u00e4 ja muunneltava valaistus<\/h3>\n<p>Helsingiss\u00e4 sijaitseva Valteri-koulu Ruskis on osa valtakunnallista, Opetushallituksen alaisuudessa toimivaa Oppimis- ja ohjauskeskus Valteria. Koulun oppilaissa on paljon lapsia ja nuoria, joilla on n\u00e4k\u00f6rajoitteita tai erilaisia haasteita n\u00e4\u00f6nk\u00e4yt\u00f6ss\u00e4. Valaistuksella on siten erityisen suuri merkitys paitsi oppimiseen, my\u00f6s koulun yleiseen turvallisuuteen.<\/p>\n<h3>Tarpeisiin r\u00e4\u00e4t\u00e4l\u00f6ity valaistusratkaisu\u00ad\u00ad<\/h3>\n<p>Valteri-koulu Ruskiksen valaistus suunniteltiin l\u00e4ht\u00f6kohdista, joissa otettiin huomioon lasten ja nuorten erityistarpeet valaistukselle:<\/p>\n<ul>\n<li>Valoteho ja valotasot nostettiin huomattavasti aiempaa korkeammiksi.<\/li>\n<li>Valaistuksen avulla luotiin selkeit\u00e4 kontrasteja n\u00e4\u00f6nk\u00e4yt\u00f6n helpottamiseksi.<\/li>\n<li>Valaistuksessa v\u00e4ltettiin suuria pistekirkkauksia.<\/li>\n<li>Valaistuksen h\u00e4ik\u00e4isem\u00e4tt\u00f6myys ja v\u00e4lkkym\u00e4tt\u00f6myys varmistettiin.<\/li>\n<li>Ratkaisussa hy\u00f6dynnettiin \u00e4lyk\u00e4st\u00e4 valaistuksen ohjausj\u00e4rjestelm\u00e4\u00e4.<\/li>\n<li>Lis\u00e4ksi valaistusratkaisussa s\u00e4ilytettiin tarpeiden mukaan muuntuva helppo muokattavuus.<\/li>\n<\/ul>\n<figure id=\"attachment_2170\" aria-describedby=\"caption-attachment-2170\" style=\"width: 1468px\" class=\"wp-caption alignnone\"><img loading=\"lazy\" decoding=\"async\" class=\"wp-image-2170 size-full\" src=\"https:\/\/www.senaatti.fi\/app_ykv_archive\/uploads\/sites\/7\/2019\/03\/Valteri-koulu-Ruskis2.jpg\" alt=\"Valteri-koulu Ruskis\" width=\"1468\" height=\"982\" srcset=\"https:\/\/www.senaatti.fi\/app_ykv_archive\/uploads\/sites\/7\/2019\/03\/Valteri-koulu-Ruskis2.jpg 1468w, https:\/\/www.senaatti.fi\/app_ykv_archive\/uploads\/sites\/7\/2019\/03\/Valteri-koulu-Ruskis2-300x201.jpg 300w, https:\/\/www.senaatti.fi\/app_ykv_archive\/uploads\/sites\/7\/2019\/03\/Valteri-koulu-Ruskis2-768x514.jpg 768w, https:\/\/www.senaatti.fi\/app_ykv_archive\/uploads\/sites\/7\/2019\/03\/Valteri-koulu-Ruskis2-1024x685.jpg 1024w\" sizes=\"auto, (max-width: 1468px) 100vw, 1468px\" \/><figcaption id=\"caption-attachment-2170\" class=\"wp-caption-text\">Koulun k\u00e4yt\u00e4vien valaistuksessa hy\u00f6dynnet\u00e4\u00e4n l\u00e4sn\u00e4olotunnistusta, joka parantaa tiloissa liikkuvien lasten turvallisuutta nostamalla k\u00e4yt\u00e4v\u00e4n valotason korkeammaksi henkil\u00f6n l\u00e4hestyess\u00e4. Kuvan Copyright \u00a9 Greenled.<\/figcaption><\/figure>\n<blockquote><p>Oli mahtavaa, ett\u00e4 valaistussuunnittelu voitiin antaa ammattilaisten k\u00e4siin. Vaikutukset ovat selv\u00e4sti n\u00e4ht\u00e4viss\u00e4; uusi valaistus lis\u00e4\u00e4 viihtyvyytt\u00e4 ja turvallisuutta, mik\u00e4 on todella t\u00e4rke\u00e4\u00e4 koulussamme. Nyt n\u00e4hd\u00e4\u00e4n, mit\u00e4 tehd\u00e4\u00e4n ja mink\u00e4 parissa ty\u00f6skennell\u00e4\u00e4n, ja tiloissa liikkuvien lasten turvallisuus paranee. Pime\u00e4\u00e4n vuodenaikaan my\u00f6s jaksamme paremmin, kun valoa on riitt\u00e4v\u00e4sti.<\/p>\n<p>Helena Pekkarinen, Palveluesimies, Valteri-koulu Ruskis<\/p><\/blockquote>\n<h3>\u00c4lyk\u00e4s valaistuksen ohjausj\u00e4rjestelm\u00e4<\/h3>\n<p>Valteri-koulu Ruskiksen valaistusta ohjataan \u00e4lykk\u00e4\u00e4ll\u00e4 valaistuksen ohjausj\u00e4rjestelm\u00e4ll\u00e4, jonka avulla tilojen energiatehokkuus lis\u00e4\u00e4ntyy. Vaikka energians\u00e4\u00e4st\u00f6t eiv\u00e4t olisikaan valaistusuudistuksen ensisijainen tavoite, \u00e4lykk\u00e4\u00e4sti ohjatun LED-teknologian my\u00f6t\u00e4 s\u00e4\u00e4st\u00f6j\u00e4 syntyy aina.<\/p>\n<p>Tarpeenmukaisen valaistuksen mahdollistava liiketunnistus tuo koululle paitsi energians\u00e4\u00e4st\u00f6j\u00e4 ja turvallisuutta, my\u00f6s el\u00e4myksellisyytt\u00e4. Uuden valaistuksen my\u00f6t\u00e4 koulun oppilaat kokevat p\u00e4ivitt\u00e4in, miten kest\u00e4v\u00e4 kehitys n\u00e4kyy koulun toiminnassa ja kuinka ymp\u00e4rist\u00f6st\u00e4 ja energiankulutuksesta v\u00e4litet\u00e4\u00e4n k\u00e4yt\u00e4nn\u00f6ss\u00e4.<\/p>\n<p>Koulun valaistukseen on tehty uusia s\u00e4\u00e4t\u00f6j\u00e4 my\u00f6s asennuksen j\u00e4lkeen koulun henkil\u00f6kunnan toiveiden ja k\u00e4yt\u00f6n my\u00f6t\u00e4 ilmenneiden tarpeiden mukaan.<\/p>\n<figure id=\"attachment_2171\" aria-describedby=\"caption-attachment-2171\" style=\"width: 1176px\" class=\"wp-caption alignnone\"><img loading=\"lazy\" decoding=\"async\" class=\"wp-image-2171 size-full\" src=\"https:\/\/www.senaatti.fi\/app_ykv_archive\/uploads\/sites\/7\/2019\/03\/Valteri-koulu-Ruskis3.png\" alt=\"Valteri-koulu Ruskiksen valaistuksen ohjausj\u00e4rjestelm\u00e4n raportti\" width=\"1176\" height=\"572\" srcset=\"https:\/\/www.senaatti.fi\/app_ykv_archive\/uploads\/sites\/7\/2019\/03\/Valteri-koulu-Ruskis3.png 1176w, https:\/\/www.senaatti.fi\/app_ykv_archive\/uploads\/sites\/7\/2019\/03\/Valteri-koulu-Ruskis3-300x146.png 300w, https:\/\/www.senaatti.fi\/app_ykv_archive\/uploads\/sites\/7\/2019\/03\/Valteri-koulu-Ruskis3-768x374.png 768w, https:\/\/www.senaatti.fi\/app_ykv_archive\/uploads\/sites\/7\/2019\/03\/Valteri-koulu-Ruskis3-1024x498.png 1024w\" sizes=\"auto, (max-width: 1176px) 100vw, 1176px\" \/><figcaption id=\"caption-attachment-2171\" class=\"wp-caption-text\">Valaistuksen ohjausj\u00e4rjestelm\u00e4n (ENCELIUM TM) raportit kertovat, ett\u00e4 Valteri-koulu Ruskiksen uusi valaistusratkaisu s\u00e4\u00e4st\u00e4\u00e4 kokonaisuudessaan 74,51 % energiaa verrattuna tilojen aiempaan valaistukseen.Raportit kertovat yksityiskohtaisesti, millainen osuus eri energians\u00e4\u00e4st\u00f6strategioilla on s\u00e4\u00e4st\u00f6ist\u00e4. Valaistuksen teht\u00e4v\u00e4kohtainen ohjaus (Task tuning, TT) s\u00e4\u00e4st\u00e4\u00e4 45,25 % energiaa, aikaohjaus (Time scheduling, TS) 16,03 % energiaa ja l\u00e4sn\u00e4olotunnistus (Occupancy control, OCS) 13,23 % energiaa.<\/figcaption><\/figure>\n<h3>Valaistus koulunk\u00e4ynnin tukena<\/h3>\n<p>Valaistus uusittiin Valteri-koulu Ruskiksen k\u00e4yt\u00e4v\u00e4- ja aulatiloihin viidess\u00e4 eri kerroksessa. Yhteisty\u00f6t\u00e4 on jatkettu toteuttamalla valaistus my\u00f6s yhteen luokkahuoneeseen, jotta valaistusta voidaan s\u00e4\u00e4t\u00e4\u00e4 opetustilanteiden ja lasten yksil\u00f6llisten tarpeiden mukaan. Koulun henkil\u00f6kunnan toiveena on laajentaa valaistusuudistus kaikkiin koulun luokkahuoneisiin ja tiloihin.<\/p>\n<blockquote><p>Oppimisymp\u00e4rist\u00f6ll\u00e4 on suuri merkitys, kun harjoitellaan arjen taitoja. Luokkahuoneen k\u00e4ytt\u00e4j\u00e4t ovat olleet todella iloisia uudesta valaistuksesta, jota voidaan s\u00e4\u00e4t\u00e4\u00e4 oppilaan yksil\u00f6llisen tarpeen mukaan. Esimerkiksi terapiatilanteissa voimme s\u00e4\u00e4t\u00e4\u00e4 valaistuksen himme\u00e4mm\u00e4lle. Kun taas opetellaan lukemaan ja t\u00e4ytyy n\u00e4hd\u00e4 tarkasti, s\u00e4\u00e4det\u00e4\u00e4n valot kirkkaammiksi.<\/p>\n<p>Helena Pekkarinen, Palveluesimies, Ruskis<\/p><\/blockquote>\n<h3>Uuden valaistusratkaisun hy\u00f6dyt:<\/h3>\n<ul>\n<li>Parantaa Valteri-koulu Ruskiksen viihtyvyytt\u00e4 ja turvallisuutta sek\u00e4 tukee oppimista.<\/li>\n<li>S\u00e4\u00e4st\u00e4\u00e4 75 % energiaa verrattuna koulun aiempaan valaistukseen.<\/li>\n<li>Muuntuu tilakohtaisesti tarpeiden mukaan.<\/li>\n<li>Vapauttaa Senaatin ja Valteri-koulu Ruskiksen resurssit valaistuksen yll\u00e4pidosta.<\/li>\n<\/ul>\n<h3>Senaatin sopimusmalli sitouttaa laatuun ja virheett\u00f6myyteen<\/h3>\n<p>Valteri-koulu Ruskiksen valaistuksessa hy\u00f6dynnet\u00e4\u00e4n Senaatti-kiinteist\u00f6iss\u00e4 kehitetty\u00e4 talotekniikkapalvelun <a href=\"https:\/\/www.senaatti.fi\/2018\/03\/22\/uusi-sopimusmalli-tuo-valterille-huolettoman-valaistuksen\/\" target=\"_blank\" rel=\"noopener noreferrer\">sopimusmallia<\/a>, jossa palvelupaketti sis\u00e4lt\u00e4\u00e4 valaisimien asennuksen ohella jatkuvan valaistuksen valvonnan ja yll\u00e4pidon.<\/p>\n<p>Sopimusmalli sitouttaa molemmat osapuolet laadukkaaseen lopputulokseen ja kokonaisen palvelun tuottamiseen. Sopimusmalliin sidottu et\u00e4seuranta ja palvelumalli vapauttavat Senaatin ja Valteri-koulu Ruskiksen resurssit valaistuksen yll\u00e4pidosta, takaavat virheett\u00f6m\u00e4n ja korkealaatuisen palvelun ja varmistavat luvatut energias\u00e4\u00e4st\u00f6t.<\/p>\n<p><a href=\"https:\/\/www.senaatti.fi\/yhteiskuntavastuuraportti2018\/vastuullisuus-senaatissa\/ymparisto\/energia-ja-vesi\/\">Takaisin Energia ja vesi -sivulle<\/a><\/p>\n","protected":false},"excerpt":{"rendered":"<p>Valaistuksella on suuri merkitys Valteri-koulu Ruskiksessa, jossa monilla oppilaista on haasteita n\u00e4\u00f6nk\u00e4yt\u00f6ss\u00e4. Turvallisuuden vuoksi koulussa tarvitaan riitt\u00e4v\u00e4sti valoa ja kontrasteja, ja valaistuksen on oltava h\u00e4ik\u00e4isem\u00e4t\u00f6nt\u00e4, v\u00e4lkkym\u00e4t\u00f6nt\u00e4 sek\u00e4 muunneltavissa oppilaiden tarpeiden mukaan. Senaatti-kiinteist\u00f6t toteutti vuonna 2018 yhteisty\u00f6ss\u00e4 Greenledin kanssa Valteri-koulu Ruskikselle uuden korkealaatuisen valaistusratkaisun, joka s\u00e4\u00e4st\u00e4\u00e4 my\u00f6s energiaa. Valteri-koulu Ruskiksen toiveena turvallinen, viihtyis\u00e4 ja muunneltava valaistus [&hellip;]<\/p>\n","protected":false},"author":14,"featured_media":0,"parent":0,"menu_order":0,"comment_status":"closed","ping_status":"closed","template":"","meta":{"_acf_changed":false,"footnotes":""},"class_list":["post-2161","page","type-page","status-publish","hentry"],"acf":[],"yoast_head":"<!-- This site is optimized with the Yoast SEO plugin v23.9 - https:\/\/yoast.com\/wordpress\/plugins\/seo\/ -->\n<title>Valteri-koulu Ruskiksen korkealaatuinen ja energiaa s\u00e4\u00e4st\u00e4v\u00e4 valaistusratkaisu - Yhteiskuntavastuuraportti 2018<\/title>\n<meta name=\"robots\" content=\"index, follow, max-snippet:-1, max-image-preview:large, max-video-preview:-1\" \/>\n<link rel=\"canonical\" href=\"https:\/\/www.senaatti.fi\/yhteiskuntavastuuraportti2018\/valteri-koulu-ruskiksen-korkealaatuinen-ja-energiaa-saastava-valaistusratkaisu\/\" \/>\n<meta property=\"og:locale\" content=\"en_US\" \/>\n<meta property=\"og:type\" content=\"article\" \/>\n<meta property=\"og:title\" content=\"Valteri-koulu Ruskiksen korkealaatuinen ja energiaa s\u00e4\u00e4st\u00e4v\u00e4 valaistusratkaisu - Yhteiskuntavastuuraportti 2018\" \/>\n<meta property=\"og:description\" content=\"Valaistuksella on suuri merkitys Valteri-koulu Ruskiksessa, jossa monilla oppilaista on haasteita n\u00e4\u00f6nk\u00e4yt\u00f6ss\u00e4. Turvallisuuden vuoksi koulussa tarvitaan riitt\u00e4v\u00e4sti valoa ja kontrasteja, ja valaistuksen on oltava h\u00e4ik\u00e4isem\u00e4t\u00f6nt\u00e4, v\u00e4lkkym\u00e4t\u00f6nt\u00e4 sek\u00e4 muunneltavissa oppilaiden tarpeiden mukaan. Senaatti-kiinteist\u00f6t toteutti vuonna 2018 yhteisty\u00f6ss\u00e4 Greenledin kanssa Valteri-koulu Ruskikselle uuden korkealaatuisen valaistusratkaisun, joka s\u00e4\u00e4st\u00e4\u00e4 my\u00f6s energiaa. Valteri-koulu Ruskiksen toiveena turvallinen, viihtyis\u00e4 ja muunneltava valaistus [&hellip;]\" \/>\n<meta property=\"og:url\" content=\"https:\/\/www.senaatti.fi\/yhteiskuntavastuuraportti2018\/valteri-koulu-ruskiksen-korkealaatuinen-ja-energiaa-saastava-valaistusratkaisu\/\" \/>\n<meta property=\"og:site_name\" content=\"Yhteiskuntavastuuraportti 2018\" \/>\n<meta property=\"article:modified_time\" content=\"2019-04-08T08:21:20+00:00\" \/>\n<meta property=\"og:image\" content=\"https:\/\/www.senaatti.fi\/app_ykv_archive\/uploads\/sites\/7\/2019\/03\/Valteri-koulu-Ruskis1.jpg\" \/>\n<meta name=\"twitter:card\" content=\"summary_large_image\" \/>\n<meta name=\"twitter:label1\" content=\"Est. reading time\" \/>\n\t<meta name=\"twitter:data1\" content=\"4 minutes\" \/>\n<script type=\"application\/ld+json\" class=\"yoast-schema-graph\">{\"@context\":\"https:\/\/schema.org\",\"@graph\":[{\"@type\":\"WebPage\",\"@id\":\"https:\/\/www.senaatti.fi\/yhteiskuntavastuuraportti2018\/valteri-koulu-ruskiksen-korkealaatuinen-ja-energiaa-saastava-valaistusratkaisu\/\",\"url\":\"https:\/\/www.senaatti.fi\/yhteiskuntavastuuraportti2018\/valteri-koulu-ruskiksen-korkealaatuinen-ja-energiaa-saastava-valaistusratkaisu\/\",\"name\":\"Valteri-koulu Ruskiksen korkealaatuinen ja energiaa s\u00e4\u00e4st\u00e4v\u00e4 valaistusratkaisu - Yhteiskuntavastuuraportti 2018\",\"isPartOf\":{\"@id\":\"https:\/\/www.senaatti.fi\/yhteiskuntavastuuraportti2018\/#website\"},\"primaryImageOfPage\":{\"@id\":\"https:\/\/www.senaatti.fi\/yhteiskuntavastuuraportti2018\/valteri-koulu-ruskiksen-korkealaatuinen-ja-energiaa-saastava-valaistusratkaisu\/#primaryimage\"},\"image\":{\"@id\":\"https:\/\/www.senaatti.fi\/yhteiskuntavastuuraportti2018\/valteri-koulu-ruskiksen-korkealaatuinen-ja-energiaa-saastava-valaistusratkaisu\/#primaryimage\"},\"thumbnailUrl\":\"https:\/\/www.senaatti.fi\/app_ykv_archive\/uploads\/sites\/7\/2019\/03\/Valteri-koulu-Ruskis1.jpg\",\"datePublished\":\"2019-03-29T14:35:47+00:00\",\"dateModified\":\"2019-04-08T08:21:20+00:00\",\"breadcrumb\":{\"@id\":\"https:\/\/www.senaatti.fi\/yhteiskuntavastuuraportti2018\/valteri-koulu-ruskiksen-korkealaatuinen-ja-energiaa-saastava-valaistusratkaisu\/#breadcrumb\"},\"inLanguage\":\"en-US\",\"potentialAction\":[{\"@type\":\"ReadAction\",\"target\":[\"https:\/\/www.senaatti.fi\/yhteiskuntavastuuraportti2018\/valteri-koulu-ruskiksen-korkealaatuinen-ja-energiaa-saastava-valaistusratkaisu\/\"]}]},{\"@type\":\"ImageObject\",\"inLanguage\":\"en-US\",\"@id\":\"https:\/\/www.senaatti.fi\/yhteiskuntavastuuraportti2018\/valteri-koulu-ruskiksen-korkealaatuinen-ja-energiaa-saastava-valaistusratkaisu\/#primaryimage\",\"url\":\"https:\/\/www.senaatti.fi\/app_ykv_archive\/uploads\/sites\/7\/2019\/03\/Valteri-koulu-Ruskis1.jpg\",\"contentUrl\":\"https:\/\/www.senaatti.fi\/app_ykv_archive\/uploads\/sites\/7\/2019\/03\/Valteri-koulu-Ruskis1.jpg\"},{\"@type\":\"BreadcrumbList\",\"@id\":\"https:\/\/www.senaatti.fi\/yhteiskuntavastuuraportti2018\/valteri-koulu-ruskiksen-korkealaatuinen-ja-energiaa-saastava-valaistusratkaisu\/#breadcrumb\",\"itemListElement\":[{\"@type\":\"ListItem\",\"position\":1,\"name\":\"Home\",\"item\":\"https:\/\/www.senaatti.fi\/yhteiskuntavastuuraportti2018\/\"},{\"@type\":\"ListItem\",\"position\":2,\"name\":\"Valteri-koulu Ruskiksen korkealaatuinen ja energiaa s\u00e4\u00e4st\u00e4v\u00e4 valaistusratkaisu\"}]},{\"@type\":\"WebSite\",\"@id\":\"https:\/\/www.senaatti.fi\/yhteiskuntavastuuraportti2018\/#website\",\"url\":\"https:\/\/www.senaatti.fi\/yhteiskuntavastuuraportti2018\/\",\"name\":\"Yhteiskuntavastuuraportti 2018\",\"description\":\"\",\"potentialAction\":[{\"@type\":\"SearchAction\",\"target\":{\"@type\":\"EntryPoint\",\"urlTemplate\":\"https:\/\/www.senaatti.fi\/yhteiskuntavastuuraportti2018\/?s={search_term_string}\"},\"query-input\":{\"@type\":\"PropertyValueSpecification\",\"valueRequired\":true,\"valueName\":\"search_term_string\"}}],\"inLanguage\":\"en-US\"}]}<\/script>\n<!-- \/ Yoast SEO plugin. -->","yoast_head_json":{"title":"Valteri-koulu Ruskiksen korkealaatuinen ja energiaa s\u00e4\u00e4st\u00e4v\u00e4 valaistusratkaisu - Yhteiskuntavastuuraportti 2018","robots":{"index":"index","follow":"follow","max-snippet":"max-snippet:-1","max-image-preview":"max-image-preview:large","max-video-preview":"max-video-preview:-1"},"canonical":"https:\/\/www.senaatti.fi\/yhteiskuntavastuuraportti2018\/valteri-koulu-ruskiksen-korkealaatuinen-ja-energiaa-saastava-valaistusratkaisu\/","og_locale":"en_US","og_type":"article","og_title":"Valteri-koulu Ruskiksen korkealaatuinen ja energiaa s\u00e4\u00e4st\u00e4v\u00e4 valaistusratkaisu - Yhteiskuntavastuuraportti 2018","og_description":"Valaistuksella on suuri merkitys Valteri-koulu Ruskiksessa, jossa monilla oppilaista on haasteita n\u00e4\u00f6nk\u00e4yt\u00f6ss\u00e4. Turvallisuuden vuoksi koulussa tarvitaan riitt\u00e4v\u00e4sti valoa ja kontrasteja, ja valaistuksen on oltava h\u00e4ik\u00e4isem\u00e4t\u00f6nt\u00e4, v\u00e4lkkym\u00e4t\u00f6nt\u00e4 sek\u00e4 muunneltavissa oppilaiden tarpeiden mukaan. Senaatti-kiinteist\u00f6t toteutti vuonna 2018 yhteisty\u00f6ss\u00e4 Greenledin kanssa Valteri-koulu Ruskikselle uuden korkealaatuisen valaistusratkaisun, joka s\u00e4\u00e4st\u00e4\u00e4 my\u00f6s energiaa. Valteri-koulu Ruskiksen toiveena turvallinen, viihtyis\u00e4 ja muunneltava valaistus [&hellip;]","og_url":"https:\/\/www.senaatti.fi\/yhteiskuntavastuuraportti2018\/valteri-koulu-ruskiksen-korkealaatuinen-ja-energiaa-saastava-valaistusratkaisu\/","og_site_name":"Yhteiskuntavastuuraportti 2018","article_modified_time":"2019-04-08T08:21:20+00:00","og_image":[{"url":"https:\/\/www.senaatti.fi\/app_ykv_archive\/uploads\/sites\/7\/2019\/03\/Valteri-koulu-Ruskis1.jpg"}],"twitter_card":"summary_large_image","twitter_misc":{"Est. reading time":"4 minutes"},"schema":{"@context":"https:\/\/schema.org","@graph":[{"@type":"WebPage","@id":"https:\/\/www.senaatti.fi\/yhteiskuntavastuuraportti2018\/valteri-koulu-ruskiksen-korkealaatuinen-ja-energiaa-saastava-valaistusratkaisu\/","url":"https:\/\/www.senaatti.fi\/yhteiskuntavastuuraportti2018\/valteri-koulu-ruskiksen-korkealaatuinen-ja-energiaa-saastava-valaistusratkaisu\/","name":"Valteri-koulu Ruskiksen korkealaatuinen ja energiaa s\u00e4\u00e4st\u00e4v\u00e4 valaistusratkaisu - Yhteiskuntavastuuraportti 2018","isPartOf":{"@id":"https:\/\/www.senaatti.fi\/yhteiskuntavastuuraportti2018\/#website"},"primaryImageOfPage":{"@id":"https:\/\/www.senaatti.fi\/yhteiskuntavastuuraportti2018\/valteri-koulu-ruskiksen-korkealaatuinen-ja-energiaa-saastava-valaistusratkaisu\/#primaryimage"},"image":{"@id":"https:\/\/www.senaatti.fi\/yhteiskuntavastuuraportti2018\/valteri-koulu-ruskiksen-korkealaatuinen-ja-energiaa-saastava-valaistusratkaisu\/#primaryimage"},"thumbnailUrl":"https:\/\/www.senaatti.fi\/app_ykv_archive\/uploads\/sites\/7\/2019\/03\/Valteri-koulu-Ruskis1.jpg","datePublished":"2019-03-29T14:35:47+00:00","dateModified":"2019-04-08T08:21:20+00:00","breadcrumb":{"@id":"https:\/\/www.senaatti.fi\/yhteiskuntavastuuraportti2018\/valteri-koulu-ruskiksen-korkealaatuinen-ja-energiaa-saastava-valaistusratkaisu\/#breadcrumb"},"inLanguage":"en-US","potentialAction":[{"@type":"ReadAction","target":["https:\/\/www.senaatti.fi\/yhteiskuntavastuuraportti2018\/valteri-koulu-ruskiksen-korkealaatuinen-ja-energiaa-saastava-valaistusratkaisu\/"]}]},{"@type":"ImageObject","inLanguage":"en-US","@id":"https:\/\/www.senaatti.fi\/yhteiskuntavastuuraportti2018\/valteri-koulu-ruskiksen-korkealaatuinen-ja-energiaa-saastava-valaistusratkaisu\/#primaryimage","url":"https:\/\/www.senaatti.fi\/app_ykv_archive\/uploads\/sites\/7\/2019\/03\/Valteri-koulu-Ruskis1.jpg","contentUrl":"https:\/\/www.senaatti.fi\/app_ykv_archive\/uploads\/sites\/7\/2019\/03\/Valteri-koulu-Ruskis1.jpg"},{"@type":"BreadcrumbList","@id":"https:\/\/www.senaatti.fi\/yhteiskuntavastuuraportti2018\/valteri-koulu-ruskiksen-korkealaatuinen-ja-energiaa-saastava-valaistusratkaisu\/#breadcrumb","itemListElement":[{"@type":"ListItem","position":1,"name":"Home","item":"https:\/\/www.senaatti.fi\/yhteiskuntavastuuraportti2018\/"},{"@type":"ListItem","position":2,"name":"Valteri-koulu Ruskiksen korkealaatuinen ja energiaa s\u00e4\u00e4st\u00e4v\u00e4 valaistusratkaisu"}]},{"@type":"WebSite","@id":"https:\/\/www.senaatti.fi\/yhteiskuntavastuuraportti2018\/#website","url":"https:\/\/www.senaatti.fi\/yhteiskuntavastuuraportti2018\/","name":"Yhteiskuntavastuuraportti 2018","description":"","potentialAction":[{"@type":"SearchAction","target":{"@type":"EntryPoint","urlTemplate":"https:\/\/www.senaatti.fi\/yhteiskuntavastuuraportti2018\/?s={search_term_string}"},"query-input":{"@type":"PropertyValueSpecification","valueRequired":true,"valueName":"search_term_string"}}],"inLanguage":"en-US"}]}},"_links":{"self":[{"href":"https:\/\/www.senaatti.fi\/yhteiskuntavastuuraportti2018\/wp-json\/wp\/v2\/pages\/2161","targetHints":{"allow":["GET"]}}],"collection":[{"href":"https:\/\/www.senaatti.fi\/yhteiskuntavastuuraportti2018\/wp-json\/wp\/v2\/pages"}],"about":[{"href":"https:\/\/www.senaatti.fi\/yhteiskuntavastuuraportti2018\/wp-json\/wp\/v2\/types\/page"}],"author":[{"embeddable":true,"href":"https:\/\/www.senaatti.fi\/yhteiskuntavastuuraportti2018\/wp-json\/wp\/v2\/users\/14"}],"replies":[{"embeddable":true,"href":"https:\/\/www.senaatti.fi\/yhteiskuntavastuuraportti2018\/wp-json\/wp\/v2\/comments?post=2161"}],"version-history":[{"count":8,"href":"https:\/\/www.senaatti.fi\/yhteiskuntavastuuraportti2018\/wp-json\/wp\/v2\/pages\/2161\/revisions"}],"predecessor-version":[{"id":2364,"href":"https:\/\/www.senaatti.fi\/yhteiskuntavastuuraportti2018\/wp-json\/wp\/v2\/pages\/2161\/revisions\/2364"}],"wp:attachment":[{"href":"https:\/\/www.senaatti.fi\/yhteiskuntavastuuraportti2018\/wp-json\/wp\/v2\/media?parent=2161"}],"curies":[{"name":"wp","href":"https:\/\/api.w.org\/{rel}","templated":true}]}}