{"id":2146,"date":"2019-03-29T14:07:45","date_gmt":"2019-03-29T14:07:45","guid":{"rendered":"https:\/\/www.senaatti.fi\/yhteiskuntavastuuraportti2018\/?page_id=2146"},"modified":"2019-03-29T14:24:27","modified_gmt":"2019-03-29T14:24:27","slug":"suomalais-venalaisen-koulun-vastuullinen-kokonaisuus","status":"publish","type":"page","link":"https:\/\/www.senaatti.fi\/yhteiskuntavastuuraportti2018\/suomalais-venalaisen-koulun-vastuullinen-kokonaisuus\/","title":{"rendered":"Suomalais-ven\u00e4l\u00e4isen koulun vastuullinen kokonaisuus"},"content":{"rendered":"<p>Suomalais-ven\u00e4l\u00e4inen koulu on Helsingin Kaarelassa sijaitseva opetus- ja kulttuuriministeri\u00f6n hallinnonalaan kuuluva valtion kielikoulu, jossa annetaan esi-, perus- ja lukio-opetusta suomen ja ven\u00e4j\u00e4n kielell\u00e4. Oppilaita koulussa on noin 700 ja opettajia 60.<\/p>\n<p>Suomalais-ven\u00e4l\u00e4isen koulun peruskoulurakennus on valmistunut vuonna 1964 ja lukiorakennus vuonna 1985. Rakennusten talotekniikka on tullut k\u00e4ytt\u00f6ik\u00e4ns\u00e4 p\u00e4\u00e4h\u00e4n, rakennukset ovat huonokuntoisia ja lis\u00e4ksi niiss\u00e4 on sis\u00e4ilmaongelma, joten niiden korjaaminen edellytt\u00e4isi mittavia, uudisrakentamiseen verrattavia korjaus- ja muutost\u00f6it\u00e4. Siksi Senaatti p\u00e4\u00e4tti vuonna 2018, ett\u00e4 rakennukset puretaan ja niiden paikalle rakennetaan uusi, terve ja nykyaikaiseen opetusk\u00e4ytt\u00f6\u00f6n soveltuva koulurakennus. Samalla talotekniset m\u00e4\u00e4r\u00e4ykset ja koulun toiminnalliset tarpeet t\u00e4ytet\u00e4\u00e4n ja koulun sijainti s\u00e4ilyy samana.<\/p>\n<p>Koko koulu on siirtym\u00e4ss\u00e4 syyslukukaudesta 2019 alkaen v\u00e4ist\u00f6tiloihin uuden koulun rakentamisen ajaksi. Uuden koulurakennuksen toteuttaa SRV ja sen on tarkoitus valmistua syksyksi 2021. Suomalais-ven\u00e4l\u00e4isen koulun hankkeessa vastuullisuuteen on kiinnitetty erityist\u00e4 huomiota, sill\u00e4 koulurakennuksen rungoksi valittiin v\u00e4h\u00e4hiilisin vaihtoehto ja koulun liikuntatilat p\u00e4\u00e4tettiin toteuttaa uudella korkean k\u00e4ytt\u00f6asteen mahdollistavalla tavalla.<\/p>\n<h3>Koulurakennuksen hiilijalanj\u00e4ljen tarkastelu<\/h3>\n<p>Senaatti j\u00e4rjesti 17.1.-20.4.2018 kutsukilpailun Suomalais-ven\u00e4l\u00e4isen koulun suunnittelusta. Kilpailun jaetun ensimm\u00e4isen sijan saivat ehdotukset \u201dAkkuna\u201d (Arkkitehdit Frondelius + Keppo + Salmenper\u00e4 Oy) ja \u201dMaatuska\u201d (Arkkitehtuuritoimisto Heikkinen-Komonen Oy). Suunnittelukilpailun kaikista ehdotuksista tehtiin hiilijalanj\u00e4ljen laskelma. Ehdotusten hiilijalanj\u00e4lkeen vaikuttivat muun muassa rakennuksen runkomateriaali, katto, ikkunat ja joko maavaraisen tai kantavan alapohjan valinta.<\/p>\n<p>Syksyll\u00e4 2018 jatkokeskustelujen j\u00e4lkeen toteutukseen valittiin ehdotus \u201dAkkuna\u201d. Voittajaehdotus oli toiminnallisesti parhaiten Suomalais-ven\u00e4l\u00e4isen koulun tarpeisiin sopiva vaihtoehto ja sill\u00e4 oli my\u00f6s pienin hiilijalanj\u00e4lki. Voittajaehdotuksen runko on tehty puusta. Kilpailuehdotuksista suurihiilisimm\u00e4n vaihtoehdon rungon p\u00e4\u00e4st\u00f6t olisivat olleet kaksinkertaiset voittajaehdotuksen puurunkoon verrattuna.<\/p>\n<h3>Korkean k\u00e4ytt\u00f6asteen mahdollistava liikuntahalliratkaisu<\/h3>\n<figure id=\"attachment_2142\" aria-describedby=\"caption-attachment-2142\" style=\"width: 1231px\" class=\"wp-caption alignnone\"><img loading=\"lazy\" decoding=\"async\" class=\"wp-image-2142 size-full\" src=\"https:\/\/www.senaatti.fi\/app_ykv_archive\/uploads\/sites\/7\/2019\/03\/Suomalais-ven\u00e4l\u00e4inen-koulu-liikuntahalli.jpg\" alt=\"Havainnekuva Suomalais-ven\u00e4l\u00e4isen koulun viereisest\u00e4 liikunahallista\" width=\"1231\" height=\"721\" srcset=\"https:\/\/www.senaatti.fi\/app_ykv_archive\/uploads\/sites\/7\/2019\/03\/Suomalais-ven\u00e4l\u00e4inen-koulu-liikuntahalli.jpg 1231w, https:\/\/www.senaatti.fi\/app_ykv_archive\/uploads\/sites\/7\/2019\/03\/Suomalais-ven\u00e4l\u00e4inen-koulu-liikuntahalli-300x176.jpg 300w, https:\/\/www.senaatti.fi\/app_ykv_archive\/uploads\/sites\/7\/2019\/03\/Suomalais-ven\u00e4l\u00e4inen-koulu-liikuntahalli-768x450.jpg 768w, https:\/\/www.senaatti.fi\/app_ykv_archive\/uploads\/sites\/7\/2019\/03\/Suomalais-ven\u00e4l\u00e4inen-koulu-liikuntahalli-1024x600.jpg 1024w\" sizes=\"auto, (max-width: 1231px) 100vw, 1231px\" \/><figcaption id=\"caption-attachment-2142\" class=\"wp-caption-text\">Havainnekuva Suomalais-ven\u00e4l\u00e4isen koulun viereisest\u00e4 liikuntahallista. Kuvan Copyright \u00a9 Lehto Group Oyj.<\/figcaption><\/figure>\n<p>Uuden koulurakennuksen suunnittelun rinnalla mietittiin, miten koulun liikuntatilat kannattaisi toteuttaa. Senaatti p\u00e4\u00e4tyi ratkaisuun, jossa uuden koulurakennuksen sis\u00e4\u00e4n ei rakenneta omaa liikuntasalia, vaan ulkopuolinen toimija rakennuttaa koulun tontille liikuntahallin, johon koululla on k\u00e4ytt\u00f6oikeus. Suunnitelman mukaan Arena Center Oy tulee olemaan liikuntahallin omistaja ja operaattori. My\u00f6s liikuntahallin on tarkoitus valmistua syksyksi 2021.<\/p>\n<p>Suomalais-ven\u00e4l\u00e4inen koulu saa k\u00e4ytt\u00e4\u00e4 liikuntahallia ja kahta salibandykentt\u00e4\u00e4. K\u00e4ytt\u00f6oikeus kattaa yhteens\u00e4 noin 2000 m2 liikuntatilat sek\u00e4 liikuntahallin oheispalvelut, kuten kahvion ja pukuhuoneet. Koululla on oikeus k\u00e4ytt\u00e4\u00e4 liikuntatiloja p\u00e4\u00e4s\u00e4\u00e4nt\u00f6isesti koulun aukiolop\u00e4ivin\u00e4 kello 8-16. Muina aikoina tiloja k\u00e4ytt\u00e4v\u00e4t Arena Center Oy:n muut asiakkaat.<\/p>\n<p>Rakennettavan liikuntahallin tilojen k\u00e4ytt\u00f6aste tulee olemaan korkea, koska koulu k\u00e4ytt\u00e4\u00e4 tiloja p\u00e4ivisin ja muut tahot iltaisin sek\u00e4 viikonloppuisin. Lis\u00e4ksi liikuntahalliin tulee enemm\u00e4n tilaa kuin koulun sis\u00e4\u00e4n rakennettavaan liikuntasaliin olisi tullut. Koulun opetustoimintaa on my\u00f6s helpompi j\u00e4rjestell\u00e4, kun liikuntahallin eri tiloissa voi liikkua monta oppilasryhm\u00e4\u00e4 yht\u00e4 aikaa.<\/p>\n<p><a href=\"https:\/\/www.senaatti.fi\/yhteiskuntavastuuraportti2018\/vastuullisuus-senaatissa\/ymparisto\/kestava-rakentaminen\/\">Takaisin Kest\u00e4v\u00e4 rakentaminen -sivulle<\/a><\/p>\n","protected":false},"excerpt":{"rendered":"<p>Suomalais-ven\u00e4l\u00e4inen koulu on Helsingin Kaarelassa sijaitseva opetus- ja kulttuuriministeri\u00f6n hallinnonalaan kuuluva valtion kielikoulu, jossa annetaan esi-, perus- ja lukio-opetusta suomen ja ven\u00e4j\u00e4n kielell\u00e4. Oppilaita koulussa on noin 700 ja opettajia 60. Suomalais-ven\u00e4l\u00e4isen koulun peruskoulurakennus on valmistunut vuonna 1964 ja lukiorakennus vuonna 1985. Rakennusten talotekniikka on tullut k\u00e4ytt\u00f6ik\u00e4ns\u00e4 p\u00e4\u00e4h\u00e4n, rakennukset ovat huonokuntoisia ja lis\u00e4ksi niiss\u00e4 on [&hellip;]<\/p>\n","protected":false},"author":14,"featured_media":0,"parent":0,"menu_order":0,"comment_status":"closed","ping_status":"closed","template":"","meta":{"_acf_changed":false,"footnotes":""},"class_list":["post-2146","page","type-page","status-publish","hentry"],"acf":[],"yoast_head":"<!-- This site is optimized with the Yoast SEO plugin v23.9 - https:\/\/yoast.com\/wordpress\/plugins\/seo\/ -->\n<title>Suomalais-ven\u00e4l\u00e4isen koulun vastuullinen kokonaisuus - Yhteiskuntavastuuraportti 2018<\/title>\n<meta name=\"robots\" content=\"index, follow, max-snippet:-1, max-image-preview:large, max-video-preview:-1\" \/>\n<link rel=\"canonical\" href=\"https:\/\/www.senaatti.fi\/yhteiskuntavastuuraportti2018\/suomalais-venalaisen-koulun-vastuullinen-kokonaisuus\/\" \/>\n<meta property=\"og:locale\" content=\"en_US\" \/>\n<meta property=\"og:type\" content=\"article\" \/>\n<meta property=\"og:title\" content=\"Suomalais-ven\u00e4l\u00e4isen koulun vastuullinen kokonaisuus - Yhteiskuntavastuuraportti 2018\" \/>\n<meta property=\"og:description\" content=\"Suomalais-ven\u00e4l\u00e4inen koulu on Helsingin Kaarelassa sijaitseva opetus- ja kulttuuriministeri\u00f6n hallinnonalaan kuuluva valtion kielikoulu, jossa annetaan esi-, perus- ja lukio-opetusta suomen ja ven\u00e4j\u00e4n kielell\u00e4. Oppilaita koulussa on noin 700 ja opettajia 60. Suomalais-ven\u00e4l\u00e4isen koulun peruskoulurakennus on valmistunut vuonna 1964 ja lukiorakennus vuonna 1985. Rakennusten talotekniikka on tullut k\u00e4ytt\u00f6ik\u00e4ns\u00e4 p\u00e4\u00e4h\u00e4n, rakennukset ovat huonokuntoisia ja lis\u00e4ksi niiss\u00e4 on [&hellip;]\" \/>\n<meta property=\"og:url\" content=\"https:\/\/www.senaatti.fi\/yhteiskuntavastuuraportti2018\/suomalais-venalaisen-koulun-vastuullinen-kokonaisuus\/\" \/>\n<meta property=\"og:site_name\" content=\"Yhteiskuntavastuuraportti 2018\" \/>\n<meta property=\"article:modified_time\" content=\"2019-03-29T14:24:27+00:00\" \/>\n<meta property=\"og:image\" content=\"https:\/\/www.senaatti.fi\/app_ykv_archive\/uploads\/sites\/7\/2019\/03\/Suomalais-ven\u00e4l\u00e4inen-koulu-liikuntahalli.jpg\" \/>\n<meta name=\"twitter:card\" content=\"summary_large_image\" \/>\n<meta name=\"twitter:label1\" content=\"Est. reading time\" \/>\n\t<meta name=\"twitter:data1\" content=\"2 minutes\" \/>\n<script type=\"application\/ld+json\" class=\"yoast-schema-graph\">{\"@context\":\"https:\/\/schema.org\",\"@graph\":[{\"@type\":\"WebPage\",\"@id\":\"https:\/\/www.senaatti.fi\/yhteiskuntavastuuraportti2018\/suomalais-venalaisen-koulun-vastuullinen-kokonaisuus\/\",\"url\":\"https:\/\/www.senaatti.fi\/yhteiskuntavastuuraportti2018\/suomalais-venalaisen-koulun-vastuullinen-kokonaisuus\/\",\"name\":\"Suomalais-ven\u00e4l\u00e4isen koulun vastuullinen kokonaisuus - Yhteiskuntavastuuraportti 2018\",\"isPartOf\":{\"@id\":\"https:\/\/www.senaatti.fi\/yhteiskuntavastuuraportti2018\/#website\"},\"datePublished\":\"2019-03-29T14:07:45+00:00\",\"dateModified\":\"2019-03-29T14:24:27+00:00\",\"breadcrumb\":{\"@id\":\"https:\/\/www.senaatti.fi\/yhteiskuntavastuuraportti2018\/suomalais-venalaisen-koulun-vastuullinen-kokonaisuus\/#breadcrumb\"},\"inLanguage\":\"en-US\",\"potentialAction\":[{\"@type\":\"ReadAction\",\"target\":[\"https:\/\/www.senaatti.fi\/yhteiskuntavastuuraportti2018\/suomalais-venalaisen-koulun-vastuullinen-kokonaisuus\/\"]}]},{\"@type\":\"BreadcrumbList\",\"@id\":\"https:\/\/www.senaatti.fi\/yhteiskuntavastuuraportti2018\/suomalais-venalaisen-koulun-vastuullinen-kokonaisuus\/#breadcrumb\",\"itemListElement\":[{\"@type\":\"ListItem\",\"position\":1,\"name\":\"Home\",\"item\":\"https:\/\/www.senaatti.fi\/yhteiskuntavastuuraportti2018\/\"},{\"@type\":\"ListItem\",\"position\":2,\"name\":\"Suomalais-ven\u00e4l\u00e4isen koulun vastuullinen kokonaisuus\"}]},{\"@type\":\"WebSite\",\"@id\":\"https:\/\/www.senaatti.fi\/yhteiskuntavastuuraportti2018\/#website\",\"url\":\"https:\/\/www.senaatti.fi\/yhteiskuntavastuuraportti2018\/\",\"name\":\"Yhteiskuntavastuuraportti 2018\",\"description\":\"\",\"potentialAction\":[{\"@type\":\"SearchAction\",\"target\":{\"@type\":\"EntryPoint\",\"urlTemplate\":\"https:\/\/www.senaatti.fi\/yhteiskuntavastuuraportti2018\/?s={search_term_string}\"},\"query-input\":{\"@type\":\"PropertyValueSpecification\",\"valueRequired\":true,\"valueName\":\"search_term_string\"}}],\"inLanguage\":\"en-US\"}]}<\/script>\n<!-- \/ Yoast SEO plugin. -->","yoast_head_json":{"title":"Suomalais-ven\u00e4l\u00e4isen koulun vastuullinen kokonaisuus - Yhteiskuntavastuuraportti 2018","robots":{"index":"index","follow":"follow","max-snippet":"max-snippet:-1","max-image-preview":"max-image-preview:large","max-video-preview":"max-video-preview:-1"},"canonical":"https:\/\/www.senaatti.fi\/yhteiskuntavastuuraportti2018\/suomalais-venalaisen-koulun-vastuullinen-kokonaisuus\/","og_locale":"en_US","og_type":"article","og_title":"Suomalais-ven\u00e4l\u00e4isen koulun vastuullinen kokonaisuus - Yhteiskuntavastuuraportti 2018","og_description":"Suomalais-ven\u00e4l\u00e4inen koulu on Helsingin Kaarelassa sijaitseva opetus- ja kulttuuriministeri\u00f6n hallinnonalaan kuuluva valtion kielikoulu, jossa annetaan esi-, perus- ja lukio-opetusta suomen ja ven\u00e4j\u00e4n kielell\u00e4. Oppilaita koulussa on noin 700 ja opettajia 60. Suomalais-ven\u00e4l\u00e4isen koulun peruskoulurakennus on valmistunut vuonna 1964 ja lukiorakennus vuonna 1985. Rakennusten talotekniikka on tullut k\u00e4ytt\u00f6ik\u00e4ns\u00e4 p\u00e4\u00e4h\u00e4n, rakennukset ovat huonokuntoisia ja lis\u00e4ksi niiss\u00e4 on [&hellip;]","og_url":"https:\/\/www.senaatti.fi\/yhteiskuntavastuuraportti2018\/suomalais-venalaisen-koulun-vastuullinen-kokonaisuus\/","og_site_name":"Yhteiskuntavastuuraportti 2018","article_modified_time":"2019-03-29T14:24:27+00:00","og_image":[{"url":"https:\/\/www.senaatti.fi\/app_ykv_archive\/uploads\/sites\/7\/2019\/03\/Suomalais-ven\u00e4l\u00e4inen-koulu-liikuntahalli.jpg"}],"twitter_card":"summary_large_image","twitter_misc":{"Est. reading time":"2 minutes"},"schema":{"@context":"https:\/\/schema.org","@graph":[{"@type":"WebPage","@id":"https:\/\/www.senaatti.fi\/yhteiskuntavastuuraportti2018\/suomalais-venalaisen-koulun-vastuullinen-kokonaisuus\/","url":"https:\/\/www.senaatti.fi\/yhteiskuntavastuuraportti2018\/suomalais-venalaisen-koulun-vastuullinen-kokonaisuus\/","name":"Suomalais-ven\u00e4l\u00e4isen koulun vastuullinen kokonaisuus - Yhteiskuntavastuuraportti 2018","isPartOf":{"@id":"https:\/\/www.senaatti.fi\/yhteiskuntavastuuraportti2018\/#website"},"datePublished":"2019-03-29T14:07:45+00:00","dateModified":"2019-03-29T14:24:27+00:00","breadcrumb":{"@id":"https:\/\/www.senaatti.fi\/yhteiskuntavastuuraportti2018\/suomalais-venalaisen-koulun-vastuullinen-kokonaisuus\/#breadcrumb"},"inLanguage":"en-US","potentialAction":[{"@type":"ReadAction","target":["https:\/\/www.senaatti.fi\/yhteiskuntavastuuraportti2018\/suomalais-venalaisen-koulun-vastuullinen-kokonaisuus\/"]}]},{"@type":"BreadcrumbList","@id":"https:\/\/www.senaatti.fi\/yhteiskuntavastuuraportti2018\/suomalais-venalaisen-koulun-vastuullinen-kokonaisuus\/#breadcrumb","itemListElement":[{"@type":"ListItem","position":1,"name":"Home","item":"https:\/\/www.senaatti.fi\/yhteiskuntavastuuraportti2018\/"},{"@type":"ListItem","position":2,"name":"Suomalais-ven\u00e4l\u00e4isen koulun vastuullinen kokonaisuus"}]},{"@type":"WebSite","@id":"https:\/\/www.senaatti.fi\/yhteiskuntavastuuraportti2018\/#website","url":"https:\/\/www.senaatti.fi\/yhteiskuntavastuuraportti2018\/","name":"Yhteiskuntavastuuraportti 2018","description":"","potentialAction":[{"@type":"SearchAction","target":{"@type":"EntryPoint","urlTemplate":"https:\/\/www.senaatti.fi\/yhteiskuntavastuuraportti2018\/?s={search_term_string}"},"query-input":{"@type":"PropertyValueSpecification","valueRequired":true,"valueName":"search_term_string"}}],"inLanguage":"en-US"}]}},"_links":{"self":[{"href":"https:\/\/www.senaatti.fi\/yhteiskuntavastuuraportti2018\/wp-json\/wp\/v2\/pages\/2146","targetHints":{"allow":["GET"]}}],"collection":[{"href":"https:\/\/www.senaatti.fi\/yhteiskuntavastuuraportti2018\/wp-json\/wp\/v2\/pages"}],"about":[{"href":"https:\/\/www.senaatti.fi\/yhteiskuntavastuuraportti2018\/wp-json\/wp\/v2\/types\/page"}],"author":[{"embeddable":true,"href":"https:\/\/www.senaatti.fi\/yhteiskuntavastuuraportti2018\/wp-json\/wp\/v2\/users\/14"}],"replies":[{"embeddable":true,"href":"https:\/\/www.senaatti.fi\/yhteiskuntavastuuraportti2018\/wp-json\/wp\/v2\/comments?post=2146"}],"version-history":[{"count":4,"href":"https:\/\/www.senaatti.fi\/yhteiskuntavastuuraportti2018\/wp-json\/wp\/v2\/pages\/2146\/revisions"}],"predecessor-version":[{"id":2167,"href":"https:\/\/www.senaatti.fi\/yhteiskuntavastuuraportti2018\/wp-json\/wp\/v2\/pages\/2146\/revisions\/2167"}],"wp:attachment":[{"href":"https:\/\/www.senaatti.fi\/yhteiskuntavastuuraportti2018\/wp-json\/wp\/v2\/media?parent=2146"}],"curies":[{"name":"wp","href":"https:\/\/api.w.org\/{rel}","templated":true}]}}