{"id":1839,"date":"2019-03-28T07:38:31","date_gmt":"2019-03-28T07:38:31","guid":{"rendered":"https:\/\/www.senaatti.fi\/yhteiskuntavastuuraportti2018\/?page_id=1839"},"modified":"2022-04-12T10:43:47","modified_gmt":"2022-04-12T10:43:47","slug":"strategia","status":"publish","type":"page","link":"https:\/\/www.senaatti.fi\/yhteiskuntavastuuraportti2018\/senaatti\/strategia\/","title":{"rendered":"Strategia"},"content":{"rendered":"<p>Tavoitteenamme on yhteisty\u00f6ss\u00e4 vastuullisen kumppaniverkostomme kanssa tuottaa ja yll\u00e4pit\u00e4\u00e4 valtionhallinnolle ty\u00f6ymp\u00e4rist\u00f6j\u00e4 ja niihin liittyvi\u00e4 palveluita, joiden avulla ty\u00f6n suorituskyky paranee ja valtion tilakustannukset alenevat.\u00a0 Visionamme on, ett\u00e4 Suomen valtio on uusien ty\u00f6nteon tapojen ja ty\u00f6ymp\u00e4rist\u00f6jen edell\u00e4k\u00e4vij\u00e4.<\/p>\n<h2>Uusi strategiakausi 2019-2022<\/h2>\n<p>Senaatti-kiinteist\u00f6t uudisti vuoden 2018\u00a0\u00a0aikana strategiansa kaudelle 2019-2022.\u00a0 Senaatin henkil\u00f6st\u00f6 teki vahvan pohjaty\u00f6n strategiaan,\u00a0ja senaattilaisia osallistettiin strategiaty\u00f6h\u00f6n muun muassa erilaisten ty\u00f6ryhmien muodossa<\/p>\n<div class=\"embed-responsive embed-responsive-16by9\"><iframe loading=\"lazy\" title=\"Senaatti-kiinteist\u00f6jen strategia 2019-2022 tekstitys\" width=\"500\" height=\"281\" src=\"https:\/\/www.youtube.com\/embed\/kRgrFvSBDwE?feature=oembed\" frameborder=\"0\" allow=\"accelerometer; autoplay; clipboard-write; encrypted-media; gyroscope; picture-in-picture; web-share\" referrerpolicy=\"strict-origin-when-cross-origin\" allowfullscreen><\/iframe><\/div>\n<p>&nbsp;<\/p>\n<h2>Strategiset tavoitteemme 2019 &#8211; 2022<\/h2>\n<div class=\"row\">\n<div class=\"col-sm-4 text-align-center\">\n<p><img loading=\"lazy\" decoding=\"async\" class=\"alignnone size-full wp-image-731 ykv-icon margin-bottom-10\" src=\"https:\/\/www.senaatti.fi\/app_ykv_archive\/uploads\/sites\/2\/2018\/03\/senaatti-ykv-icon-kaavio.png\" alt=\"\" width=\"220\" height=\"220\" srcset=\"https:\/\/www.senaatti.fi\/app_ykv_archive\/uploads\/sites\/7\/2018\/03\/senaatti-ykv-icon-kaavio.png 220w, https:\/\/www.senaatti.fi\/app_ykv_archive\/uploads\/sites\/7\/2018\/03\/senaatti-ykv-icon-kaavio-150x150.png 150w\" sizes=\"auto, (max-width: 220px) 100vw, 220px\" \/><\/p>\n<p>KUUNTELEMME JA AUTAMME ASIAKASTA ONNISTUMAAN<\/p>\n<p>Haluamme syvent\u00e4\u00e4 suhdetta asiakkaisiimme entisest\u00e4\u00e4n ja varmistaa, ett\u00e4 toimintamme ja palvelumme tuottavat mahdollisimman hyv\u00e4n asiakaskokemuksen.<\/p>\n<p>Jatkossa haluamme tarjota asiakkaillemme entist\u00e4 kokonaisvaltaisempaa tukea toimitilajohtamisen teht\u00e4viss\u00e4.<\/p>\n<p>Olemme k\u00e4ynnist\u00e4neet systemaattisen asiakasyhteisty\u00f6n toimintamallin rakentamisen asiakaskokemuksen parantamiseksi.<\/p>\n<p>&nbsp;<\/p>\n<\/div>\n<div class=\"col-sm-4 text-align-center\">\n<p><img loading=\"lazy\" decoding=\"async\" class=\"alignnone size-full wp-image-730 ykv-icon margin-bottom-10\" src=\"https:\/\/www.senaatti.fi\/app_ykv_archive\/uploads\/sites\/2\/2018\/03\/senaatti-ykv-icon-100milj.png\" alt=\"\" width=\"220\" height=\"220\" srcset=\"https:\/\/www.senaatti.fi\/app_ykv_archive\/uploads\/sites\/7\/2018\/03\/senaatti-ykv-icon-100milj.png 220w, https:\/\/www.senaatti.fi\/app_ykv_archive\/uploads\/sites\/7\/2018\/03\/senaatti-ykv-icon-100milj-150x150.png 150w\" sizes=\"auto, (max-width: 220px) 100vw, 220px\" \/><\/p>\n<p>S\u00c4\u00c4ST\u00c4MME YLI 100M\u20ac\/V TOIMITILAKUSTANNUKSISSA VUOTEEN 2022 MENNESS\u00c4<\/p>\n<p>Autamme asiakkaitamme parantamaan suorituskyky\u00e4 ja s\u00e4\u00e4st\u00e4m\u00e4\u00e4n tilakustannuksissa uusien ty\u00f6nteon tapojen ja ty\u00f6ymp\u00e4rist\u00f6jen avulla. Suunnittelemme my\u00f6s tilank\u00e4ytt\u00f6\u00e4 tehostavia, yhteisk\u00e4ytt\u00f6isi\u00e4 ty\u00f6ymp\u00e4rist\u00f6j\u00e4.<\/p>\n<p>Erityistiloissa toimiville asiakkaille kehit\u00e4mme asiakas- ja toimintal\u00e4ht\u00f6isi\u00e4 konsepteja, jotka uudistavat sek\u00e4 tiloja ett\u00e4 toimintaa ja parantavat vaikuttavuutta.<\/p>\n<p>&nbsp;<\/p>\n<\/div>\n<div class=\"col-sm-4 text-align-center\">\n<p><img loading=\"lazy\" decoding=\"async\" class=\"alignnone size-full wp-image-732 ykv-icon margin-bottom-10\" src=\"https:\/\/www.senaatti.fi\/app_ykv_archive\/uploads\/sites\/2\/2018\/03\/senaatti-ykv-icon-ymparisto-1.png\" alt=\"\" width=\"220\" height=\"220\" srcset=\"https:\/\/www.senaatti.fi\/app_ykv_archive\/uploads\/sites\/7\/2018\/03\/senaatti-ykv-icon-ymparisto-1.png 220w, https:\/\/www.senaatti.fi\/app_ykv_archive\/uploads\/sites\/7\/2018\/03\/senaatti-ykv-icon-ymparisto-1-150x150.png 150w\" sizes=\"auto, (max-width: 220px) 100vw, 220px\" \/><\/p>\n<p>TEEMME SUOMESTA SIS\u00c4OLOSUHTEIDEN MALLIMAAN<\/p>\n<p>Julistimme nollatoleranssin sis\u00e4olosuhdeongelmille: ehk\u00e4isemme ennalta ja reagoimme v\u00e4litt\u00f6m\u00e4sti.<\/p>\n<p>Nollatoleranssi-ohjelmalla Senaatti t\u00e4ht\u00e4\u00e4 kattavasti ja monipuolisesti valtion toimitilojen sis\u00e4olosuhteiden laadun parantamiseen ja ongelmien sel\u00e4tt\u00e4miseen.<\/p>\n<p>Strategiakauden tavoitteena on alentaa sis\u00e4olosuhdeongelmista aiheutuvia ty\u00f6tehoon, terveyteen ja kiinteist\u00f6talouteen liittyvi\u00e4 kustannuksia 40 milj. eurolla vuoteen 2022 menness\u00e4.<\/p>\n<p>Kokoamme alan toimijat saman p\u00f6yd\u00e4n \u00e4\u00e4reen yhteisen toimintakulttuurin ja rohkeiden ratkaisujen kehitt\u00e4miseksi<\/p>\n<\/div>\n<\/div>\n<div><\/div>\n<h2>Strategiakauden 2014 &#8211; 2018 tavoitteet ja niiss\u00e4 onnistuminen<\/h2>\n<p><strong>Organisaation suorituskyky\u00e4 parantavat uudet ty\u00f6nteon tavat ja uusi ty\u00f6ymp\u00e4rist\u00f6ajattelu koko valtionhallintoon<\/strong><\/p>\n<ul>\n<li>Valtion toimitilastrategian mukaiset monitilaymp\u00e4rist\u00f6t ovat vakiinnuttaneet asemansa toimistoty\u00f6t\u00e4 tekeviss\u00e4 organisaatioissa.<\/li>\n<li>Valtiolla on noin 50\u00a0000 toimistoty\u00f6ntekij\u00e4\u00e4, joista hieman yli 19\u00a0000 ty\u00f6skentelee jo monitilaymp\u00e4rist\u00f6ss\u00e4.<\/li>\n<li>Tutkimusten mukaan monitilaymp\u00e4rist\u00f6 tukee tietoty\u00f6n suorituskyky\u00e4 kaikilla ulottuvuuksilla. Subjektiivisesti arvioitu suorituskyky nousi 13 % monitilaymp\u00e4rist\u00f6\u00f6n muuton j\u00e4lkeen.<\/li>\n<\/ul>\n<p><strong>100 milj. euron vuosittaiset s\u00e4\u00e4st\u00f6t toimitilakustannuksissa valtiolle 8 vuodessa<\/strong><\/p>\n<ul>\n<li>Toimitilas\u00e4\u00e4st\u00f6jen toteuttaminen on edennyt tavoitetta nopeammin. Kahdeksalle vuodelle asetettu 100 milj. euron tavoite on l\u00e4hes saavutettu nelj\u00e4ss\u00e4 vuodessa uudistamalla ty\u00f6ymp\u00e4rist\u00f6j\u00e4 yhteisty\u00f6ss\u00e4 asiakkauidemme kanssa ja myym\u00e4ll\u00e4 menestyksekk\u00e4\u00e4sti valtiolle tarpeetonta kiinteist\u00f6omaisuutta.<\/li>\n<\/ul>\n<p><strong>Yhteiskuntavastuullinen toiminta alan suunnann\u00e4ytt\u00e4j\u00e4n\u00e4<\/strong><\/p>\n<ul>\n<li>Uudistimme hankintak\u00e4yt\u00e4nt\u00f6j\u00e4, mitk\u00e4 erityisesti liittyiv\u00e4t toimittajaverkostojen johtamiseen.<\/li>\n<li>Paransimme hankintojen suunnitelmallisuutta ja otimme k\u00e4ytt\u00f6\u00f6n uuden kilpailutusj\u00e4rjestelm\u00e4n ja kilpailutusty\u00f6kalun.<\/li>\n<li>Talousrikollisuuden torjuntaan liittyv\u00e4 ty\u00f6 on vakiintunut toiminto. Tarkastusten perusteella urakoitsijoiden toiminta talousrikollisuuden torjunnassa on pysynyt hyv\u00e4ll\u00e4 tasolla.<\/li>\n<\/ul>\n<h2>Valtion toimitilastrategia<\/h2>\n<p>Senaatti-kiinteist\u00f6jen strategiset tavoitteet perustuvat valtion toimitilastrategian linjauksiin.\u00a0 Senaatilla on keskeinen rooli valtion toimitilastrategian toteuttamisessa ja asiakkaiden tavoitteiden saavuttamisessa.<\/p>\n<p>Valtion toimitilastrategian tavoitteena on, ett\u00e4 valtionhallinnon k\u00e4yt\u00f6ss\u00e4 olevat toimitilat edist\u00e4v\u00e4t tuottavaa ty\u00f6skentely\u00e4 tukemalla uusia ty\u00f6nteon tapoja, olemalla viihtyisi\u00e4 ja tilank\u00e4yt\u00f6lt\u00e4\u00e4n tehokkaita ja v\u00e4hent\u00e4v\u00e4t sen my\u00f6t\u00e4 my\u00f6s ilmastokuormitusta. Tilaratkaisuissa varmistetaan tilojen terveellisyys ja turvallisuus sek\u00e4 valtion kokonaisetu ja yhteiskuntavastuullisuus.<\/p>\n<p><img loading=\"lazy\" decoding=\"async\" class=\"alignleft size-large wp-image-2030\" src=\"https:\/\/www.senaatti.fi\/app_ykv_archive\/uploads\/sites\/7\/2019\/03\/tilatehokkuus-1-1024x727.png\" alt=\"valtion toimitilastrategian kuvaus piirros talo\" width=\"1024\" height=\"727\" srcset=\"https:\/\/www.senaatti.fi\/app_ykv_archive\/uploads\/sites\/7\/2019\/03\/tilatehokkuus-1-1024x727.png 1024w, https:\/\/www.senaatti.fi\/app_ykv_archive\/uploads\/sites\/7\/2019\/03\/tilatehokkuus-1-300x213.png 300w, https:\/\/www.senaatti.fi\/app_ykv_archive\/uploads\/sites\/7\/2019\/03\/tilatehokkuus-1-768x546.png 768w, https:\/\/www.senaatti.fi\/app_ykv_archive\/uploads\/sites\/7\/2019\/03\/tilatehokkuus-1.png 1381w\" sizes=\"auto, (max-width: 1024px) 100vw, 1024px\" \/><\/p>\n<div>\n<div class=\"row\">\n<p>&nbsp;<\/p>\n<\/div>\n<\/div>\n","protected":false},"excerpt":{"rendered":"<p>Tavoitteenamme on yhteisty\u00f6ss\u00e4 vastuullisen kumppaniverkostomme kanssa tuottaa ja yll\u00e4pit\u00e4\u00e4 valtionhallinnolle ty\u00f6ymp\u00e4rist\u00f6j\u00e4 ja niihin liittyvi\u00e4 palveluita, joiden avulla ty\u00f6n suorituskyky paranee ja valtion tilakustannukset alenevat.\u00a0 Visionamme on, ett\u00e4 Suomen valtio on uusien ty\u00f6nteon tapojen ja ty\u00f6ymp\u00e4rist\u00f6jen edell\u00e4k\u00e4vij\u00e4. Uusi strategiakausi 2019-2022 Senaatti-kiinteist\u00f6t uudisti vuoden 2018\u00a0\u00a0aikana strategiansa kaudelle 2019-2022.\u00a0 Senaatin henkil\u00f6st\u00f6 teki vahvan pohjaty\u00f6n strategiaan,\u00a0ja senaattilaisia osallistettiin strategiaty\u00f6h\u00f6n [&hellip;]<\/p>\n","protected":false},"author":11,"featured_media":0,"parent":37,"menu_order":4,"comment_status":"closed","ping_status":"closed","template":"","meta":{"_acf_changed":false,"footnotes":""},"class_list":["post-1839","page","type-page","status-publish","hentry"],"acf":[],"yoast_head":"<!-- This site is optimized with the Yoast SEO plugin v23.9 - https:\/\/yoast.com\/wordpress\/plugins\/seo\/ -->\n<title>Strategia - Yhteiskuntavastuuraportti 2018<\/title>\n<meta name=\"robots\" content=\"index, follow, max-snippet:-1, max-image-preview:large, max-video-preview:-1\" \/>\n<link rel=\"canonical\" href=\"https:\/\/www.senaatti.fi\/yhteiskuntavastuuraportti2018\/senaatti\/strategia\/\" \/>\n<meta property=\"og:locale\" content=\"en_US\" \/>\n<meta property=\"og:type\" content=\"article\" \/>\n<meta property=\"og:title\" content=\"Strategia - Yhteiskuntavastuuraportti 2018\" \/>\n<meta property=\"og:description\" content=\"Tavoitteenamme on yhteisty\u00f6ss\u00e4 vastuullisen kumppaniverkostomme kanssa tuottaa ja yll\u00e4pit\u00e4\u00e4 valtionhallinnolle ty\u00f6ymp\u00e4rist\u00f6j\u00e4 ja niihin liittyvi\u00e4 palveluita, joiden avulla ty\u00f6n suorituskyky paranee ja valtion tilakustannukset alenevat.\u00a0 Visionamme on, ett\u00e4 Suomen valtio on uusien ty\u00f6nteon tapojen ja ty\u00f6ymp\u00e4rist\u00f6jen edell\u00e4k\u00e4vij\u00e4. Uusi strategiakausi 2019-2022 Senaatti-kiinteist\u00f6t uudisti vuoden 2018\u00a0\u00a0aikana strategiansa kaudelle 2019-2022.\u00a0 Senaatin henkil\u00f6st\u00f6 teki vahvan pohjaty\u00f6n strategiaan,\u00a0ja senaattilaisia osallistettiin strategiaty\u00f6h\u00f6n [&hellip;]\" \/>\n<meta property=\"og:url\" content=\"https:\/\/www.senaatti.fi\/yhteiskuntavastuuraportti2018\/senaatti\/strategia\/\" \/>\n<meta property=\"og:site_name\" content=\"Yhteiskuntavastuuraportti 2018\" \/>\n<meta property=\"article:modified_time\" content=\"2022-04-12T10:43:47+00:00\" \/>\n<meta property=\"og:image\" content=\"https:\/\/www.senaatti.fi\/app_ykv_archive\/uploads\/sites\/2\/2018\/03\/senaatti-ykv-icon-kaavio.png\" \/>\n<meta name=\"twitter:card\" content=\"summary_large_image\" \/>\n<meta name=\"twitter:label1\" content=\"Est. reading time\" \/>\n\t<meta name=\"twitter:data1\" content=\"3 minutes\" \/>\n<script type=\"application\/ld+json\" class=\"yoast-schema-graph\">{\"@context\":\"https:\/\/schema.org\",\"@graph\":[{\"@type\":\"WebPage\",\"@id\":\"https:\/\/www.senaatti.fi\/yhteiskuntavastuuraportti2018\/senaatti\/strategia\/\",\"url\":\"https:\/\/www.senaatti.fi\/yhteiskuntavastuuraportti2018\/senaatti\/strategia\/\",\"name\":\"Strategia - Yhteiskuntavastuuraportti 2018\",\"isPartOf\":{\"@id\":\"https:\/\/www.senaatti.fi\/yhteiskuntavastuuraportti2018\/#website\"},\"primaryImageOfPage\":{\"@id\":\"https:\/\/www.senaatti.fi\/yhteiskuntavastuuraportti2018\/senaatti\/strategia\/#primaryimage\"},\"image\":{\"@id\":\"https:\/\/www.senaatti.fi\/yhteiskuntavastuuraportti2018\/senaatti\/strategia\/#primaryimage\"},\"thumbnailUrl\":\"https:\/\/www.senaatti.fi\/app_ykv_archive\/uploads\/sites\/2\/2018\/03\/senaatti-ykv-icon-kaavio.png\",\"datePublished\":\"2019-03-28T07:38:31+00:00\",\"dateModified\":\"2022-04-12T10:43:47+00:00\",\"breadcrumb\":{\"@id\":\"https:\/\/www.senaatti.fi\/yhteiskuntavastuuraportti2018\/senaatti\/strategia\/#breadcrumb\"},\"inLanguage\":\"en-US\",\"potentialAction\":[{\"@type\":\"ReadAction\",\"target\":[\"https:\/\/www.senaatti.fi\/yhteiskuntavastuuraportti2018\/senaatti\/strategia\/\"]}]},{\"@type\":\"ImageObject\",\"inLanguage\":\"en-US\",\"@id\":\"https:\/\/www.senaatti.fi\/yhteiskuntavastuuraportti2018\/senaatti\/strategia\/#primaryimage\",\"url\":\"https:\/\/www.senaatti.fi\/app_ykv_archive\/uploads\/sites\/2\/2018\/03\/senaatti-ykv-icon-kaavio.png\",\"contentUrl\":\"https:\/\/www.senaatti.fi\/app_ykv_archive\/uploads\/sites\/2\/2018\/03\/senaatti-ykv-icon-kaavio.png\"},{\"@type\":\"BreadcrumbList\",\"@id\":\"https:\/\/www.senaatti.fi\/yhteiskuntavastuuraportti2018\/senaatti\/strategia\/#breadcrumb\",\"itemListElement\":[{\"@type\":\"ListItem\",\"position\":1,\"name\":\"Home\",\"item\":\"https:\/\/www.senaatti.fi\/yhteiskuntavastuuraportti2018\/\"},{\"@type\":\"ListItem\",\"position\":2,\"name\":\"Senaatti\",\"item\":\"https:\/\/www.senaatti.fi\/yhteiskuntavastuuraportti2018\/senaatti\/\"},{\"@type\":\"ListItem\",\"position\":3,\"name\":\"Strategia\"}]},{\"@type\":\"WebSite\",\"@id\":\"https:\/\/www.senaatti.fi\/yhteiskuntavastuuraportti2018\/#website\",\"url\":\"https:\/\/www.senaatti.fi\/yhteiskuntavastuuraportti2018\/\",\"name\":\"Yhteiskuntavastuuraportti 2018\",\"description\":\"\",\"potentialAction\":[{\"@type\":\"SearchAction\",\"target\":{\"@type\":\"EntryPoint\",\"urlTemplate\":\"https:\/\/www.senaatti.fi\/yhteiskuntavastuuraportti2018\/?s={search_term_string}\"},\"query-input\":{\"@type\":\"PropertyValueSpecification\",\"valueRequired\":true,\"valueName\":\"search_term_string\"}}],\"inLanguage\":\"en-US\"}]}<\/script>\n<!-- \/ Yoast SEO plugin. -->","yoast_head_json":{"title":"Strategia - Yhteiskuntavastuuraportti 2018","robots":{"index":"index","follow":"follow","max-snippet":"max-snippet:-1","max-image-preview":"max-image-preview:large","max-video-preview":"max-video-preview:-1"},"canonical":"https:\/\/www.senaatti.fi\/yhteiskuntavastuuraportti2018\/senaatti\/strategia\/","og_locale":"en_US","og_type":"article","og_title":"Strategia - Yhteiskuntavastuuraportti 2018","og_description":"Tavoitteenamme on yhteisty\u00f6ss\u00e4 vastuullisen kumppaniverkostomme kanssa tuottaa ja yll\u00e4pit\u00e4\u00e4 valtionhallinnolle ty\u00f6ymp\u00e4rist\u00f6j\u00e4 ja niihin liittyvi\u00e4 palveluita, joiden avulla ty\u00f6n suorituskyky paranee ja valtion tilakustannukset alenevat.\u00a0 Visionamme on, ett\u00e4 Suomen valtio on uusien ty\u00f6nteon tapojen ja ty\u00f6ymp\u00e4rist\u00f6jen edell\u00e4k\u00e4vij\u00e4. Uusi strategiakausi 2019-2022 Senaatti-kiinteist\u00f6t uudisti vuoden 2018\u00a0\u00a0aikana strategiansa kaudelle 2019-2022.\u00a0 Senaatin henkil\u00f6st\u00f6 teki vahvan pohjaty\u00f6n strategiaan,\u00a0ja senaattilaisia osallistettiin strategiaty\u00f6h\u00f6n [&hellip;]","og_url":"https:\/\/www.senaatti.fi\/yhteiskuntavastuuraportti2018\/senaatti\/strategia\/","og_site_name":"Yhteiskuntavastuuraportti 2018","article_modified_time":"2022-04-12T10:43:47+00:00","og_image":[{"url":"https:\/\/www.senaatti.fi\/app_ykv_archive\/uploads\/sites\/2\/2018\/03\/senaatti-ykv-icon-kaavio.png"}],"twitter_card":"summary_large_image","twitter_misc":{"Est. reading time":"3 minutes"},"schema":{"@context":"https:\/\/schema.org","@graph":[{"@type":"WebPage","@id":"https:\/\/www.senaatti.fi\/yhteiskuntavastuuraportti2018\/senaatti\/strategia\/","url":"https:\/\/www.senaatti.fi\/yhteiskuntavastuuraportti2018\/senaatti\/strategia\/","name":"Strategia - Yhteiskuntavastuuraportti 2018","isPartOf":{"@id":"https:\/\/www.senaatti.fi\/yhteiskuntavastuuraportti2018\/#website"},"primaryImageOfPage":{"@id":"https:\/\/www.senaatti.fi\/yhteiskuntavastuuraportti2018\/senaatti\/strategia\/#primaryimage"},"image":{"@id":"https:\/\/www.senaatti.fi\/yhteiskuntavastuuraportti2018\/senaatti\/strategia\/#primaryimage"},"thumbnailUrl":"https:\/\/www.senaatti.fi\/app_ykv_archive\/uploads\/sites\/2\/2018\/03\/senaatti-ykv-icon-kaavio.png","datePublished":"2019-03-28T07:38:31+00:00","dateModified":"2022-04-12T10:43:47+00:00","breadcrumb":{"@id":"https:\/\/www.senaatti.fi\/yhteiskuntavastuuraportti2018\/senaatti\/strategia\/#breadcrumb"},"inLanguage":"en-US","potentialAction":[{"@type":"ReadAction","target":["https:\/\/www.senaatti.fi\/yhteiskuntavastuuraportti2018\/senaatti\/strategia\/"]}]},{"@type":"ImageObject","inLanguage":"en-US","@id":"https:\/\/www.senaatti.fi\/yhteiskuntavastuuraportti2018\/senaatti\/strategia\/#primaryimage","url":"https:\/\/www.senaatti.fi\/app_ykv_archive\/uploads\/sites\/2\/2018\/03\/senaatti-ykv-icon-kaavio.png","contentUrl":"https:\/\/www.senaatti.fi\/app_ykv_archive\/uploads\/sites\/2\/2018\/03\/senaatti-ykv-icon-kaavio.png"},{"@type":"BreadcrumbList","@id":"https:\/\/www.senaatti.fi\/yhteiskuntavastuuraportti2018\/senaatti\/strategia\/#breadcrumb","itemListElement":[{"@type":"ListItem","position":1,"name":"Home","item":"https:\/\/www.senaatti.fi\/yhteiskuntavastuuraportti2018\/"},{"@type":"ListItem","position":2,"name":"Senaatti","item":"https:\/\/www.senaatti.fi\/yhteiskuntavastuuraportti2018\/senaatti\/"},{"@type":"ListItem","position":3,"name":"Strategia"}]},{"@type":"WebSite","@id":"https:\/\/www.senaatti.fi\/yhteiskuntavastuuraportti2018\/#website","url":"https:\/\/www.senaatti.fi\/yhteiskuntavastuuraportti2018\/","name":"Yhteiskuntavastuuraportti 2018","description":"","potentialAction":[{"@type":"SearchAction","target":{"@type":"EntryPoint","urlTemplate":"https:\/\/www.senaatti.fi\/yhteiskuntavastuuraportti2018\/?s={search_term_string}"},"query-input":{"@type":"PropertyValueSpecification","valueRequired":true,"valueName":"search_term_string"}}],"inLanguage":"en-US"}]}},"_links":{"self":[{"href":"https:\/\/www.senaatti.fi\/yhteiskuntavastuuraportti2018\/wp-json\/wp\/v2\/pages\/1839","targetHints":{"allow":["GET"]}}],"collection":[{"href":"https:\/\/www.senaatti.fi\/yhteiskuntavastuuraportti2018\/wp-json\/wp\/v2\/pages"}],"about":[{"href":"https:\/\/www.senaatti.fi\/yhteiskuntavastuuraportti2018\/wp-json\/wp\/v2\/types\/page"}],"author":[{"embeddable":true,"href":"https:\/\/www.senaatti.fi\/yhteiskuntavastuuraportti2018\/wp-json\/wp\/v2\/users\/11"}],"replies":[{"embeddable":true,"href":"https:\/\/www.senaatti.fi\/yhteiskuntavastuuraportti2018\/wp-json\/wp\/v2\/comments?post=1839"}],"version-history":[{"count":10,"href":"https:\/\/www.senaatti.fi\/yhteiskuntavastuuraportti2018\/wp-json\/wp\/v2\/pages\/1839\/revisions"}],"predecessor-version":[{"id":2407,"href":"https:\/\/www.senaatti.fi\/yhteiskuntavastuuraportti2018\/wp-json\/wp\/v2\/pages\/1839\/revisions\/2407"}],"up":[{"embeddable":true,"href":"https:\/\/www.senaatti.fi\/yhteiskuntavastuuraportti2018\/wp-json\/wp\/v2\/pages\/37"}],"wp:attachment":[{"href":"https:\/\/www.senaatti.fi\/yhteiskuntavastuuraportti2018\/wp-json\/wp\/v2\/media?parent=1839"}],"curies":[{"name":"wp","href":"https:\/\/api.w.org\/{rel}","templated":true}]}}