{"id":119,"date":"2018-01-29T12:08:55","date_gmt":"2018-01-29T12:08:55","guid":{"rendered":"https:\/\/www.senaatti.fi\/yhteiskuntavastuuraportti2018\/?page_id=119"},"modified":"2019-04-08T13:52:00","modified_gmt":"2019-04-08T13:52:00","slug":"etusivu","status":"publish","type":"page","link":"https:\/\/www.senaatti.fi\/yhteiskuntavastuuraportti2018\/","title":{"rendered":"Etusivu"},"content":{"rendered":"<div class=\"wpb-content-wrapper\"><p>[vc_row][vc_column][senaatti_homehero heading=&#8221;Yhteiskuntavastuuraportti 2018&#8243; text=&#8221;Senaatti-kiinteist\u00f6jen vuosikertomus ja vastuullisuusraportti kertoo keskeiset tekemisemme ja tuloksemme vuodelta 2018.&#8221; image=&#8221;2231&#8243; btn=&#8221;url:http%3A%2F%2Fwww.senaatti.fi%2Fyhteiskuntavastuuraportti2018%2Fvuosi-2018%2F|title:Tutustu%20raporttiimme||&#8221; logo=&#8221;2228&#8243;][\/vc_column][\/vc_row][vc_row][vc_column][senaatti_feature heading=&#8221;Etuajassa tavoitteisiin&#8221; text=&#8221;Toimitilas\u00e4\u00e4st\u00f6jen toteuttaminen valtiolle eteni tavoitetta nopeammin. Kahdeksalle vuodelle asetettu 100 milj. euron vuositason s\u00e4\u00e4st\u00f6tavoite on l\u00e4hes saavutettu nelj\u00e4ss\u00e4 vuodessa. Saavutimme my\u00f6s muut tavoitteemme, mutta vuokrauksen tulostavoitteesta j\u00e4imme, koska valtioneuvoston p\u00e4\u00e4t\u00f6ksell\u00e4 Senaatille siirrettiin kustannusvastuita asiakkailta.&#8221; image=&#8221;2126&#8243; btn=&#8221;url:https%3A%2F%2Fwww.senaatti.fi%2Fyhteiskuntavastuuraportti2018%2Fvuosi-2018%2Ftaloudelliset-tavoitteet-ja-tulokset%2F|title:Miten%20onnistuimme%20tavoitteissamme||&#8221;][\/senaatti_feature][\/vc_column][\/vc_row][vc_row][vc_column][senaatti_numbers_alt title=&#8221;Kiinteist\u00f6jen myynti jatkui vahvana ja oli&#8221; items=&#8221;%5B%7B%22number%22%3A%22118%22%2C%22label_below%22%3A%22MEUR%22%7D%5D&#8221; link=&#8221;url:https%3A%2F%2Fwww.senaatti.fi%2Fyhteiskuntavastuuraportti2018%2Fvuosi-2018%2Fkiinteistovarallisuus-ja-palvelut%2Fkiinteistokehittaminen-ja-myynti%2F|title:Tutustu%20myynteihimme%20ja%20kiinteist%C3%B6kehitt%C3%A4miseen||&#8221; image=&#8221;2129&#8243;][\/vc_column][\/vc_row][vc_row][vc_column width=&#8221;1\/2&#8243;][senaatti_feature_small heading=&#8221;P\u00e4\u00e4st\u00f6j\u00e4 vastaan&#8221; text=&#8221;Senaatin hiilidioksidip\u00e4\u00e4st\u00f6t laskivat 40 %. Ostimme kiinteist\u00f6ihimme 100 %:sti uusiutuvilla energianl\u00e4hteill\u00e4 tuotettua s\u00e4hk\u00f6\u00e4.&#8221; image=&#8221;2130&#8243; btn=&#8221;url:https%3A%2F%2Fwww.senaatti.fi%2Fyhteiskuntavastuuraportti2018%2Fvastuullisuus-senaatissa%2Fymparisto%2Fpaastot-ilmaan%2F|title:Lue%20p%C3%A4%C3%A4st%C3%B6v%C3%A4hennyksist%C3%A4mme||&#8221;][\/vc_column][vc_column width=&#8221;1\/2&#8243;][senaatti_feature_small heading=&#8221;Vuokraj\u00e4rjestelm\u00e4 toteuttaa valtion kokonaisetua&#8221; text=&#8221;Valtion vuokraj\u00e4rjestelm\u00e4 ja Senaatin toiminta on todettu laajojen selvitysten mukaan toimivaksi ja valtiolle konsernietuja tuovaksi. Vuokraj\u00e4rjestelm\u00e4\u00e4n tehd\u00e4\u00e4n edelleen uudistuksia ja niiden my\u00f6t\u00e4 valtion vuokraustoiminnan tulos on jatkossa l\u00e4hes nolla.&#8221; image=&#8221;2132&#8243; btn=&#8221;url:https%3A%2F%2Fwww.senaatti.fi%2Fyhteiskuntavastuuraportti2018%2Fvuosi-2018%2Fkiinteistovarallisuus-ja-palvelut%2Fvuokraus-ja-palvelut%2F|title:Vuokraustoimintaan%20ja%20tehtyihin%20selvityksiin%20voit%20tutustua%20t%C3%A4%C3%A4lt%C3%A4||&#8221;][\/vc_column][\/vc_row][vc_row][vc_column][senaatti_hero heading=&#8221;Olemme j\u00e4lleen yksi Suomen innostavimmista ty\u00f6paikoista&#8221; image=&#8221;2230&#8243; btn=&#8221;url:https%3A%2F%2Fwww.senaatti.fi%2Fyhteiskuntavastuuraportti2018%2Fvastuullisuus-senaatissa%2Fhenkilosto%2Ftyohyvinvointi%2F|title:Lue%20ty%C3%B6hyvinvointipanostuksistamme||&#8221;][\/vc_column][\/vc_row]<\/p>\n<\/div>","protected":false},"excerpt":{"rendered":"<p>[vc_row][vc_column][senaatti_homehero heading=&#8221;Yhteiskuntavastuuraportti 2018&#8243; text=&#8221;Senaatti-kiinteist\u00f6jen vuosikertomus ja vastuullisuusraportti kertoo keskeiset tekemisemme ja tuloksemme vuodelta 2018.&#8221; image=&#8221;2231&#8243; btn=&#8221;url:http%3A%2F%2Fwww.senaatti.fi%2Fyhteiskuntavastuuraportti2018%2Fvuosi-2018%2F|title:Tutustu%20raporttiimme||&#8221; logo=&#8221;2228&#8243;][\/vc_column][\/vc_row][vc_row][vc_column][senaatti_feature heading=&#8221;Etuajassa tavoitteisiin&#8221; text=&#8221;Toimitilas\u00e4\u00e4st\u00f6jen toteuttaminen valtiolle eteni tavoitetta nopeammin. Kahdeksalle vuodelle asetettu 100 milj. euron vuositason s\u00e4\u00e4st\u00f6tavoite on l\u00e4hes saavutettu nelj\u00e4ss\u00e4 vuodessa. Saavutimme my\u00f6s muut tavoitteemme, mutta vuokrauksen tulostavoitteesta j\u00e4imme, koska valtioneuvoston p\u00e4\u00e4t\u00f6ksell\u00e4 Senaatille siirrettiin kustannusvastuita asiakkailta.&#8221; image=&#8221;2126&#8243; btn=&#8221;url:https%3A%2F%2Fwww.senaatti.fi%2Fyhteiskuntavastuuraportti2018%2Fvuosi-2018%2Ftaloudelliset-tavoitteet-ja-tulokset%2F|title:Miten%20onnistuimme%20tavoitteissamme||&#8221;][\/senaatti_feature][\/vc_column][\/vc_row][vc_row][vc_column][senaatti_numbers_alt [&hellip;]<\/p>\n","protected":false},"author":11,"featured_media":0,"parent":0,"menu_order":2,"comment_status":"closed","ping_status":"closed","template":"","meta":{"_acf_changed":false,"footnotes":""},"class_list":["post-119","page","type-page","status-publish","hentry"],"acf":[],"yoast_head":"<!-- This site is optimized with the Yoast SEO plugin v23.9 - https:\/\/yoast.com\/wordpress\/plugins\/seo\/ -->\n<title>Etusivu - Yhteiskuntavastuuraportti 2018<\/title>\n<meta name=\"robots\" content=\"index, follow, max-snippet:-1, max-image-preview:large, max-video-preview:-1\" \/>\n<link rel=\"canonical\" href=\"https:\/\/www.senaatti.fi\/yhteiskuntavastuuraportti2018\/\" \/>\n<meta property=\"og:locale\" content=\"en_US\" \/>\n<meta property=\"og:type\" content=\"article\" \/>\n<meta property=\"og:title\" content=\"Etusivu - Yhteiskuntavastuuraportti 2018\" \/>\n<meta property=\"og:description\" content=\"[vc_row][vc_column][senaatti_homehero heading=&#8221;Yhteiskuntavastuuraportti 2018&#8243; text=&#8221;Senaatti-kiinteist\u00f6jen vuosikertomus ja vastuullisuusraportti kertoo keskeiset tekemisemme ja tuloksemme vuodelta 2018.&#8221; image=&#8221;2231&#8243; btn=&#8221;url:http%3A%2F%2Fwww.senaatti.fi%2Fyhteiskuntavastuuraportti2018%2Fvuosi-2018%2F|title:Tutustu%20raporttiimme||&#8221; logo=&#8221;2228&#8243;][\/vc_column][\/vc_row][vc_row][vc_column][senaatti_feature heading=&#8221;Etuajassa tavoitteisiin&#8221; text=&#8221;Toimitilas\u00e4\u00e4st\u00f6jen toteuttaminen valtiolle eteni tavoitetta nopeammin. Kahdeksalle vuodelle asetettu 100 milj. euron vuositason s\u00e4\u00e4st\u00f6tavoite on l\u00e4hes saavutettu nelj\u00e4ss\u00e4 vuodessa. Saavutimme my\u00f6s muut tavoitteemme, mutta vuokrauksen tulostavoitteesta j\u00e4imme, koska valtioneuvoston p\u00e4\u00e4t\u00f6ksell\u00e4 Senaatille siirrettiin kustannusvastuita asiakkailta.&#8221; image=&#8221;2126&#8243; btn=&#8221;url:https%3A%2F%2Fwww.senaatti.fi%2Fyhteiskuntavastuuraportti2018%2Fvuosi-2018%2Ftaloudelliset-tavoitteet-ja-tulokset%2F|title:Miten%20onnistuimme%20tavoitteissamme||&#8221;][\/senaatti_feature][\/vc_column][\/vc_row][vc_row][vc_column][senaatti_numbers_alt [&hellip;]\" \/>\n<meta property=\"og:url\" content=\"https:\/\/www.senaatti.fi\/yhteiskuntavastuuraportti2018\/\" \/>\n<meta property=\"og:site_name\" content=\"Yhteiskuntavastuuraportti 2018\" \/>\n<meta property=\"article:modified_time\" content=\"2019-04-08T13:52:00+00:00\" \/>\n<meta name=\"twitter:card\" content=\"summary_large_image\" \/>\n<meta name=\"twitter:label1\" content=\"Est. reading time\" \/>\n\t<meta name=\"twitter:data1\" content=\"2 minutes\" \/>\n<script type=\"application\/ld+json\" class=\"yoast-schema-graph\">{\"@context\":\"https:\/\/schema.org\",\"@graph\":[{\"@type\":\"WebPage\",\"@id\":\"https:\/\/www.senaatti.fi\/yhteiskuntavastuuraportti2018\/\",\"url\":\"https:\/\/www.senaatti.fi\/yhteiskuntavastuuraportti2018\/\",\"name\":\"Etusivu - Yhteiskuntavastuuraportti 2018\",\"isPartOf\":{\"@id\":\"https:\/\/www.senaatti.fi\/yhteiskuntavastuuraportti2018\/#website\"},\"datePublished\":\"2018-01-29T12:08:55+00:00\",\"dateModified\":\"2019-04-08T13:52:00+00:00\",\"breadcrumb\":{\"@id\":\"https:\/\/www.senaatti.fi\/yhteiskuntavastuuraportti2018\/#breadcrumb\"},\"inLanguage\":\"en-US\",\"potentialAction\":[{\"@type\":\"ReadAction\",\"target\":[\"https:\/\/www.senaatti.fi\/yhteiskuntavastuuraportti2018\/\"]}]},{\"@type\":\"BreadcrumbList\",\"@id\":\"https:\/\/www.senaatti.fi\/yhteiskuntavastuuraportti2018\/#breadcrumb\",\"itemListElement\":[{\"@type\":\"ListItem\",\"position\":1,\"name\":\"Home\",\"item\":\"https:\/\/www.senaatti.fi\/yhteiskuntavastuuraportti2018\/\"},{\"@type\":\"ListItem\",\"position\":2,\"name\":\"Etusivu\"}]},{\"@type\":\"WebSite\",\"@id\":\"https:\/\/www.senaatti.fi\/yhteiskuntavastuuraportti2018\/#website\",\"url\":\"https:\/\/www.senaatti.fi\/yhteiskuntavastuuraportti2018\/\",\"name\":\"Yhteiskuntavastuuraportti 2018\",\"description\":\"\",\"potentialAction\":[{\"@type\":\"SearchAction\",\"target\":{\"@type\":\"EntryPoint\",\"urlTemplate\":\"https:\/\/www.senaatti.fi\/yhteiskuntavastuuraportti2018\/?s={search_term_string}\"},\"query-input\":{\"@type\":\"PropertyValueSpecification\",\"valueRequired\":true,\"valueName\":\"search_term_string\"}}],\"inLanguage\":\"en-US\"}]}<\/script>\n<!-- \/ Yoast SEO plugin. -->","yoast_head_json":{"title":"Etusivu - Yhteiskuntavastuuraportti 2018","robots":{"index":"index","follow":"follow","max-snippet":"max-snippet:-1","max-image-preview":"max-image-preview:large","max-video-preview":"max-video-preview:-1"},"canonical":"https:\/\/www.senaatti.fi\/yhteiskuntavastuuraportti2018\/","og_locale":"en_US","og_type":"article","og_title":"Etusivu - Yhteiskuntavastuuraportti 2018","og_description":"[vc_row][vc_column][senaatti_homehero heading=&#8221;Yhteiskuntavastuuraportti 2018&#8243; text=&#8221;Senaatti-kiinteist\u00f6jen vuosikertomus ja vastuullisuusraportti kertoo keskeiset tekemisemme ja tuloksemme vuodelta 2018.&#8221; image=&#8221;2231&#8243; btn=&#8221;url:http%3A%2F%2Fwww.senaatti.fi%2Fyhteiskuntavastuuraportti2018%2Fvuosi-2018%2F|title:Tutustu%20raporttiimme||&#8221; logo=&#8221;2228&#8243;][\/vc_column][\/vc_row][vc_row][vc_column][senaatti_feature heading=&#8221;Etuajassa tavoitteisiin&#8221; text=&#8221;Toimitilas\u00e4\u00e4st\u00f6jen toteuttaminen valtiolle eteni tavoitetta nopeammin. Kahdeksalle vuodelle asetettu 100 milj. euron vuositason s\u00e4\u00e4st\u00f6tavoite on l\u00e4hes saavutettu nelj\u00e4ss\u00e4 vuodessa. Saavutimme my\u00f6s muut tavoitteemme, mutta vuokrauksen tulostavoitteesta j\u00e4imme, koska valtioneuvoston p\u00e4\u00e4t\u00f6ksell\u00e4 Senaatille siirrettiin kustannusvastuita asiakkailta.&#8221; image=&#8221;2126&#8243; btn=&#8221;url:https%3A%2F%2Fwww.senaatti.fi%2Fyhteiskuntavastuuraportti2018%2Fvuosi-2018%2Ftaloudelliset-tavoitteet-ja-tulokset%2F|title:Miten%20onnistuimme%20tavoitteissamme||&#8221;][\/senaatti_feature][\/vc_column][\/vc_row][vc_row][vc_column][senaatti_numbers_alt [&hellip;]","og_url":"https:\/\/www.senaatti.fi\/yhteiskuntavastuuraportti2018\/","og_site_name":"Yhteiskuntavastuuraportti 2018","article_modified_time":"2019-04-08T13:52:00+00:00","twitter_card":"summary_large_image","twitter_misc":{"Est. reading time":"2 minutes"},"schema":{"@context":"https:\/\/schema.org","@graph":[{"@type":"WebPage","@id":"https:\/\/www.senaatti.fi\/yhteiskuntavastuuraportti2018\/","url":"https:\/\/www.senaatti.fi\/yhteiskuntavastuuraportti2018\/","name":"Etusivu - Yhteiskuntavastuuraportti 2018","isPartOf":{"@id":"https:\/\/www.senaatti.fi\/yhteiskuntavastuuraportti2018\/#website"},"datePublished":"2018-01-29T12:08:55+00:00","dateModified":"2019-04-08T13:52:00+00:00","breadcrumb":{"@id":"https:\/\/www.senaatti.fi\/yhteiskuntavastuuraportti2018\/#breadcrumb"},"inLanguage":"en-US","potentialAction":[{"@type":"ReadAction","target":["https:\/\/www.senaatti.fi\/yhteiskuntavastuuraportti2018\/"]}]},{"@type":"BreadcrumbList","@id":"https:\/\/www.senaatti.fi\/yhteiskuntavastuuraportti2018\/#breadcrumb","itemListElement":[{"@type":"ListItem","position":1,"name":"Home","item":"https:\/\/www.senaatti.fi\/yhteiskuntavastuuraportti2018\/"},{"@type":"ListItem","position":2,"name":"Etusivu"}]},{"@type":"WebSite","@id":"https:\/\/www.senaatti.fi\/yhteiskuntavastuuraportti2018\/#website","url":"https:\/\/www.senaatti.fi\/yhteiskuntavastuuraportti2018\/","name":"Yhteiskuntavastuuraportti 2018","description":"","potentialAction":[{"@type":"SearchAction","target":{"@type":"EntryPoint","urlTemplate":"https:\/\/www.senaatti.fi\/yhteiskuntavastuuraportti2018\/?s={search_term_string}"},"query-input":{"@type":"PropertyValueSpecification","valueRequired":true,"valueName":"search_term_string"}}],"inLanguage":"en-US"}]}},"_links":{"self":[{"href":"https:\/\/www.senaatti.fi\/yhteiskuntavastuuraportti2018\/wp-json\/wp\/v2\/pages\/119","targetHints":{"allow":["GET"]}}],"collection":[{"href":"https:\/\/www.senaatti.fi\/yhteiskuntavastuuraportti2018\/wp-json\/wp\/v2\/pages"}],"about":[{"href":"https:\/\/www.senaatti.fi\/yhteiskuntavastuuraportti2018\/wp-json\/wp\/v2\/types\/page"}],"author":[{"embeddable":true,"href":"https:\/\/www.senaatti.fi\/yhteiskuntavastuuraportti2018\/wp-json\/wp\/v2\/users\/11"}],"replies":[{"embeddable":true,"href":"https:\/\/www.senaatti.fi\/yhteiskuntavastuuraportti2018\/wp-json\/wp\/v2\/comments?post=119"}],"version-history":[{"count":12,"href":"https:\/\/www.senaatti.fi\/yhteiskuntavastuuraportti2018\/wp-json\/wp\/v2\/pages\/119\/revisions"}],"predecessor-version":[{"id":2374,"href":"https:\/\/www.senaatti.fi\/yhteiskuntavastuuraportti2018\/wp-json\/wp\/v2\/pages\/119\/revisions\/2374"}],"wp:attachment":[{"href":"https:\/\/www.senaatti.fi\/yhteiskuntavastuuraportti2018\/wp-json\/wp\/v2\/media?parent=119"}],"curies":[{"name":"wp","href":"https:\/\/api.w.org\/{rel}","templated":true}]}}