{"id":113,"date":"2018-01-29T11:21:14","date_gmt":"2018-01-29T11:21:14","guid":{"rendered":"https:\/\/www.senaatti.fi\/yhteiskuntavastuuraportti2018\/?page_id=113"},"modified":"2019-04-08T08:14:42","modified_gmt":"2019-04-08T08:14:42","slug":"vastuulliset-hankinnat","status":"publish","type":"page","link":"https:\/\/www.senaatti.fi\/yhteiskuntavastuuraportti2018\/vastuullisuus-senaatissa\/vastuulliset-hankinnat\/","title":{"rendered":"Vastuulliset hankinnat"},"content":{"rendered":"<p>Yhteiskuntavastuullisesti toimiva toimittajaverkosto on keskeinen tavoite Senaatti-kiinteist\u00f6ille. Senaatin verkostomainen toimintatapa edellytt\u00e4\u00e4 sek\u00e4 verkostojohtamisen osaamista ett\u00e4 menetelmi\u00e4.<\/p>\n<p>Toimittajien ty\u00f6ehtosopimusten, ymp\u00e4rist\u00f6-, ty\u00f6turvallisuus- ja tilaajavastuulains\u00e4\u00e4d\u00e4nn\u00f6n sek\u00e4 taloudenpitoon ja tietoturvallisuuteen liittyvien velvoitteiden noudattamista seurataan aktiivisesti. N\u00e4ihin asioihin liittyv\u00e4t velvoitteet ja toimittajaan kohdistuvat vaatimukset pyrit\u00e4\u00e4n kuvaamaan jo tarjouspyynn\u00f6ss\u00e4 ennen varsinaisen hankinnan k\u00e4ynnist\u00e4mist\u00e4.<\/p>\n<h2>Senaatti-kiinteist\u00f6jen hankintaperiaatteet<\/h2>\n<p>Senaatti-kiinteist\u00f6jen hankintaperiaatteet m\u00e4\u00e4rittelev\u00e4t hankintoja ohjaavat tavoitteet ja toimintatavat.<\/p>\n<blockquote><p>Hankintaperiaatteita ovat tuloksellisuus, vastuullisuus ja suunnitelmallisuus ja n\u00e4it\u00e4 periaatteita sovelletaan kaikkiin Senaatin hankintoihin.<\/p><\/blockquote>\n<p>Kaikissa hankinnoissa noudatetaan voimassa olevaa lains\u00e4\u00e4d\u00e4nt\u00f6\u00e4 sek\u00e4 avoimuuden, tasapuolisuuden ja syrjim\u00e4tt\u00f6myyden periaatteita.<\/p>\n<p>Senaatti-kiinteist\u00f6jen talousyksikk\u00f6 vastaa hankintatoimen yleisest\u00e4 johtamisesta, organisoinnista ja kehitt\u00e4misest\u00e4.<\/p>\n<h2>Hankintatoimen johtaminen Senaatti-kiinteist\u00f6iss\u00e4:<\/h2>\n<p><img loading=\"lazy\" decoding=\"async\" class=\"alignnone size-large wp-image-1216 desktop-only\" src=\"https:\/\/www.senaatti.fi\/app_ykv_archive\/uploads\/sites\/2\/2018\/04\/Vastuulliset-hankinnat-1024x665.png\" alt=\"\" width=\"1024\" height=\"665\" srcset=\"https:\/\/www.senaatti.fi\/app_ykv_archive\/uploads\/sites\/7\/2018\/04\/Vastuulliset-hankinnat-1024x665.png 1024w, https:\/\/www.senaatti.fi\/app_ykv_archive\/uploads\/sites\/7\/2018\/04\/Vastuulliset-hankinnat-300x195.png 300w, https:\/\/www.senaatti.fi\/app_ykv_archive\/uploads\/sites\/7\/2018\/04\/Vastuulliset-hankinnat-768x499.png 768w, https:\/\/www.senaatti.fi\/app_ykv_archive\/uploads\/sites\/7\/2018\/04\/Vastuulliset-hankinnat-1600x1040.png 1600w, https:\/\/www.senaatti.fi\/app_ykv_archive\/uploads\/sites\/7\/2018\/04\/Vastuulliset-hankinnat.png 1888w\" sizes=\"auto, (max-width: 1024px) 100vw, 1024px\" \/><br \/>\n<img loading=\"lazy\" decoding=\"async\" class=\"alignnone size-large wp-image-1217 mobile-only\" style=\"margin: auto;\" src=\"https:\/\/www.senaatti.fi\/app_ykv_archive\/uploads\/sites\/2\/2018\/04\/Vastuulliset-hankinnat-mobile-551x1024.png\" alt=\"\" width=\"551\" height=\"1024\" srcset=\"https:\/\/www.senaatti.fi\/app_ykv_archive\/uploads\/sites\/7\/2018\/04\/Vastuulliset-hankinnat-mobile-551x1024.png 551w, https:\/\/www.senaatti.fi\/app_ykv_archive\/uploads\/sites\/7\/2018\/04\/Vastuulliset-hankinnat-mobile-161x300.png 161w, https:\/\/www.senaatti.fi\/app_ykv_archive\/uploads\/sites\/7\/2018\/04\/Vastuulliset-hankinnat-mobile-768x1427.png 768w, https:\/\/www.senaatti.fi\/app_ykv_archive\/uploads\/sites\/7\/2018\/04\/Vastuulliset-hankinnat-mobile.png 928w\" sizes=\"auto, (max-width: 551px) 100vw, 551px\" \/><\/p>\n<h2>Toimittajien valinta<\/h2>\n<p>Senaatti-kiinteist\u00f6t on julkinen toimija ja noudattaa hankinnoissaan hankintalakia. Kilpailutuksissa k\u00e4ytet\u00e4\u00e4n valintakriteerein\u00e4 sek\u00e4 hintaa ett\u00e4 laatua. Lis\u00e4ksi edellyt\u00e4mme toimittajilta Senaatin talousrikollisuuden torjuntaohjeessa m\u00e4\u00e4riteltyj\u00e4 vaatimuksia.\u00a0 Ne koskevat muun muassa tilaajavastuulain edellytt\u00e4mien selvitysten toimittamista, henkil\u00f6tunnisteiden k\u00e4ytt\u00e4mist\u00e4 ja urakoitsijoiden ketjuttamista.\u00a0 <a href=\"https:\/\/www.senaatti.fi\/yhteiskuntavastuuraportti2018\/vastuullisuus-senaatissa\/vastuulliset-hankinnat\/talousrikollisuuden-torjunta\/\">Lue lis\u00e4\u00e4 Talousrikollisuuden torjunta \u2013osiosta.<\/a><\/p>\n<h2>Turvaselvityksiin kehitettiin Luparekisteri<\/h2>\n<p>Senaatti-kiinteist\u00f6jen toimittajien henkil\u00f6st\u00f6lle tehd\u00e4\u00e4n turvallisuusselvitykset Senaatin asiakkaan toiminnan niin vaatiessa. Henkil\u00f6iden hyv\u00e4ksytt\u00e4miseen liittyv\u00e4n tiedonhallinnan helpottamiseksi kehitettiin vuonna 2018 tietoj\u00e4rjestelm\u00e4 Senaatin Luparekisteri, jossa hallinnoidaan keskitetysti Senaatin palveluntuottajien henkil\u00f6iden hyv\u00e4ksytt\u00e4misiin liittyvi\u00e4 tietoja ja dokumentteja.<\/p>\n<p>Senaatti-kiinteist\u00f6t on ollut edell\u00e4k\u00e4vij\u00e4n\u00e4 alallaan talousrikollisuuden torjunnassa ja ohjeistuksen kehitt\u00e4misess\u00e4. Ohjeistukset ovat julkisia ja kaikkien hy\u00f6dynnett\u00e4viss\u00e4.\u00a0\u00a0 <a href=\"https:\/\/www.senaatti.fi\/tietoa-senaatista\/rakennuttaminen-yllapito-ja-vuokraus\/talousrikollisuuden-torjunta\/\" target=\"_blank\" rel=\"noopener noreferrer\">Talousrikollisuuden torjuntaohjeistus<\/a> l\u00f6ytyy\u00a0Senaatti-kiinteist\u00f6jen kotisivuilta.<\/p>\n<h2>Hankinnat ja kehitt\u00e4minen vuonna 2018<\/h2>\n<p>Senaatti-kiinteist\u00f6jen kokonaisostot olivat 519 miljoonaan euroa,\u00a0 joka on noin 81 % liikevaihdosta. Suurimmat hankinnat liittyiv\u00e4t investointeihin, joita tehtiin yhteens\u00e4 noin 240 miljoonan euron arvosta.<\/p>\n<p>Vuoden 2018 aikana tietosuoja-asetus jalkautettiin my\u00f6s hankintoihin laatimalla henkil\u00f6tietojen k\u00e4sittely\u00e4 koskevat ehdot, p\u00e4ivitt\u00e4m\u00e4ll\u00e4 hankintasopimusmallit ja tekem\u00e4ll\u00e4 toimittajien kanssa tietosuojasopimukset.<\/p>\n<p>Digitaalisuuden edist\u00e4miseksi ja lains\u00e4\u00e4d\u00e4nn\u00f6n vaatimusten t\u00e4ytt\u00e4miseksi vuoden 2018 aikana, jo aiemmin rakennuttamisen hankinnoissa k\u00e4yt\u00f6ss\u00e4 olleen kilpailutusty\u00f6kalun k\u00e4ytt\u00f6 m\u00e4\u00e4r\u00e4ttiin pakolliseksi ja muissa hankinnoissa otettiin k\u00e4ytt\u00f6\u00f6n uusi kilpailutusj\u00e4rjestelm\u00e4. Lis\u00e4ksi hankintojen suunnitelmallisuuden parantamiseksi laajennettiin Senaatin tulevat kilpailutukset sis\u00e4lt\u00e4v\u00e4n hankintakalenterin k\u00e4ytt\u00f6\u00e4.<\/p>\n<p>Vuoden 2018 aikana p\u00e4ivitettiin Senaatin hankintakategorioiden kategoriasuunnitelmat ja otettiin k\u00e4ytt\u00f6\u00f6n hankintoja koskeva ostojen tuotteistus. Hankintaraportoinnin kehitt\u00e4minen toteutetaan loppuun vuoden 2019 aikana. Muita keskeisi\u00e4 tavoitteita hankintatoimen kehitt\u00e4misess\u00e4 vuodelle 2019 ovat muun muassa kategoriasuunnitelmien jatkokehitt\u00e4minen, sopimusmallien kehitt\u00e4minen ja s\u00e4hk\u00f6isen allekirjoituspalvelun k\u00e4ytt\u00f6\u00f6notto hankintasopimuksissa.<\/p>\n<h2>Hankintojen riskienhallinta<\/h2>\n<p>Vuosittain arvioimme keskeisimm\u00e4t hankintojen riskit riskien ennaltaehk\u00e4isemiseksi ja pienent\u00e4miseksi. Vuoden 2019 keskeisimm\u00e4t riskit liittyv\u00e4t ep\u00e4onnistumiseen talousrikollisuuden torjunnassa, mahdollisiin turvallisuussopimusrikkomuksiin toimittajaverkostossa ja hankintatoimen kehitt\u00e4mistoimenpiteiden ep\u00e4onnistumiseen tai viiv\u00e4stymiseen.<\/p>\n<p><strong>Lis\u00e4\u00e4 tietoa seuraavista osoista:<br \/>\n<\/strong><\/p>\n<p><a href=\"https:\/\/www.senaatti.fi\/yhteiskuntavastuuraportti2018\/vastuullisuus-senaatissa\/sidosryhmat\/kumppanit\/\">Kumppanit<\/a><br \/>\n<a href=\"https:\/\/www.senaatti.fi\/yhteiskuntavastuuraportti2018\/vastuullisuus-senaatissa\/vastuulliset-hankinnat\/talousrikollisuuden-torjunta\/\">Talousrikollisuuden torjunta<\/a><\/p>\n","protected":false},"excerpt":{"rendered":"<p>Yhteiskuntavastuullisesti toimiva toimittajaverkosto on keskeinen tavoite Senaatti-kiinteist\u00f6ille. Senaatin verkostomainen toimintatapa edellytt\u00e4\u00e4 sek\u00e4 verkostojohtamisen osaamista ett\u00e4 menetelmi\u00e4. Toimittajien ty\u00f6ehtosopimusten, ymp\u00e4rist\u00f6-, ty\u00f6turvallisuus- ja tilaajavastuulains\u00e4\u00e4d\u00e4nn\u00f6n sek\u00e4 taloudenpitoon ja tietoturvallisuuteen liittyvien velvoitteiden noudattamista seurataan aktiivisesti. N\u00e4ihin asioihin liittyv\u00e4t velvoitteet ja toimittajaan kohdistuvat vaatimukset pyrit\u00e4\u00e4n kuvaamaan jo tarjouspyynn\u00f6ss\u00e4 ennen varsinaisen hankinnan k\u00e4ynnist\u00e4mist\u00e4. Senaatti-kiinteist\u00f6jen hankintaperiaatteet Senaatti-kiinteist\u00f6jen hankintaperiaatteet m\u00e4\u00e4rittelev\u00e4t hankintoja ohjaavat tavoitteet [&hellip;]<\/p>\n","protected":false},"author":11,"featured_media":0,"parent":63,"menu_order":7,"comment_status":"closed","ping_status":"closed","template":"","meta":{"_acf_changed":false,"footnotes":""},"class_list":["post-113","page","type-page","status-publish","hentry","senaatti_tsdg-vastuullista-kuluttamista"],"acf":[],"yoast_head":"<!-- This site is optimized with the Yoast SEO plugin v23.9 - https:\/\/yoast.com\/wordpress\/plugins\/seo\/ -->\n<title>Vastuulliset hankinnat - Yhteiskuntavastuuraportti 2018<\/title>\n<meta name=\"robots\" content=\"index, follow, max-snippet:-1, max-image-preview:large, max-video-preview:-1\" \/>\n<link rel=\"canonical\" href=\"https:\/\/www.senaatti.fi\/yhteiskuntavastuuraportti2018\/vastuullisuus-senaatissa\/vastuulliset-hankinnat\/\" \/>\n<meta property=\"og:locale\" content=\"en_US\" \/>\n<meta property=\"og:type\" content=\"article\" \/>\n<meta property=\"og:title\" content=\"Vastuulliset hankinnat - Yhteiskuntavastuuraportti 2018\" \/>\n<meta property=\"og:description\" content=\"Yhteiskuntavastuullisesti toimiva toimittajaverkosto on keskeinen tavoite Senaatti-kiinteist\u00f6ille. Senaatin verkostomainen toimintatapa edellytt\u00e4\u00e4 sek\u00e4 verkostojohtamisen osaamista ett\u00e4 menetelmi\u00e4. Toimittajien ty\u00f6ehtosopimusten, ymp\u00e4rist\u00f6-, ty\u00f6turvallisuus- ja tilaajavastuulains\u00e4\u00e4d\u00e4nn\u00f6n sek\u00e4 taloudenpitoon ja tietoturvallisuuteen liittyvien velvoitteiden noudattamista seurataan aktiivisesti. N\u00e4ihin asioihin liittyv\u00e4t velvoitteet ja toimittajaan kohdistuvat vaatimukset pyrit\u00e4\u00e4n kuvaamaan jo tarjouspyynn\u00f6ss\u00e4 ennen varsinaisen hankinnan k\u00e4ynnist\u00e4mist\u00e4. Senaatti-kiinteist\u00f6jen hankintaperiaatteet Senaatti-kiinteist\u00f6jen hankintaperiaatteet m\u00e4\u00e4rittelev\u00e4t hankintoja ohjaavat tavoitteet [&hellip;]\" \/>\n<meta property=\"og:url\" content=\"https:\/\/www.senaatti.fi\/yhteiskuntavastuuraportti2018\/vastuullisuus-senaatissa\/vastuulliset-hankinnat\/\" \/>\n<meta property=\"og:site_name\" content=\"Yhteiskuntavastuuraportti 2018\" \/>\n<meta property=\"article:modified_time\" content=\"2019-04-08T08:14:42+00:00\" \/>\n<meta property=\"og:image\" content=\"https:\/\/www.senaatti.fi\/app_ykv_archive\/uploads\/sites\/2\/2018\/04\/Vastuulliset-hankinnat-1024x665.png\" \/>\n<meta name=\"twitter:card\" content=\"summary_large_image\" \/>\n<meta name=\"twitter:label1\" content=\"Est. reading time\" \/>\n\t<meta name=\"twitter:data1\" content=\"2 minutes\" \/>\n<script type=\"application\/ld+json\" class=\"yoast-schema-graph\">{\"@context\":\"https:\/\/schema.org\",\"@graph\":[{\"@type\":\"WebPage\",\"@id\":\"https:\/\/www.senaatti.fi\/yhteiskuntavastuuraportti2018\/vastuullisuus-senaatissa\/vastuulliset-hankinnat\/\",\"url\":\"https:\/\/www.senaatti.fi\/yhteiskuntavastuuraportti2018\/vastuullisuus-senaatissa\/vastuulliset-hankinnat\/\",\"name\":\"Vastuulliset hankinnat - Yhteiskuntavastuuraportti 2018\",\"isPartOf\":{\"@id\":\"https:\/\/www.senaatti.fi\/yhteiskuntavastuuraportti2018\/#website\"},\"primaryImageOfPage\":{\"@id\":\"https:\/\/www.senaatti.fi\/yhteiskuntavastuuraportti2018\/vastuullisuus-senaatissa\/vastuulliset-hankinnat\/#primaryimage\"},\"image\":{\"@id\":\"https:\/\/www.senaatti.fi\/yhteiskuntavastuuraportti2018\/vastuullisuus-senaatissa\/vastuulliset-hankinnat\/#primaryimage\"},\"thumbnailUrl\":\"https:\/\/www.senaatti.fi\/app_ykv_archive\/uploads\/sites\/2\/2018\/04\/Vastuulliset-hankinnat-1024x665.png\",\"datePublished\":\"2018-01-29T11:21:14+00:00\",\"dateModified\":\"2019-04-08T08:14:42+00:00\",\"breadcrumb\":{\"@id\":\"https:\/\/www.senaatti.fi\/yhteiskuntavastuuraportti2018\/vastuullisuus-senaatissa\/vastuulliset-hankinnat\/#breadcrumb\"},\"inLanguage\":\"en-US\",\"potentialAction\":[{\"@type\":\"ReadAction\",\"target\":[\"https:\/\/www.senaatti.fi\/yhteiskuntavastuuraportti2018\/vastuullisuus-senaatissa\/vastuulliset-hankinnat\/\"]}]},{\"@type\":\"ImageObject\",\"inLanguage\":\"en-US\",\"@id\":\"https:\/\/www.senaatti.fi\/yhteiskuntavastuuraportti2018\/vastuullisuus-senaatissa\/vastuulliset-hankinnat\/#primaryimage\",\"url\":\"https:\/\/www.senaatti.fi\/app_ykv_archive\/uploads\/sites\/2\/2018\/04\/Vastuulliset-hankinnat-1024x665.png\",\"contentUrl\":\"https:\/\/www.senaatti.fi\/app_ykv_archive\/uploads\/sites\/2\/2018\/04\/Vastuulliset-hankinnat-1024x665.png\"},{\"@type\":\"BreadcrumbList\",\"@id\":\"https:\/\/www.senaatti.fi\/yhteiskuntavastuuraportti2018\/vastuullisuus-senaatissa\/vastuulliset-hankinnat\/#breadcrumb\",\"itemListElement\":[{\"@type\":\"ListItem\",\"position\":1,\"name\":\"Home\",\"item\":\"https:\/\/www.senaatti.fi\/yhteiskuntavastuuraportti2018\/\"},{\"@type\":\"ListItem\",\"position\":2,\"name\":\"Vastuullisuus Senaatissa\",\"item\":\"https:\/\/www.senaatti.fi\/yhteiskuntavastuuraportti2018\/vastuullisuus-senaatissa\/\"},{\"@type\":\"ListItem\",\"position\":3,\"name\":\"Vastuulliset hankinnat\"}]},{\"@type\":\"WebSite\",\"@id\":\"https:\/\/www.senaatti.fi\/yhteiskuntavastuuraportti2018\/#website\",\"url\":\"https:\/\/www.senaatti.fi\/yhteiskuntavastuuraportti2018\/\",\"name\":\"Yhteiskuntavastuuraportti 2018\",\"description\":\"\",\"potentialAction\":[{\"@type\":\"SearchAction\",\"target\":{\"@type\":\"EntryPoint\",\"urlTemplate\":\"https:\/\/www.senaatti.fi\/yhteiskuntavastuuraportti2018\/?s={search_term_string}\"},\"query-input\":{\"@type\":\"PropertyValueSpecification\",\"valueRequired\":true,\"valueName\":\"search_term_string\"}}],\"inLanguage\":\"en-US\"}]}<\/script>\n<!-- \/ Yoast SEO plugin. -->","yoast_head_json":{"title":"Vastuulliset hankinnat - Yhteiskuntavastuuraportti 2018","robots":{"index":"index","follow":"follow","max-snippet":"max-snippet:-1","max-image-preview":"max-image-preview:large","max-video-preview":"max-video-preview:-1"},"canonical":"https:\/\/www.senaatti.fi\/yhteiskuntavastuuraportti2018\/vastuullisuus-senaatissa\/vastuulliset-hankinnat\/","og_locale":"en_US","og_type":"article","og_title":"Vastuulliset hankinnat - Yhteiskuntavastuuraportti 2018","og_description":"Yhteiskuntavastuullisesti toimiva toimittajaverkosto on keskeinen tavoite Senaatti-kiinteist\u00f6ille. Senaatin verkostomainen toimintatapa edellytt\u00e4\u00e4 sek\u00e4 verkostojohtamisen osaamista ett\u00e4 menetelmi\u00e4. Toimittajien ty\u00f6ehtosopimusten, ymp\u00e4rist\u00f6-, ty\u00f6turvallisuus- ja tilaajavastuulains\u00e4\u00e4d\u00e4nn\u00f6n sek\u00e4 taloudenpitoon ja tietoturvallisuuteen liittyvien velvoitteiden noudattamista seurataan aktiivisesti. N\u00e4ihin asioihin liittyv\u00e4t velvoitteet ja toimittajaan kohdistuvat vaatimukset pyrit\u00e4\u00e4n kuvaamaan jo tarjouspyynn\u00f6ss\u00e4 ennen varsinaisen hankinnan k\u00e4ynnist\u00e4mist\u00e4. Senaatti-kiinteist\u00f6jen hankintaperiaatteet Senaatti-kiinteist\u00f6jen hankintaperiaatteet m\u00e4\u00e4rittelev\u00e4t hankintoja ohjaavat tavoitteet [&hellip;]","og_url":"https:\/\/www.senaatti.fi\/yhteiskuntavastuuraportti2018\/vastuullisuus-senaatissa\/vastuulliset-hankinnat\/","og_site_name":"Yhteiskuntavastuuraportti 2018","article_modified_time":"2019-04-08T08:14:42+00:00","og_image":[{"url":"https:\/\/www.senaatti.fi\/app_ykv_archive\/uploads\/sites\/2\/2018\/04\/Vastuulliset-hankinnat-1024x665.png"}],"twitter_card":"summary_large_image","twitter_misc":{"Est. reading time":"2 minutes"},"schema":{"@context":"https:\/\/schema.org","@graph":[{"@type":"WebPage","@id":"https:\/\/www.senaatti.fi\/yhteiskuntavastuuraportti2018\/vastuullisuus-senaatissa\/vastuulliset-hankinnat\/","url":"https:\/\/www.senaatti.fi\/yhteiskuntavastuuraportti2018\/vastuullisuus-senaatissa\/vastuulliset-hankinnat\/","name":"Vastuulliset hankinnat - Yhteiskuntavastuuraportti 2018","isPartOf":{"@id":"https:\/\/www.senaatti.fi\/yhteiskuntavastuuraportti2018\/#website"},"primaryImageOfPage":{"@id":"https:\/\/www.senaatti.fi\/yhteiskuntavastuuraportti2018\/vastuullisuus-senaatissa\/vastuulliset-hankinnat\/#primaryimage"},"image":{"@id":"https:\/\/www.senaatti.fi\/yhteiskuntavastuuraportti2018\/vastuullisuus-senaatissa\/vastuulliset-hankinnat\/#primaryimage"},"thumbnailUrl":"https:\/\/www.senaatti.fi\/app_ykv_archive\/uploads\/sites\/2\/2018\/04\/Vastuulliset-hankinnat-1024x665.png","datePublished":"2018-01-29T11:21:14+00:00","dateModified":"2019-04-08T08:14:42+00:00","breadcrumb":{"@id":"https:\/\/www.senaatti.fi\/yhteiskuntavastuuraportti2018\/vastuullisuus-senaatissa\/vastuulliset-hankinnat\/#breadcrumb"},"inLanguage":"en-US","potentialAction":[{"@type":"ReadAction","target":["https:\/\/www.senaatti.fi\/yhteiskuntavastuuraportti2018\/vastuullisuus-senaatissa\/vastuulliset-hankinnat\/"]}]},{"@type":"ImageObject","inLanguage":"en-US","@id":"https:\/\/www.senaatti.fi\/yhteiskuntavastuuraportti2018\/vastuullisuus-senaatissa\/vastuulliset-hankinnat\/#primaryimage","url":"https:\/\/www.senaatti.fi\/app_ykv_archive\/uploads\/sites\/2\/2018\/04\/Vastuulliset-hankinnat-1024x665.png","contentUrl":"https:\/\/www.senaatti.fi\/app_ykv_archive\/uploads\/sites\/2\/2018\/04\/Vastuulliset-hankinnat-1024x665.png"},{"@type":"BreadcrumbList","@id":"https:\/\/www.senaatti.fi\/yhteiskuntavastuuraportti2018\/vastuullisuus-senaatissa\/vastuulliset-hankinnat\/#breadcrumb","itemListElement":[{"@type":"ListItem","position":1,"name":"Home","item":"https:\/\/www.senaatti.fi\/yhteiskuntavastuuraportti2018\/"},{"@type":"ListItem","position":2,"name":"Vastuullisuus Senaatissa","item":"https:\/\/www.senaatti.fi\/yhteiskuntavastuuraportti2018\/vastuullisuus-senaatissa\/"},{"@type":"ListItem","position":3,"name":"Vastuulliset hankinnat"}]},{"@type":"WebSite","@id":"https:\/\/www.senaatti.fi\/yhteiskuntavastuuraportti2018\/#website","url":"https:\/\/www.senaatti.fi\/yhteiskuntavastuuraportti2018\/","name":"Yhteiskuntavastuuraportti 2018","description":"","potentialAction":[{"@type":"SearchAction","target":{"@type":"EntryPoint","urlTemplate":"https:\/\/www.senaatti.fi\/yhteiskuntavastuuraportti2018\/?s={search_term_string}"},"query-input":{"@type":"PropertyValueSpecification","valueRequired":true,"valueName":"search_term_string"}}],"inLanguage":"en-US"}]}},"_links":{"self":[{"href":"https:\/\/www.senaatti.fi\/yhteiskuntavastuuraportti2018\/wp-json\/wp\/v2\/pages\/113","targetHints":{"allow":["GET"]}}],"collection":[{"href":"https:\/\/www.senaatti.fi\/yhteiskuntavastuuraportti2018\/wp-json\/wp\/v2\/pages"}],"about":[{"href":"https:\/\/www.senaatti.fi\/yhteiskuntavastuuraportti2018\/wp-json\/wp\/v2\/types\/page"}],"author":[{"embeddable":true,"href":"https:\/\/www.senaatti.fi\/yhteiskuntavastuuraportti2018\/wp-json\/wp\/v2\/users\/11"}],"replies":[{"embeddable":true,"href":"https:\/\/www.senaatti.fi\/yhteiskuntavastuuraportti2018\/wp-json\/wp\/v2\/comments?post=113"}],"version-history":[{"count":11,"href":"https:\/\/www.senaatti.fi\/yhteiskuntavastuuraportti2018\/wp-json\/wp\/v2\/pages\/113\/revisions"}],"predecessor-version":[{"id":2362,"href":"https:\/\/www.senaatti.fi\/yhteiskuntavastuuraportti2018\/wp-json\/wp\/v2\/pages\/113\/revisions\/2362"}],"up":[{"embeddable":true,"href":"https:\/\/www.senaatti.fi\/yhteiskuntavastuuraportti2018\/wp-json\/wp\/v2\/pages\/63"}],"wp:attachment":[{"href":"https:\/\/www.senaatti.fi\/yhteiskuntavastuuraportti2018\/wp-json\/wp\/v2\/media?parent=113"}],"curies":[{"name":"wp","href":"https:\/\/api.w.org\/{rel}","templated":true}]}}