{"id":111,"date":"2018-01-29T11:20:58","date_gmt":"2018-01-29T11:20:58","guid":{"rendered":"https:\/\/www.senaatti.fi\/yhteiskuntavastuuraportti2018\/?page_id=111"},"modified":"2019-03-08T10:58:19","modified_gmt":"2019-03-08T10:58:19","slug":"turvallisuus","status":"publish","type":"page","link":"https:\/\/www.senaatti.fi\/yhteiskuntavastuuraportti2018\/vastuullisuus-senaatissa\/tyoymparistot\/turvallisuus\/","title":{"rendered":"Turvallisuuspalvelut"},"content":{"rendered":"<p><img loading=\"lazy\" decoding=\"async\" class=\"size-large wp-image-1559 alignnone\" src=\"https:\/\/www.senaatti.fi\/app_ykv_archive\/uploads\/sites\/7\/2019\/03\/turvatarkastus_05-1024x605.jpg\" alt=\"\" width=\"1024\" height=\"605\" srcset=\"https:\/\/www.senaatti.fi\/app_ykv_archive\/uploads\/sites\/7\/2019\/03\/turvatarkastus_05-1024x605.jpg 1024w, https:\/\/www.senaatti.fi\/app_ykv_archive\/uploads\/sites\/7\/2019\/03\/turvatarkastus_05-300x177.jpg 300w, https:\/\/www.senaatti.fi\/app_ykv_archive\/uploads\/sites\/7\/2019\/03\/turvatarkastus_05-768x454.jpg 768w, https:\/\/www.senaatti.fi\/app_ykv_archive\/uploads\/sites\/7\/2019\/03\/turvatarkastus_05-1600x945.jpg 1600w, https:\/\/www.senaatti.fi\/app_ykv_archive\/uploads\/sites\/7\/2019\/03\/turvatarkastus_05.jpg 2200w\" sizes=\"auto, (max-width: 1024px) 100vw, 1024px\" \/><\/p>\n<p>Turvallisuuteen liittyv\u00e4t n\u00e4k\u00f6kohdat otetaan entist\u00e4 kattavammin huomioon valtion toimitiloissa ja ty\u00f6ymp\u00e4rist\u00f6ratkaisuissa. Turvallisuuspalvelujen kysynt\u00e4 on kasvanut asiakkaidemme keskuudessa, ja Senaatti on l\u00e4htenyt vastaamaan t\u00e4h\u00e4n kysynt\u00e4\u00e4n. \u00a0Senaatin tavoitteena on turvallisuuspalveluiden tuottaminen palveluna (Security as a Service), jolloin on mahdollista johtaa ty\u00f6ymp\u00e4rist\u00f6n turvallisuutta nykyist\u00e4 huomattavasti tehokkaammin, laadukkaammin ja kattavammin.<\/p>\n<p>Turvallisuuden kehitt\u00e4mishankkeita toteutettiin useita vuoden 2018 aikana. Vuoden 2018 keskeiset turvallisuuden ja turvallisuuspalvelukyvyn kehitt\u00e4miseen valitut tavoitteet saavutettiin ja n\u00e4m\u00e4 tukivat Senaatin strategian toteutumista.<\/p>\n<p>Turvallisuuspalveluiden kehitt\u00e4misen ja tuottamisen pitk\u00e4n t\u00e4ht\u00e4imen tavoitteet ovat kustannustehokkuus, toimitilaturvallisuuden edelleen kehittyminen ja valtion kokonaisedun toteutuminen.<\/p>\n<p><strong>Kustannustehokkuus<\/strong> saavutettiin palvelujen keskitt\u00e4misell\u00e4, huolto- ja vikakorjausmenettelyn yhdenmukaistamisella, henkil\u00f6resurssien uudelleen kohdentamisella ja hankintojen skaalaetujen hy\u00f6dynt\u00e4misell\u00e4. Turvallisuuspalvelujen kautta saavutettiin suoraan kolmessa projektissa mittavat kustannuss\u00e4\u00e4st\u00f6t.<\/p>\n<p><strong>Toimitilaturvallisuuden edelleen kehittyminen<\/strong> saavutettiin hallitulla turvallisuuspalvelukokonaisuuden keskitt\u00e4misell\u00e4, standardoitujen turvallisten ratkaisujen ja palvelujen k\u00e4yt\u00f6st\u00e4, yhten\u00e4ist\u00e4m\u00e4ll\u00e4 toiminta- ja sopimusmallit kaikissa turvallisuuspalveluissa ja dokumentoimalla palveluroolit, -vastuut ja -teht\u00e4v\u00e4t.<\/p>\n<p><strong>Valtion kokonaisedun toteutuminen<\/strong> saavutettiin tarjoamalla asiakkaille muutamassa tapauksessa tilat k\u00e4ytt\u00f6valmiina my\u00f6s turvallisuuden osalta, yhten\u00e4ist\u00e4m\u00e4ll\u00e4 toteutusprosessi (tarvem\u00e4\u00e4rittely, suunnittelu, hankinta, toteutus ja yll\u00e4pito) sek\u00e4 vahvistamalla Senaatin asiantuntijaosaamista valtiohallinnon turvallisuuspalveluiden toimittajana.<\/p>\n<p>Turvallisuuspalveluiden toteuttamisessa edettiin pilottiasiakaskohtaisesti. Toiminnan organisoinnissa luotiin Senaattiin turvallisuusyksikk\u00f6 ja valtakunnallinen turvapalveluiden verkosto.<\/p>\n<p>Henkil\u00f6iden hyv\u00e4ksytt\u00e4miseen liittyv\u00e4n tiedonhallinnan helpottamiseksi kehitettiin tietoj\u00e4rjestelm\u00e4 Senaatin Luparekisteri, jossa hallinnoidaan keskitetysti Senaatin palveluntuottajien henkil\u00f6iden hyv\u00e4ksytt\u00e4misiin liittyvi\u00e4 tietoja ja dokumentteja.<\/p>\n<p style=\"margin: 0in; font-family: Calibri; font-size: 11.0pt;\"><div class=\"senaatti-feature\"><img loading=\"lazy\" decoding=\"async\" width=\"1024\" height=\"427\" src=\"https:\/\/www.senaatti.fi\/app_ykv_archive\/uploads\/sites\/7\/2019\/03\/Senaatti_turvatarkastus_02_2200px-1024x427.jpg\" class=\"senaatti-feature__thumbnail wp-post-image\" alt=\"\" srcset=\"https:\/\/www.senaatti.fi\/app_ykv_archive\/uploads\/sites\/7\/2019\/03\/Senaatti_turvatarkastus_02_2200px-1024x427.jpg 1024w, https:\/\/www.senaatti.fi\/app_ykv_archive\/uploads\/sites\/7\/2019\/03\/Senaatti_turvatarkastus_02_2200px-300x125.jpg 300w, https:\/\/www.senaatti.fi\/app_ykv_archive\/uploads\/sites\/7\/2019\/03\/Senaatti_turvatarkastus_02_2200px-768x320.jpg 768w, https:\/\/www.senaatti.fi\/app_ykv_archive\/uploads\/sites\/7\/2019\/03\/Senaatti_turvatarkastus_02_2200px-1600x667.jpg 1600w, https:\/\/www.senaatti.fi\/app_ykv_archive\/uploads\/sites\/7\/2019\/03\/Senaatti_turvatarkastus_02_2200px-2200x917.jpg 2200w\" sizes=\"auto, (max-width: 1024px) 100vw, 1024px\" \/><h3 class=\"senaatti-feature__title\">Case: \u201dTakit ja laukut l\u00e4pivalaisuun, kiitos\u201d<\/h3><p>Kaikille Turun poliisitalossa asioiville on tehty turvatarkastukset marraskuusta 2018 l\u00e4htien. T\u00e4m\u00e4 on osoittautunut tarpeelliseksi: metallinpaljastimen l\u00e4pi kulkee keskim\u00e4\u00e4rin 45 ihmist\u00e4 tunnissa, ja kuukausittain takavarikkoon p\u00e4\u00e4tyy noin 300 esinett\u00e4. Senaatin tuottamiin kokonaispalveluihin kuuluva ratkaisu on pit\u00e4nyt sis\u00e4ll\u00e4\u00e4n laitteiston hankinnan, palvelun, kilpailutuksen, perehdytyksen, haltuunoton sek\u00e4 toiminnan aikaisen palvelun ohjaamisen. Senaatin kiinteist\u00f6p\u00e4\u00e4llik\u00f6n Petri Nurmion mukaan Turun poliisitalolta saatujen kokemusten perusteella voidaan jatkossa arvioida mahdollisuuksia tuottaa vastaavia palveluita my\u00f6s muihin poliisien tiloihin.<\/p><a class=\"btn btn-primary senaatti-feature__btn\" href=\"https:\/\/www.senaatti.fi\/tyoymparisto\/inspiraatio\/artikkeli\/takit-ja-laukut-lapivalaisuun-kiitos\/\" target=\"\">Lue koko artikkeli<\/a><\/div>\n<p>&nbsp;<\/p>\n<p>&nbsp;<\/p>\n","protected":false},"excerpt":{"rendered":"<p>Turvallisuuteen liittyv\u00e4t n\u00e4k\u00f6kohdat otetaan entist\u00e4 kattavammin huomioon valtion toimitiloissa ja ty\u00f6ymp\u00e4rist\u00f6ratkaisuissa. Turvallisuuspalvelujen kysynt\u00e4 on kasvanut asiakkaidemme keskuudessa, ja Senaatti on l\u00e4htenyt vastaamaan t\u00e4h\u00e4n kysynt\u00e4\u00e4n. \u00a0Senaatin tavoitteena on turvallisuuspalveluiden tuottaminen palveluna (Security as a Service), jolloin on mahdollista johtaa ty\u00f6ymp\u00e4rist\u00f6n turvallisuutta nykyist\u00e4 huomattavasti tehokkaammin, laadukkaammin ja kattavammin. Turvallisuuden kehitt\u00e4mishankkeita toteutettiin useita vuoden 2018 aikana. Vuoden 2018 [&hellip;]<\/p>\n","protected":false},"author":11,"featured_media":0,"parent":103,"menu_order":3,"comment_status":"closed","ping_status":"closed","template":"","meta":{"_acf_changed":false,"footnotes":""},"class_list":["post-111","page","type-page","status-publish","hentry"],"acf":[],"yoast_head":"<!-- This site is optimized with the Yoast SEO plugin v23.9 - https:\/\/yoast.com\/wordpress\/plugins\/seo\/ -->\n<title>Turvallisuuspalvelut - Yhteiskuntavastuuraportti 2018<\/title>\n<meta name=\"robots\" content=\"index, follow, max-snippet:-1, max-image-preview:large, max-video-preview:-1\" \/>\n<link rel=\"canonical\" href=\"https:\/\/www.senaatti.fi\/yhteiskuntavastuuraportti2018\/vastuullisuus-senaatissa\/tyoymparistot\/turvallisuus\/\" \/>\n<meta property=\"og:locale\" content=\"en_US\" \/>\n<meta property=\"og:type\" content=\"article\" \/>\n<meta property=\"og:title\" content=\"Turvallisuuspalvelut - Yhteiskuntavastuuraportti 2018\" \/>\n<meta property=\"og:description\" content=\"Turvallisuuteen liittyv\u00e4t n\u00e4k\u00f6kohdat otetaan entist\u00e4 kattavammin huomioon valtion toimitiloissa ja ty\u00f6ymp\u00e4rist\u00f6ratkaisuissa. Turvallisuuspalvelujen kysynt\u00e4 on kasvanut asiakkaidemme keskuudessa, ja Senaatti on l\u00e4htenyt vastaamaan t\u00e4h\u00e4n kysynt\u00e4\u00e4n. \u00a0Senaatin tavoitteena on turvallisuuspalveluiden tuottaminen palveluna (Security as a Service), jolloin on mahdollista johtaa ty\u00f6ymp\u00e4rist\u00f6n turvallisuutta nykyist\u00e4 huomattavasti tehokkaammin, laadukkaammin ja kattavammin. Turvallisuuden kehitt\u00e4mishankkeita toteutettiin useita vuoden 2018 aikana. Vuoden 2018 [&hellip;]\" \/>\n<meta property=\"og:url\" content=\"https:\/\/www.senaatti.fi\/yhteiskuntavastuuraportti2018\/vastuullisuus-senaatissa\/tyoymparistot\/turvallisuus\/\" \/>\n<meta property=\"og:site_name\" content=\"Yhteiskuntavastuuraportti 2018\" \/>\n<meta property=\"article:modified_time\" content=\"2019-03-08T10:58:19+00:00\" \/>\n<meta property=\"og:image\" content=\"https:\/\/www.senaatti.fi\/app_ykv_archive\/uploads\/sites\/7\/2019\/03\/turvatarkastus_05-1024x605.jpg\" \/>\n<meta name=\"twitter:card\" content=\"summary_large_image\" \/>\n<meta name=\"twitter:label1\" content=\"Est. reading time\" \/>\n\t<meta name=\"twitter:data1\" content=\"1 minute\" \/>\n<script type=\"application\/ld+json\" class=\"yoast-schema-graph\">{\"@context\":\"https:\/\/schema.org\",\"@graph\":[{\"@type\":\"WebPage\",\"@id\":\"https:\/\/www.senaatti.fi\/yhteiskuntavastuuraportti2018\/vastuullisuus-senaatissa\/tyoymparistot\/turvallisuus\/\",\"url\":\"https:\/\/www.senaatti.fi\/yhteiskuntavastuuraportti2018\/vastuullisuus-senaatissa\/tyoymparistot\/turvallisuus\/\",\"name\":\"Turvallisuuspalvelut - Yhteiskuntavastuuraportti 2018\",\"isPartOf\":{\"@id\":\"https:\/\/www.senaatti.fi\/yhteiskuntavastuuraportti2018\/#website\"},\"primaryImageOfPage\":{\"@id\":\"https:\/\/www.senaatti.fi\/yhteiskuntavastuuraportti2018\/vastuullisuus-senaatissa\/tyoymparistot\/turvallisuus\/#primaryimage\"},\"image\":{\"@id\":\"https:\/\/www.senaatti.fi\/yhteiskuntavastuuraportti2018\/vastuullisuus-senaatissa\/tyoymparistot\/turvallisuus\/#primaryimage\"},\"thumbnailUrl\":\"https:\/\/www.senaatti.fi\/app_ykv_archive\/uploads\/sites\/7\/2019\/03\/turvatarkastus_05-1024x605.jpg\",\"datePublished\":\"2018-01-29T11:20:58+00:00\",\"dateModified\":\"2019-03-08T10:58:19+00:00\",\"breadcrumb\":{\"@id\":\"https:\/\/www.senaatti.fi\/yhteiskuntavastuuraportti2018\/vastuullisuus-senaatissa\/tyoymparistot\/turvallisuus\/#breadcrumb\"},\"inLanguage\":\"en-US\",\"potentialAction\":[{\"@type\":\"ReadAction\",\"target\":[\"https:\/\/www.senaatti.fi\/yhteiskuntavastuuraportti2018\/vastuullisuus-senaatissa\/tyoymparistot\/turvallisuus\/\"]}]},{\"@type\":\"ImageObject\",\"inLanguage\":\"en-US\",\"@id\":\"https:\/\/www.senaatti.fi\/yhteiskuntavastuuraportti2018\/vastuullisuus-senaatissa\/tyoymparistot\/turvallisuus\/#primaryimage\",\"url\":\"https:\/\/www.senaatti.fi\/app_ykv_archive\/uploads\/sites\/7\/2019\/03\/turvatarkastus_05-1024x605.jpg\",\"contentUrl\":\"https:\/\/www.senaatti.fi\/app_ykv_archive\/uploads\/sites\/7\/2019\/03\/turvatarkastus_05-1024x605.jpg\"},{\"@type\":\"BreadcrumbList\",\"@id\":\"https:\/\/www.senaatti.fi\/yhteiskuntavastuuraportti2018\/vastuullisuus-senaatissa\/tyoymparistot\/turvallisuus\/#breadcrumb\",\"itemListElement\":[{\"@type\":\"ListItem\",\"position\":1,\"name\":\"Home\",\"item\":\"https:\/\/www.senaatti.fi\/yhteiskuntavastuuraportti2018\/\"},{\"@type\":\"ListItem\",\"position\":2,\"name\":\"Vastuullisuus Senaatissa\",\"item\":\"https:\/\/www.senaatti.fi\/yhteiskuntavastuuraportti2018\/vastuullisuus-senaatissa\/\"},{\"@type\":\"ListItem\",\"position\":3,\"name\":\"Ty\u00f6ymp\u00e4rist\u00f6t\",\"item\":\"https:\/\/www.senaatti.fi\/yhteiskuntavastuuraportti2018\/vastuullisuus-senaatissa\/tyoymparistot\/\"},{\"@type\":\"ListItem\",\"position\":4,\"name\":\"Turvallisuuspalvelut\"}]},{\"@type\":\"WebSite\",\"@id\":\"https:\/\/www.senaatti.fi\/yhteiskuntavastuuraportti2018\/#website\",\"url\":\"https:\/\/www.senaatti.fi\/yhteiskuntavastuuraportti2018\/\",\"name\":\"Yhteiskuntavastuuraportti 2018\",\"description\":\"\",\"potentialAction\":[{\"@type\":\"SearchAction\",\"target\":{\"@type\":\"EntryPoint\",\"urlTemplate\":\"https:\/\/www.senaatti.fi\/yhteiskuntavastuuraportti2018\/?s={search_term_string}\"},\"query-input\":{\"@type\":\"PropertyValueSpecification\",\"valueRequired\":true,\"valueName\":\"search_term_string\"}}],\"inLanguage\":\"en-US\"}]}<\/script>\n<!-- \/ Yoast SEO plugin. -->","yoast_head_json":{"title":"Turvallisuuspalvelut - Yhteiskuntavastuuraportti 2018","robots":{"index":"index","follow":"follow","max-snippet":"max-snippet:-1","max-image-preview":"max-image-preview:large","max-video-preview":"max-video-preview:-1"},"canonical":"https:\/\/www.senaatti.fi\/yhteiskuntavastuuraportti2018\/vastuullisuus-senaatissa\/tyoymparistot\/turvallisuus\/","og_locale":"en_US","og_type":"article","og_title":"Turvallisuuspalvelut - Yhteiskuntavastuuraportti 2018","og_description":"Turvallisuuteen liittyv\u00e4t n\u00e4k\u00f6kohdat otetaan entist\u00e4 kattavammin huomioon valtion toimitiloissa ja ty\u00f6ymp\u00e4rist\u00f6ratkaisuissa. Turvallisuuspalvelujen kysynt\u00e4 on kasvanut asiakkaidemme keskuudessa, ja Senaatti on l\u00e4htenyt vastaamaan t\u00e4h\u00e4n kysynt\u00e4\u00e4n. \u00a0Senaatin tavoitteena on turvallisuuspalveluiden tuottaminen palveluna (Security as a Service), jolloin on mahdollista johtaa ty\u00f6ymp\u00e4rist\u00f6n turvallisuutta nykyist\u00e4 huomattavasti tehokkaammin, laadukkaammin ja kattavammin. Turvallisuuden kehitt\u00e4mishankkeita toteutettiin useita vuoden 2018 aikana. Vuoden 2018 [&hellip;]","og_url":"https:\/\/www.senaatti.fi\/yhteiskuntavastuuraportti2018\/vastuullisuus-senaatissa\/tyoymparistot\/turvallisuus\/","og_site_name":"Yhteiskuntavastuuraportti 2018","article_modified_time":"2019-03-08T10:58:19+00:00","og_image":[{"url":"https:\/\/www.senaatti.fi\/app_ykv_archive\/uploads\/sites\/7\/2019\/03\/turvatarkastus_05-1024x605.jpg"}],"twitter_card":"summary_large_image","twitter_misc":{"Est. reading time":"1 minute"},"schema":{"@context":"https:\/\/schema.org","@graph":[{"@type":"WebPage","@id":"https:\/\/www.senaatti.fi\/yhteiskuntavastuuraportti2018\/vastuullisuus-senaatissa\/tyoymparistot\/turvallisuus\/","url":"https:\/\/www.senaatti.fi\/yhteiskuntavastuuraportti2018\/vastuullisuus-senaatissa\/tyoymparistot\/turvallisuus\/","name":"Turvallisuuspalvelut - Yhteiskuntavastuuraportti 2018","isPartOf":{"@id":"https:\/\/www.senaatti.fi\/yhteiskuntavastuuraportti2018\/#website"},"primaryImageOfPage":{"@id":"https:\/\/www.senaatti.fi\/yhteiskuntavastuuraportti2018\/vastuullisuus-senaatissa\/tyoymparistot\/turvallisuus\/#primaryimage"},"image":{"@id":"https:\/\/www.senaatti.fi\/yhteiskuntavastuuraportti2018\/vastuullisuus-senaatissa\/tyoymparistot\/turvallisuus\/#primaryimage"},"thumbnailUrl":"https:\/\/www.senaatti.fi\/app_ykv_archive\/uploads\/sites\/7\/2019\/03\/turvatarkastus_05-1024x605.jpg","datePublished":"2018-01-29T11:20:58+00:00","dateModified":"2019-03-08T10:58:19+00:00","breadcrumb":{"@id":"https:\/\/www.senaatti.fi\/yhteiskuntavastuuraportti2018\/vastuullisuus-senaatissa\/tyoymparistot\/turvallisuus\/#breadcrumb"},"inLanguage":"en-US","potentialAction":[{"@type":"ReadAction","target":["https:\/\/www.senaatti.fi\/yhteiskuntavastuuraportti2018\/vastuullisuus-senaatissa\/tyoymparistot\/turvallisuus\/"]}]},{"@type":"ImageObject","inLanguage":"en-US","@id":"https:\/\/www.senaatti.fi\/yhteiskuntavastuuraportti2018\/vastuullisuus-senaatissa\/tyoymparistot\/turvallisuus\/#primaryimage","url":"https:\/\/www.senaatti.fi\/app_ykv_archive\/uploads\/sites\/7\/2019\/03\/turvatarkastus_05-1024x605.jpg","contentUrl":"https:\/\/www.senaatti.fi\/app_ykv_archive\/uploads\/sites\/7\/2019\/03\/turvatarkastus_05-1024x605.jpg"},{"@type":"BreadcrumbList","@id":"https:\/\/www.senaatti.fi\/yhteiskuntavastuuraportti2018\/vastuullisuus-senaatissa\/tyoymparistot\/turvallisuus\/#breadcrumb","itemListElement":[{"@type":"ListItem","position":1,"name":"Home","item":"https:\/\/www.senaatti.fi\/yhteiskuntavastuuraportti2018\/"},{"@type":"ListItem","position":2,"name":"Vastuullisuus Senaatissa","item":"https:\/\/www.senaatti.fi\/yhteiskuntavastuuraportti2018\/vastuullisuus-senaatissa\/"},{"@type":"ListItem","position":3,"name":"Ty\u00f6ymp\u00e4rist\u00f6t","item":"https:\/\/www.senaatti.fi\/yhteiskuntavastuuraportti2018\/vastuullisuus-senaatissa\/tyoymparistot\/"},{"@type":"ListItem","position":4,"name":"Turvallisuuspalvelut"}]},{"@type":"WebSite","@id":"https:\/\/www.senaatti.fi\/yhteiskuntavastuuraportti2018\/#website","url":"https:\/\/www.senaatti.fi\/yhteiskuntavastuuraportti2018\/","name":"Yhteiskuntavastuuraportti 2018","description":"","potentialAction":[{"@type":"SearchAction","target":{"@type":"EntryPoint","urlTemplate":"https:\/\/www.senaatti.fi\/yhteiskuntavastuuraportti2018\/?s={search_term_string}"},"query-input":{"@type":"PropertyValueSpecification","valueRequired":true,"valueName":"search_term_string"}}],"inLanguage":"en-US"}]}},"_links":{"self":[{"href":"https:\/\/www.senaatti.fi\/yhteiskuntavastuuraportti2018\/wp-json\/wp\/v2\/pages\/111","targetHints":{"allow":["GET"]}}],"collection":[{"href":"https:\/\/www.senaatti.fi\/yhteiskuntavastuuraportti2018\/wp-json\/wp\/v2\/pages"}],"about":[{"href":"https:\/\/www.senaatti.fi\/yhteiskuntavastuuraportti2018\/wp-json\/wp\/v2\/types\/page"}],"author":[{"embeddable":true,"href":"https:\/\/www.senaatti.fi\/yhteiskuntavastuuraportti2018\/wp-json\/wp\/v2\/users\/11"}],"replies":[{"embeddable":true,"href":"https:\/\/www.senaatti.fi\/yhteiskuntavastuuraportti2018\/wp-json\/wp\/v2\/comments?post=111"}],"version-history":[{"count":10,"href":"https:\/\/www.senaatti.fi\/yhteiskuntavastuuraportti2018\/wp-json\/wp\/v2\/pages\/111\/revisions"}],"predecessor-version":[{"id":1561,"href":"https:\/\/www.senaatti.fi\/yhteiskuntavastuuraportti2018\/wp-json\/wp\/v2\/pages\/111\/revisions\/1561"}],"up":[{"embeddable":true,"href":"https:\/\/www.senaatti.fi\/yhteiskuntavastuuraportti2018\/wp-json\/wp\/v2\/pages\/103"}],"wp:attachment":[{"href":"https:\/\/www.senaatti.fi\/yhteiskuntavastuuraportti2018\/wp-json\/wp\/v2\/media?parent=111"}],"curies":[{"name":"wp","href":"https:\/\/api.w.org\/{rel}","templated":true}]}}