{"id":11,"date":"2018-01-29T10:56:54","date_gmt":"2018-01-29T10:56:54","guid":{"rendered":"https:\/\/www.senaatti.fi\/yhteiskuntavastuuraportti2018\/?page_id=11"},"modified":"2024-08-30T13:41:02","modified_gmt":"2024-08-30T13:41:02","slug":"taloudelliset-tavoitteet-ja-tulokset","status":"publish","type":"page","link":"https:\/\/www.senaatti.fi\/yhteiskuntavastuuraportti2018\/vuosi-2018\/taloudelliset-tavoitteet-ja-tulokset\/","title":{"rendered":"Taloudelliset tavoitteet ja tulokset"},"content":{"rendered":"<div>\n<ul>\n<li>Kokonaistulos oli 64 milj. euroa ja alitti 21 milj. euroa tavoitteen<\/li>\n<li>Vuokrauksen tulos 42 milj. euroa alitti tavoitteen 19 milj. eurolla<\/li>\n<li>Vuokrauksen tulostavoitteista j\u00e4\u00e4tiin, koska valtion vuokraj\u00e4rjestelm\u00e4ss\u00e4 kustannusvastuita siirrettiin muun muassa puolustusvoimilta ja Rajavartiolaitokselta Senaatille<\/li>\n<li>Kiinteist\u00f6jen myyntien tulos oli 21 milj. euroa, tavoitteen oltua 24 milj. euroa.<\/li>\n<li>Kiinteist\u00f6jen toteutunut myynti oli 118 milj. euroa.<\/li>\n<li>Toimitilas\u00e4\u00e4st\u00f6t ovat toteutuneet suunniteltua nopeammin. Vuoden aikana sovittiin noin 13 milj. euron vuotuisista s\u00e4\u00e4st\u00f6ist\u00e4 toimitilakustannuksiin. Tavoite oli 10,5 milj. euroa. Kahdeksalle vuodelle asetettu 100 milj. euron tavoite on l\u00e4hes saavutettu nelj\u00e4ss\u00e4 vuodessa.<\/li>\n<\/ul>\n<\/div>\n<table class=\"senaatti-table senaatti-table--striped senaatti-table--responsive-stacked rwd-table table table-bordered table-striped migrated-chart-table\">\n<caption>Tulos ja liikevaihto [milj. euroa]<\/caption>\n<thead>\n<tr>\n<th>Vuosi<\/th>\n<th>Tulos<\/th>\n<th>Liikevaihto<\/th>\n<th>Liikevaihdon kasvu-%<\/th>\n<\/tr>\n<\/thead>\n<tbody>\n<tr>\n<td>2014<\/td>\n<td>137<\/td>\n<td>625<\/td>\n<td>6<\/td>\n<\/tr>\n<tr>\n<td>2015<\/td>\n<td>199<\/td>\n<td>622<\/td>\n<td>-0.5<\/td>\n<\/tr>\n<tr>\n<td>2016<\/td>\n<td>113<\/td>\n<td>599<\/td>\n<td>-3.8<\/td>\n<\/tr>\n<tr>\n<td>2017<\/td>\n<td>157<\/td>\n<td>621<\/td>\n<td>3.7<\/td>\n<\/tr>\n<tr>\n<td>2018<\/td>\n<td>64<\/td>\n<td>638<\/td>\n<td>2.8<\/td>\n<\/tr>\n<\/tbody>\n<\/table>\n<p>Vuokrauksen tulos oli 42,3 (78,3) milj. euroa, ja se alitti budjetin 18,8 milj. eurolla. Vuokrauksen tulosta heikensiv\u00e4t merkitt\u00e4v\u00e4sti tilikauden aikana kirjatut arvonalentumiset sek\u00e4 pakolliset varaukset, jotka liittyv\u00e4t suljettujen alueiden rakennuksiin. Suljettujen alueiden rakennusten purkuvastuu siirtyi Senaatille vuoden 2019 alusta l\u00e4htien. N\u00e4it\u00e4 rakennuksia on puolustusvoimilla, Rajavartiolaitoksella ja Rikosseuraamuslaitoksella.<\/p>\n<p>Vuokrauksen liikevaihto kasvoi hieman ja oli 638,5 (620,8) milj. euroa. Liikevaihto vuokraustoiminnan osalta ylitti budjettitavoitteen 13,9 milj. eurolla. T\u00e4m\u00e4 johtui p\u00e4\u00e4osin edelleenvuokrauksen kasvusta, kun aikaisemmin virastojen ja laitosten yksityisilt\u00e4 markkinoilta vuokraamat tilat ovat siirtyneet Senaatin hallinnoimiksi. Kiinteist\u00f6jen kunnossapitoon k\u00e4ytettiin vuonna 2018 22 milj. euroa enemm\u00e4n rahaa kuin vuonna 2017. Lis\u00e4rahank\u00e4ytt\u00f6 kohdistettiin erityisesti sis\u00e4olosuhdel\u00e4ht\u00f6isiin korjauksiin.<\/p>\n<p>Palvelut ovat olleet vuoden 2018 alusta osana vuokrauksen liiketoimintoa. Palvelujen myynti kasvoi edellisvuodesta ja oli 17,1 (16,4) milj. euroa. Palvelujen myynnin kasvua selitt\u00e4\u00e4 erityisesti puhtauspalveluiden ja aula-ja turvallisuuspalveluiden lis\u00e4\u00e4ntynyt kysynt\u00e4.<\/p>\n<p>Kiinteist\u00f6j\u00e4 ja osakkeita myytiin 117,7 milj. eurolla. Tavoitteeksi oli asetettu 100 milj. euroa. Hyv\u00e4\u00e4n euro- ja kappalem\u00e4\u00e4r\u00e4iseen myyntiin vaikutti mm. otollinen kiinteist\u00f6markkinatilanne.\u00a0 Lue tarkemmin <a href=\"https:\/\/www.senaatti.fi\/yhteiskuntavastuuraportti2018\/vuosi-2017\/kiinteistovarallisuus-ja-palvelut\/kiinteistokehittaminen-ja-myynti\/\">kiinteist\u00f6jen myynneist\u00e4<\/a>.<\/p>\n<h2>Tuloutus valtiolle<\/h2>\n<p>Senaatti tulouttaa vuosittain omistajalleen eli valtiolle voiton tuloutuksen, joka koostuu p\u00e4\u00e4osin kiinteist\u00f6jen myynneist\u00e4 saaduista tuloista. Senaatti-kiinteist\u00f6t maksoi kertomusvuonna tuloutusta valtiolle 135 (125) milj. euroa. Vuoden 2018 tuloksesta Senaatti tulouttaa 35 milj. euroa kes\u00e4kuussa 2019.<\/p>\n<h2>Sijoitetun p\u00e4\u00e4oman tuotto ja omavaraisuusaste<\/h2>\n<p>Senaatti-kiinteist\u00f6jen koko toiminnan sijoitetun p\u00e4\u00e4oman tuotto oli 2,0 (4,3) %. Vuokraustoiminnan sijoitetun p\u00e4\u00e4oman tuotto oli 1,5 (2,5) %.<\/p>\n<blockquote><p>Vuokraustoiminnan valtioasiakkaiden oman p\u00e4\u00e4oman tuotto oli 0,7 %, mik\u00e4 alitti valtion uuden vuokraj\u00e4rjestelm\u00e4n mukaisen 1,5 %:n tavoitteen.<\/p><\/blockquote>\n<p>Keskeisin syy alitukseen olivat arvonalentumiset ja varaukset suljettujen alueiden rakennusten purkukustannuksia varten. Valtion vuokraj\u00e4rjestelm\u00e4ss\u00e4 kustannusvastuita siirrettiin muun muassa puolustusvoimilta ja Rajavartiolaitokselta Senaatille.<\/p>\n<p>Omavaraisuusaste on pysynyt erinomaisena ja oli 64,0 (65,2) %.\u00a0 Nettovelkaantumisaste oli 49 (50) %.<\/p>\n<p>&nbsp;<\/p>\n<table class=\"senaatti-table senaatti-table--striped senaatti-table--responsive-stacked rwd-table table table-bordered table-striped migrated-chart-table\">\n<caption>Omavaraisuus- ja nettovelkaantumisaste, [%]<\/caption>\n<thead>\n<tr>\n<th>Vuosi<\/th>\n<th>Omavaraisuusaste<\/th>\n<th>Nettovelkaantumisaste<\/th>\n<\/tr>\n<\/thead>\n<tbody>\n<tr>\n<td>2014<\/td>\n<td>64<\/td>\n<td>52<\/td>\n<\/tr>\n<tr>\n<td>2015<\/td>\n<td>62<\/td>\n<td>55<\/td>\n<\/tr>\n<tr>\n<td>2016<\/td>\n<td>62<\/td>\n<td>53<\/td>\n<\/tr>\n<tr>\n<td>2017<\/td>\n<td>65<\/td>\n<td>50<\/td>\n<\/tr>\n<tr>\n<td>2018<\/td>\n<td>64<\/td>\n<td>49<\/td>\n<\/tr>\n<\/tbody>\n<\/table>\n<table class=\"senaatti-table senaatti-table--striped senaatti-table--responsive-stacked rwd-table table table-bordered table-striped migrated-chart-table\">\n<caption>Sijoitetun p\u00e4\u00e4oman tuotto ja oman p\u00e4\u00e4oman tuotto-%<\/caption>\n<thead>\n<tr>\n<th>Vuosi<\/th>\n<th>SIPO-%<\/th>\n<th>OPO-%<\/th>\n<\/tr>\n<\/thead>\n<tbody>\n<tr>\n<td>2014<\/td>\n<td>4.2<\/td>\n<td>4.5<\/td>\n<\/tr>\n<tr>\n<td>2015<\/td>\n<td>5.4<\/td>\n<td>6.8<\/td>\n<\/tr>\n<tr>\n<td>2016<\/td>\n<td>4.7<\/td>\n<td>6.1<\/td>\n<\/tr>\n<tr>\n<td>2017<\/td>\n<td>4.3<\/td>\n<td>5.4<\/td>\n<\/tr>\n<tr>\n<td>2018<\/td>\n<td>2<\/td>\n<td>2.2<\/td>\n<\/tr>\n<\/tbody>\n<\/table>\n<div>\u00a0\u00a0\u00a0\u00a0\u00a0\u00a0\u00a0\u00a0 *Valtioasiakkaiden vuokraustoiminnan oman p\u00e4\u00e4oman tuotto oli 0,7 %.<\/div>\n<table class=\"senaatti-table senaatti-table--striped senaatti-table--responsive-stacked rwd-table table table-bordered table-striped migrated-chart-table\">\n<caption>Vieraan p\u00e4\u00e4oman takaisinmaksuaika 2014-2018<\/caption>\n<thead>\n<tr>\n<th>Vuosi<\/th>\n<th>Takaisinmaksuaika<\/th>\n<\/tr>\n<\/thead>\n<tbody>\n<tr>\n<td>2014<\/td>\n<td>4.8<\/td>\n<\/tr>\n<tr>\n<td>2015<\/td>\n<td>3.9<\/td>\n<\/tr>\n<tr>\n<td>2016<\/td>\n<td>4.3<\/td>\n<\/tr>\n<tr>\n<td>2017<\/td>\n<td>4<\/td>\n<\/tr>\n<tr>\n<td>2018<\/td>\n<td>5.1<\/td>\n<\/tr>\n<\/tbody>\n<\/table>\n<p>Korolliset velat (valtio- ja rahalaitoslainat) olivat vuoden lopussa 1\u00a0512,6 (1 520,7) milj. euroa. Lainoista valtion lainaa oli 1 213,9 (1 153,3) milj. euroa ja rahoituslaitoksilta 298,6 (367,4) milj. euroa.<\/p>\n<p>Senaatti-kiinteist\u00f6t lyhensi vuonna 2018 valtion lainoja yhteens\u00e4 303,7 (318,3) milj. euroa ja muita lainoja 68,8 (462,9) milj. euroa. Valtiolainojen korkoja maksettiin 9,5 milj. euroa ja rahoituslaitosten lainojen korkoja 2,4 milj. euroa, yhteens\u00e4 11,9 (14,8) milj. euroa. Takausmaksuja valtiolle maksettiin 1,8 (3,0) milj. euroa. Vuoden aikana otettiin Valtiokonttorilta uutta lainaa 360 milj. euroa.<\/p>\n<h2>Toimitilas\u00e4\u00e4st\u00f6t ovat toteutuneet ennakoitua nopeammin<\/h2>\n<p>Senaatti-kiinteist\u00f6jen tavoitteena on tuottaa asiakkailleen tarjoamansa palvelut ja ty\u00f6ymp\u00e4rist\u00f6ratkaisut kustannustehokkaasti valtion kokonaisetu huomioiden. Strategisena tavoitteena on saavuttaa valtiolle 100 miljoonan euron vuosittaiset s\u00e4\u00e4st\u00f6t toimitilakustannuksissa kahdeksassa vuodessa, vuoteen 2022 menness\u00e4.\u00a0 Kahdeksalle vuodelle asetettu 100 milj. euron tavoite on l\u00e4hes saavutettu nelj\u00e4ss\u00e4 vuodessa.<\/p>\n<p><strong>Tehokkaat tilaratkaisut tuovat mittavat s\u00e4\u00e4st\u00f6t<\/strong><\/p>\n<p>Senaatti-kiinteist\u00f6t seuraa systemaattisesti vuosittain muun muassa vuokrissa ja tilatehokkuudessa saavutettuja tuloksia.<\/p>\n<p>Vuonna 2018 toimitiloissa, joissa asiakkaan ty\u00f6ymp\u00e4rist\u00f6\u00e4 oli kehitetty yhteisess\u00e4 tilaratkaisuprojektissa, oli tilatehokkuus (m2\/henkil\u00f6ty\u00f6vuosi) parantunut 23 %. Toimitilakustannukset henkil\u00f6ty\u00f6vuotta kohden (\u20ac\/HTV) alenivat 22 %.<\/p>\n<p><strong>Senaatti-kiinteist\u00f6t mittaa syntyneit\u00e4 s\u00e4\u00e4st\u00f6j\u00e4 kahden toiminnan kautta:<\/strong><\/p>\n<ol>\n<li>Ratkaisuprojektien kautta syntyneet s\u00e4\u00e4st\u00f6t toimitilakustannuksissa vuokralaiselle.<\/li>\n<li>Kiinteist\u00f6jen myynnin kautta syntyneet s\u00e4\u00e4st\u00f6t.<\/li>\n<\/ol>\n<table class=\"senaatti-table senaatti-table--striped\" style=\"height: 239px; width: 100%;\" width=\"100%\">\n<thead>\n<tr style=\"height: 45px;\">\n<td style=\"height: 45px; width: 50%;\" width=\"50%\"><strong>Sovitut s\u00e4\u00e4st\u00f6t\u00a0 M\u20ac<br \/>\n<\/strong><\/td>\n<td style=\"height: 45px; width: 50%;\" width=\"50%\">\u00a0M\u20ac<\/td>\n<\/tr>\n<\/thead>\n<caption>S\u00e4\u00e4st\u00f6t vuonna 2018<\/caption>\n<tbody>\n<tr style=\"height: 46px;\">\n<td style=\"height: 46px; width: 50%;\">Ratkaisuprojektit<\/td>\n<td style=\"height: 46px; width: 50%;\">10,1<\/td>\n<\/tr>\n<tr style=\"height: 45px;\">\n<td style=\"height: 45px; width: 50%;\">Kiinteist\u00f6jen myynti<\/td>\n<td style=\"height: 45px; width: 50%;\">2,9<\/td>\n<\/tr>\n<tr style=\"height: 45px;\">\n<td style=\"width: 50%; height: 45px;\"><strong>Sovitut s\u00e4\u00e4st\u00f6t yhteens\u00e4<\/strong><\/td>\n<td style=\"width: 50%; height: 45px;\"><strong>13<br \/>\n<\/strong><\/td>\n<\/tr>\n<tr style=\"height: 45px;\">\n<td style=\"width: 50%; height: 45px;\">S\u00e4\u00e4st\u00f6tavoite vuonna 2018<\/td>\n<td style=\"width: 50%; height: 45px;\">10,5<\/td>\n<\/tr>\n<tr style=\"height: 10px;\">\n<td style=\"height: 10px; width: 50%;\"><\/td>\n<td style=\"height: 10px; width: 50%;\"><\/td>\n<\/tr>\n<\/tbody>\n<\/table>\n<p>&nbsp;<\/p>\n","protected":false},"excerpt":{"rendered":"<p>Kokonaistulos oli 64 milj. euroa ja alitti 21 milj. euroa tavoitteen Vuokrauksen tulos 42 milj. euroa alitti tavoitteen 19 milj. eurolla Vuokrauksen tulostavoitteista j\u00e4\u00e4tiin, koska valtion vuokraj\u00e4rjestelm\u00e4ss\u00e4 kustannusvastuita siirrettiin muun muassa puolustusvoimilta ja Rajavartiolaitokselta Senaatille Kiinteist\u00f6jen myyntien tulos oli 21 milj. euroa, tavoitteen oltua 24 milj. euroa. Kiinteist\u00f6jen toteutunut myynti oli 118 milj. euroa. Toimitilas\u00e4\u00e4st\u00f6t [&hellip;]<\/p>\n","protected":false},"author":11,"featured_media":0,"parent":5,"menu_order":3,"comment_status":"closed","ping_status":"closed","template":"","meta":{"_acf_changed":false,"footnotes":""},"class_list":["post-11","page","type-page","status-publish","hentry"],"acf":[],"yoast_head":"<!-- This site is optimized with the Yoast SEO plugin v23.9 - https:\/\/yoast.com\/wordpress\/plugins\/seo\/ -->\n<title>Taloudelliset tavoitteet ja tulokset - Yhteiskuntavastuuraportti 2018<\/title>\n<meta name=\"robots\" content=\"index, follow, max-snippet:-1, max-image-preview:large, max-video-preview:-1\" \/>\n<link rel=\"canonical\" href=\"https:\/\/www.senaatti.fi\/yhteiskuntavastuuraportti2018\/vuosi-2018\/taloudelliset-tavoitteet-ja-tulokset\/\" \/>\n<meta property=\"og:locale\" content=\"en_US\" \/>\n<meta property=\"og:type\" content=\"article\" \/>\n<meta property=\"og:title\" content=\"Taloudelliset tavoitteet ja tulokset - Yhteiskuntavastuuraportti 2018\" \/>\n<meta property=\"og:description\" content=\"Kokonaistulos oli 64 milj. euroa ja alitti 21 milj. euroa tavoitteen Vuokrauksen tulos 42 milj. euroa alitti tavoitteen 19 milj. eurolla Vuokrauksen tulostavoitteista j\u00e4\u00e4tiin, koska valtion vuokraj\u00e4rjestelm\u00e4ss\u00e4 kustannusvastuita siirrettiin muun muassa puolustusvoimilta ja Rajavartiolaitokselta Senaatille Kiinteist\u00f6jen myyntien tulos oli 21 milj. euroa, tavoitteen oltua 24 milj. euroa. Kiinteist\u00f6jen toteutunut myynti oli 118 milj. euroa. Toimitilas\u00e4\u00e4st\u00f6t [&hellip;]\" \/>\n<meta property=\"og:url\" content=\"https:\/\/www.senaatti.fi\/yhteiskuntavastuuraportti2018\/vuosi-2018\/taloudelliset-tavoitteet-ja-tulokset\/\" \/>\n<meta property=\"og:site_name\" content=\"Yhteiskuntavastuuraportti 2018\" \/>\n<meta property=\"article:modified_time\" content=\"2024-08-30T13:41:02+00:00\" \/>\n<meta name=\"twitter:card\" content=\"summary_large_image\" \/>\n<meta name=\"twitter:label1\" content=\"Est. reading time\" \/>\n\t<meta name=\"twitter:data1\" content=\"3 minutes\" \/>\n<script type=\"application\/ld+json\" class=\"yoast-schema-graph\">{\"@context\":\"https:\/\/schema.org\",\"@graph\":[{\"@type\":\"WebPage\",\"@id\":\"https:\/\/www.senaatti.fi\/yhteiskuntavastuuraportti2018\/vuosi-2018\/taloudelliset-tavoitteet-ja-tulokset\/\",\"url\":\"https:\/\/www.senaatti.fi\/yhteiskuntavastuuraportti2018\/vuosi-2018\/taloudelliset-tavoitteet-ja-tulokset\/\",\"name\":\"Taloudelliset tavoitteet ja tulokset - Yhteiskuntavastuuraportti 2018\",\"isPartOf\":{\"@id\":\"https:\/\/www.senaatti.fi\/yhteiskuntavastuuraportti2018\/#website\"},\"datePublished\":\"2018-01-29T10:56:54+00:00\",\"dateModified\":\"2024-08-30T13:41:02+00:00\",\"breadcrumb\":{\"@id\":\"https:\/\/www.senaatti.fi\/yhteiskuntavastuuraportti2018\/vuosi-2018\/taloudelliset-tavoitteet-ja-tulokset\/#breadcrumb\"},\"inLanguage\":\"en-US\",\"potentialAction\":[{\"@type\":\"ReadAction\",\"target\":[\"https:\/\/www.senaatti.fi\/yhteiskuntavastuuraportti2018\/vuosi-2018\/taloudelliset-tavoitteet-ja-tulokset\/\"]}]},{\"@type\":\"BreadcrumbList\",\"@id\":\"https:\/\/www.senaatti.fi\/yhteiskuntavastuuraportti2018\/vuosi-2018\/taloudelliset-tavoitteet-ja-tulokset\/#breadcrumb\",\"itemListElement\":[{\"@type\":\"ListItem\",\"position\":1,\"name\":\"Home\",\"item\":\"https:\/\/www.senaatti.fi\/yhteiskuntavastuuraportti2018\/\"},{\"@type\":\"ListItem\",\"position\":2,\"name\":\"Vuosi 2018\",\"item\":\"https:\/\/www.senaatti.fi\/yhteiskuntavastuuraportti2018\/vuosi-2018\/\"},{\"@type\":\"ListItem\",\"position\":3,\"name\":\"Taloudelliset tavoitteet ja tulokset\"}]},{\"@type\":\"WebSite\",\"@id\":\"https:\/\/www.senaatti.fi\/yhteiskuntavastuuraportti2018\/#website\",\"url\":\"https:\/\/www.senaatti.fi\/yhteiskuntavastuuraportti2018\/\",\"name\":\"Yhteiskuntavastuuraportti 2018\",\"description\":\"\",\"potentialAction\":[{\"@type\":\"SearchAction\",\"target\":{\"@type\":\"EntryPoint\",\"urlTemplate\":\"https:\/\/www.senaatti.fi\/yhteiskuntavastuuraportti2018\/?s={search_term_string}\"},\"query-input\":{\"@type\":\"PropertyValueSpecification\",\"valueRequired\":true,\"valueName\":\"search_term_string\"}}],\"inLanguage\":\"en-US\"}]}<\/script>\n<!-- \/ Yoast SEO plugin. -->","yoast_head_json":{"title":"Taloudelliset tavoitteet ja tulokset - Yhteiskuntavastuuraportti 2018","robots":{"index":"index","follow":"follow","max-snippet":"max-snippet:-1","max-image-preview":"max-image-preview:large","max-video-preview":"max-video-preview:-1"},"canonical":"https:\/\/www.senaatti.fi\/yhteiskuntavastuuraportti2018\/vuosi-2018\/taloudelliset-tavoitteet-ja-tulokset\/","og_locale":"en_US","og_type":"article","og_title":"Taloudelliset tavoitteet ja tulokset - Yhteiskuntavastuuraportti 2018","og_description":"Kokonaistulos oli 64 milj. euroa ja alitti 21 milj. euroa tavoitteen Vuokrauksen tulos 42 milj. euroa alitti tavoitteen 19 milj. eurolla Vuokrauksen tulostavoitteista j\u00e4\u00e4tiin, koska valtion vuokraj\u00e4rjestelm\u00e4ss\u00e4 kustannusvastuita siirrettiin muun muassa puolustusvoimilta ja Rajavartiolaitokselta Senaatille Kiinteist\u00f6jen myyntien tulos oli 21 milj. euroa, tavoitteen oltua 24 milj. euroa. Kiinteist\u00f6jen toteutunut myynti oli 118 milj. euroa. Toimitilas\u00e4\u00e4st\u00f6t [&hellip;]","og_url":"https:\/\/www.senaatti.fi\/yhteiskuntavastuuraportti2018\/vuosi-2018\/taloudelliset-tavoitteet-ja-tulokset\/","og_site_name":"Yhteiskuntavastuuraportti 2018","article_modified_time":"2024-08-30T13:41:02+00:00","twitter_card":"summary_large_image","twitter_misc":{"Est. reading time":"3 minutes"},"schema":{"@context":"https:\/\/schema.org","@graph":[{"@type":"WebPage","@id":"https:\/\/www.senaatti.fi\/yhteiskuntavastuuraportti2018\/vuosi-2018\/taloudelliset-tavoitteet-ja-tulokset\/","url":"https:\/\/www.senaatti.fi\/yhteiskuntavastuuraportti2018\/vuosi-2018\/taloudelliset-tavoitteet-ja-tulokset\/","name":"Taloudelliset tavoitteet ja tulokset - Yhteiskuntavastuuraportti 2018","isPartOf":{"@id":"https:\/\/www.senaatti.fi\/yhteiskuntavastuuraportti2018\/#website"},"datePublished":"2018-01-29T10:56:54+00:00","dateModified":"2024-08-30T13:41:02+00:00","breadcrumb":{"@id":"https:\/\/www.senaatti.fi\/yhteiskuntavastuuraportti2018\/vuosi-2018\/taloudelliset-tavoitteet-ja-tulokset\/#breadcrumb"},"inLanguage":"en-US","potentialAction":[{"@type":"ReadAction","target":["https:\/\/www.senaatti.fi\/yhteiskuntavastuuraportti2018\/vuosi-2018\/taloudelliset-tavoitteet-ja-tulokset\/"]}]},{"@type":"BreadcrumbList","@id":"https:\/\/www.senaatti.fi\/yhteiskuntavastuuraportti2018\/vuosi-2018\/taloudelliset-tavoitteet-ja-tulokset\/#breadcrumb","itemListElement":[{"@type":"ListItem","position":1,"name":"Home","item":"https:\/\/www.senaatti.fi\/yhteiskuntavastuuraportti2018\/"},{"@type":"ListItem","position":2,"name":"Vuosi 2018","item":"https:\/\/www.senaatti.fi\/yhteiskuntavastuuraportti2018\/vuosi-2018\/"},{"@type":"ListItem","position":3,"name":"Taloudelliset tavoitteet ja tulokset"}]},{"@type":"WebSite","@id":"https:\/\/www.senaatti.fi\/yhteiskuntavastuuraportti2018\/#website","url":"https:\/\/www.senaatti.fi\/yhteiskuntavastuuraportti2018\/","name":"Yhteiskuntavastuuraportti 2018","description":"","potentialAction":[{"@type":"SearchAction","target":{"@type":"EntryPoint","urlTemplate":"https:\/\/www.senaatti.fi\/yhteiskuntavastuuraportti2018\/?s={search_term_string}"},"query-input":{"@type":"PropertyValueSpecification","valueRequired":true,"valueName":"search_term_string"}}],"inLanguage":"en-US"}]}},"_links":{"self":[{"href":"https:\/\/www.senaatti.fi\/yhteiskuntavastuuraportti2018\/wp-json\/wp\/v2\/pages\/11","targetHints":{"allow":["GET"]}}],"collection":[{"href":"https:\/\/www.senaatti.fi\/yhteiskuntavastuuraportti2018\/wp-json\/wp\/v2\/pages"}],"about":[{"href":"https:\/\/www.senaatti.fi\/yhteiskuntavastuuraportti2018\/wp-json\/wp\/v2\/types\/page"}],"author":[{"embeddable":true,"href":"https:\/\/www.senaatti.fi\/yhteiskuntavastuuraportti2018\/wp-json\/wp\/v2\/users\/11"}],"replies":[{"embeddable":true,"href":"https:\/\/www.senaatti.fi\/yhteiskuntavastuuraportti2018\/wp-json\/wp\/v2\/comments?post=11"}],"version-history":[{"count":14,"href":"https:\/\/www.senaatti.fi\/yhteiskuntavastuuraportti2018\/wp-json\/wp\/v2\/pages\/11\/revisions"}],"predecessor-version":[{"id":2427,"href":"https:\/\/www.senaatti.fi\/yhteiskuntavastuuraportti2018\/wp-json\/wp\/v2\/pages\/11\/revisions\/2427"}],"up":[{"embeddable":true,"href":"https:\/\/www.senaatti.fi\/yhteiskuntavastuuraportti2018\/wp-json\/wp\/v2\/pages\/5"}],"wp:attachment":[{"href":"https:\/\/www.senaatti.fi\/yhteiskuntavastuuraportti2018\/wp-json\/wp\/v2\/media?parent=11"}],"curies":[{"name":"wp","href":"https:\/\/api.w.org\/{rel}","templated":true}]}}