{"id":109,"date":"2018-01-29T11:20:40","date_gmt":"2018-01-29T11:20:40","guid":{"rendered":"https:\/\/www.senaatti.fi\/yhteiskuntavastuuraportti2018\/?page_id=109"},"modified":"2019-03-29T06:38:54","modified_gmt":"2019-03-29T06:38:54","slug":"sisailma","status":"publish","type":"page","link":"https:\/\/www.senaatti.fi\/yhteiskuntavastuuraportti2018\/vastuullisuus-senaatissa\/tyoymparistot\/sisailma\/","title":{"rendered":"Sis\u00e4ilma"},"content":{"rendered":"<p><img loading=\"lazy\" decoding=\"async\" class=\"size-large wp-image-1749 alignnone\" src=\"https:\/\/www.senaatti.fi\/app_ykv_archive\/uploads\/sites\/7\/2019\/03\/Maria-Jokela-koirat-verkkosivuille-1024x697.jpg\" alt=\"Maria Jokela ja kaksi koiraa\" width=\"1024\" height=\"697\" srcset=\"https:\/\/www.senaatti.fi\/app_ykv_archive\/uploads\/sites\/7\/2019\/03\/Maria-Jokela-koirat-verkkosivuille.jpg 1024w, https:\/\/www.senaatti.fi\/app_ykv_archive\/uploads\/sites\/7\/2019\/03\/Maria-Jokela-koirat-verkkosivuille-300x204.jpg 300w, https:\/\/www.senaatti.fi\/app_ykv_archive\/uploads\/sites\/7\/2019\/03\/Maria-Jokela-koirat-verkkosivuille-768x523.jpg 768w\" sizes=\"auto, (max-width: 1024px) 100vw, 1024px\" \/><\/p>\n<p>Senaatti-kiinteist\u00f6jen tavoitteena on parantaa valtion ty\u00f6ntekij\u00f6iden tyytyv\u00e4isyytt\u00e4 ty\u00f6skentelytiloihinsa ja panostaa sis\u00e4olosuhteiden hallintaan erityisesti ennaltaehk\u00e4isev\u00e4sti, jotta sis\u00e4ilmaongelmilta v\u00e4ltyt\u00e4\u00e4n.<\/p>\n<p>Vuoden 2018 aikana uudistettiin Senaatin strategia, jossa uutena keskeisen\u00e4 tavoitteena on nollatoleranssi sis\u00e4olosuhdeongelmiin. Nollatoleranssi tarkoittaa, ett\u00e4 panostamme sis\u00e4ilmaongelmien ennaltaehk\u00e4isyyn, ja jos t\u00e4st\u00e4 huolimatta ongelmia ilmenee, toimimme sis\u00e4ilmatoimintamallin mukaisesti entist\u00e4 nopeammin ja voimakkaammin. T\u00e4ht\u00e4imen\u00e4mme on sis\u00e4ilmaongelmien ja niist\u00e4 asiakkaalle aiheutuvien haittojen pikainen poistaminen.<\/p>\n<blockquote><p>Hyv\u00e4t sis\u00e4olosuhteet lis\u00e4\u00e4v\u00e4t ty\u00f6n tehokkuutta ja edist\u00e4v\u00e4t ty\u00f6ntekij\u00f6iden viihtymist\u00e4 ja hyvinvointia. Niill\u00e4 on my\u00f6s kiinteist\u00f6taloudellisesti merkitt\u00e4v\u00e4 rooli.<\/p><\/blockquote>\n<p>Sis\u00e4olosuhteet otetaan Senaatti-kiinteist\u00f6ill\u00e4 huomioon sek\u00e4 toimitilojen suunnittelussa ja rakentamisessa ett\u00e4 tiloja k\u00e4ytett\u00e4ess\u00e4.<\/p>\n<h2>Merkitt\u00e4v\u00e4 panostus sis\u00e4ilmakorjauksiin<\/h2>\n<p>Senaatti-kiinteist\u00f6t k\u00e4ytti vuonna 2018 sis\u00e4ilmakorjauksiin \u00a0yhteens\u00e4\u00a0 38,7 miljoonaa euroa\u00a0\u00a0(32 milj. euroa vuonna 2017). T\u00e4st\u00e4 summasta kunnossapidon sis\u00e4ilmatutkimuksiin ja -korjauksiin k\u00e4ytettiin 21,5 milj. euroa (14,1) ja investointeihin liittyviin sis\u00e4ilmakorjauksiin 17,2 milj. euroa (17,9).<\/p>\n<p>Sis\u00e4ilmatoiminta keskittyi vuonna 2018 kolmeen painopistealueeseen:<\/p>\n<ul>\n<li>sis\u00e4ilmaviestint\u00e4 ja kouluttaminen<\/li>\n<li>ennakoivien rakennuskatsastusten piiriin kuuluvien kohteiden lukum\u00e4\u00e4r\u00e4n kasvattaminen<\/li>\n<li>sis\u00e4ilmaltaan laadukkaiden hankkeiden toteuttaminen.<\/li>\n<\/ul>\n<h2>Vahva panostus sis\u00e4ilmaviestint\u00e4\u00e4n ja kouluttamiseen<\/h2>\n<p>J\u00e4rjestimme lukuisia sis\u00e4isi\u00e4 ja my\u00f6s ulkoisia sis\u00e4ilmakoulutuksia ja keskustelutilaisuuksia, jotta laaditut sis\u00e4ilmaohjeet ja ennakoinnin toimenpiteet saadaan osaksi arkista toimintaa.<\/p>\n<p>Senaatti on panostanut oman henkil\u00f6st\u00f6ns\u00e4 valmiuksien ja osaamisen kehitt\u00e4miseen j\u00e4rjest\u00e4m\u00e4ll\u00e4 kattavasti sis\u00e4ilmakoulutuksia eri ty\u00f6ntekij\u00e4ryhmilleen. Asiakas-, rakennuttaja- ja kiinteist\u00f6p\u00e4\u00e4llik\u00f6it\u00e4 on koulutettu teht\u00e4v\u00e4kuviinsa liittyvist\u00e4 sis\u00e4ilmakysymyksist\u00e4.\u00a0 Kaikille senaattillaisille on j\u00e4rjestetty pakollinen sis\u00e4ilmaverkkokoulutus.<\/p>\n<p>Olemme lis\u00e4ksi kouluttaneet asiakkaitamme ja muita sidosryhmi\u00e4, kuten palveluverkostomme toimijoita sis\u00e4olosuhdeasioista ja Senaatin sis\u00e4ilmatoiminnan k\u00e4yt\u00e4nn\u00f6ist\u00e4.\u00a0 Tilojen k\u00e4ytt\u00e4jille j\u00e4rjestimme sis\u00e4ilmaklinikoita ja muita keskustelun mahdollistavia tilaisuuksia.<\/p>\n<p>Jatkamme my\u00f6s tiivist\u00e4 yhteisty\u00f6t\u00e4 sis\u00e4ilmakumppaneidemme kanssa. Sis\u00e4ilmakonsulteille perustettiin sis\u00e4ilmatietopankki, josta konsultit p\u00e4\u00e4sev\u00e4t k\u00e4siksi muun muassa Senaatin ohjeisiin ja heille tarkoitettuihin koulutusmateriaaleihin.<\/p>\n<p>Osana uutta strategiaamme aloitimme uutena toimintamallina ja kokeiluna\u00a0 siivoushenkil\u00f6st\u00f6n kannustamisen palkitsemisen keinoin ilmoittamaan havaitsemistaan sis\u00e4olosuhdepoikkeamista.<\/p>\n<h2>Sis\u00e4ilmaongelmien ennakointi rakennuskatsastusten avulla vauhdissa<\/h2>\n<p>Koska perinteiset kuntoarviot eiv\u00e4t tuottaneet riitt\u00e4v\u00e4n systemaattista tietoa Senaatti-kiinteist\u00f6jen rakennusten sis\u00e4ilmariskeist\u00e4, olemme ottaneet k\u00e4ytt\u00f6\u00f6n itse kehitt\u00e4m\u00e4mme rakennuskatsastusmallin. Viime vuonna katsastuksia tehtiin rakennuskantaamme jo t\u00e4ydell\u00e4 teholla, yhteens\u00e4 151 kohteeseen, joissa kussakin on katsastettu yksi tai useampia rakennuksia. Rakennuskatsastuksissa kokoneet rakennusterveysasiantuntijat katsastavat kohteen rakenteet ja ilmanvaihdon 3-4 vuoden v\u00e4lein. Katsastusmallimme on her\u00e4tt\u00e4nyt runsasta kiinnostusta kunta- ja kaupunkipuolella.<\/p>\n<p><a href=\"https:\/\/issuu.com\/sisailmayhdistys\/docs\/sisailmasto_seminaarijulkaisu2018\" target=\"_blank\" rel=\"noopener noreferrer\">Pipatti P, Koponen R, Korpi A (2018): Tuloksia ja kokemuksia Senaatti-kiinteist\u00f6jen rakennuskatsastuksista. Sis\u00e4ilmastoseminaari 2018. SIY raportti 36. ss. 197-202<\/a>.<\/p>\n<p>Osana ennakointity\u00f6t\u00e4 voimme seurata kohteiden sis\u00e4olosuhteita esimerkiksi l\u00e4mp\u00f6tilaa, hiilidioksidipitoisuutta ja\/tai kosteutta nyt 108 kohteessa jatkuvasti.<\/p>\n<h2>Sis\u00e4ilmaltaan laadukkaan rakennushankkeen toteuttaminen<\/h2>\n<p>Sis\u00e4ilma-asioiden huomioimiseksi rakennushankkeissa Senaatti on viime vuosina tuottanut sis\u00e4isi\u00e4 ohjeita, joiden k\u00e4ytt\u00f6\u00f6notto kaikissa rakennushankkeissa oli yksi vuoden 2018 tavoitteista. N\u00e4ist\u00e4 asioista j\u00e4rjestimme sis\u00e4olosuhteisiin ja viestint\u00e4\u00e4n liittyvi\u00e4 alueellisia koulutuksia rakennuttajap\u00e4\u00e4llik\u00f6illemme. Valmistelimme my\u00f6s aiheesta verkkokoulutuspaketin.<\/p>\n<p>Kalusteiden materiaalip\u00e4\u00e4st\u00f6jen hallinta oli my\u00f6s yksi vuoden 2018 teemoista. Selvitimme omia ja kalustevalmistajien mahdollisuuksia alentaa kalustemateriaalip\u00e4\u00e4st\u00f6t hyv\u00e4ksytt\u00e4v\u00e4lle tasolle jo ennen kuin tilank\u00e4ytt\u00e4j\u00e4t siirtyv\u00e4t kalustettuihin tiloihin. Loimme t\u00e4t\u00e4 varten sis\u00e4isen ohjeistuksen kalusteista vaadittavista valmistusaine- ja p\u00e4\u00e4st\u00f6tiedoista kalustevalintojen ohjaamiseksi.<\/p>\n<div class=\"senaatti-feature\"><img loading=\"lazy\" decoding=\"async\" width=\"1024\" height=\"427\" src=\"https:\/\/www.senaatti.fi\/app_ykv_archive\/uploads\/sites\/7\/2019\/03\/Senaatti_poliisiasema_18_2200x917-1024x427.jpg\" class=\"senaatti-feature__thumbnail wp-post-image\" alt=\"poliisi poliisiasemalla\" srcset=\"https:\/\/www.senaatti.fi\/app_ykv_archive\/uploads\/sites\/7\/2019\/03\/Senaatti_poliisiasema_18_2200x917-1024x427.jpg 1024w, https:\/\/www.senaatti.fi\/app_ykv_archive\/uploads\/sites\/7\/2019\/03\/Senaatti_poliisiasema_18_2200x917-300x125.jpg 300w, https:\/\/www.senaatti.fi\/app_ykv_archive\/uploads\/sites\/7\/2019\/03\/Senaatti_poliisiasema_18_2200x917-768x320.jpg 768w, https:\/\/www.senaatti.fi\/app_ykv_archive\/uploads\/sites\/7\/2019\/03\/Senaatti_poliisiasema_18_2200x917-1600x667.jpg 1600w, https:\/\/www.senaatti.fi\/app_ykv_archive\/uploads\/sites\/7\/2019\/03\/Senaatti_poliisiasema_18_2200x917.jpg 2200w\" sizes=\"auto, (max-width: 1024px) 100vw, 1024px\" \/><h3 class=\"senaatti-feature__title\">Poliisitalon uusi el\u00e4m\u00e4 terveen\u00e4 rakennuksena<\/h3><p>Lappeenrannan poliisi p\u00e4\u00e4si muuttamaan maaliskuussa 2018 t\u00e4ydellisesti perusparannettuun poliisitaloon. Remontin aikana panostettiin ty\u00f6maan kosteudenhallintaan ja ty\u00f6ymp\u00e4rist\u00f6 toteutettiin valtakunnallisen poliisitalokonseptin mukaisesti.<\/p><a class=\"btn btn-primary senaatti-feature__btn\" href=\"https:\/\/www.senaatti.fi\/tyoymparisto\/inspiraatio\/artikkeli\/poliisitalon-uusi-elama-terveena-rakennuksena\/\" target=\"\">Lue koko artikkeli<\/a><\/div>\n<h2>Vuoden 2019 tavoitteet<\/h2>\n<p>Sis\u00e4olosuhdeongelmien nollatoleranssin toteuttamiseksi lis\u00e4\u00e4mme sis\u00e4ilma-asiantuntijoiden ja kiinteist\u00f6p\u00e4\u00e4llik\u00f6iden m\u00e4\u00e4ri\u00e4. Lis\u00e4ksi varaudumme nopeaan toimintaan lis\u00e4\u00e4m\u00e4ll\u00e4 palveluksessamme olevien homekoirien m\u00e4\u00e4r\u00e4\u00e4 ja tarjoamalla sis\u00e4ilmaongelmaep\u00e4ilyiss\u00e4 asiakkaillemme tiettyjen sis\u00e4olosuhdetekij\u00f6iden v\u00e4lit\u00f6nt\u00e4 mittauspalvelua.<\/p>\n<p>Tavoitteenamme on luoda valtion sis\u00e4ilmatoimintamalli, joka on asiakkaidemme kanssa yhdess\u00e4 l\u00e4pik\u00e4yty ja hyv\u00e4ksym\u00e4.<\/p>\n<p>Katsastukset jatkuvat vuonna 2019 ja kehit\u00e4mme sis\u00e4olosuhderaportointia ja pitk\u00e4n t\u00e4ht\u00e4imen suunnitelmien toimenpiteit\u00e4.<\/p>\n<p>Osallistumme Valtioneuvoston kanslian Terveet tilat 2028 -toimenpideohjelman toteutukseen ja panostamme my\u00f6s positiivisista sis\u00e4ilmaonnistumisista viestimiseen sis\u00e4olosuhdeongelmien ymp\u00e4rill\u00e4 vellovan ep\u00e4luottamuksen ilmapiirin muuttamiseksi.<\/p>\n","protected":false},"excerpt":{"rendered":"<p>Senaatti-kiinteist\u00f6jen tavoitteena on parantaa valtion ty\u00f6ntekij\u00f6iden tyytyv\u00e4isyytt\u00e4 ty\u00f6skentelytiloihinsa ja panostaa sis\u00e4olosuhteiden hallintaan erityisesti ennaltaehk\u00e4isev\u00e4sti, jotta sis\u00e4ilmaongelmilta v\u00e4ltyt\u00e4\u00e4n. Vuoden 2018 aikana uudistettiin Senaatin strategia, jossa uutena keskeisen\u00e4 tavoitteena on nollatoleranssi sis\u00e4olosuhdeongelmiin. Nollatoleranssi tarkoittaa, ett\u00e4 panostamme sis\u00e4ilmaongelmien ennaltaehk\u00e4isyyn, ja jos t\u00e4st\u00e4 huolimatta ongelmia ilmenee, toimimme sis\u00e4ilmatoimintamallin mukaisesti entist\u00e4 nopeammin ja voimakkaammin. T\u00e4ht\u00e4imen\u00e4mme on sis\u00e4ilmaongelmien ja niist\u00e4 asiakkaalle [&hellip;]<\/p>\n","protected":false},"author":11,"featured_media":0,"parent":103,"menu_order":2,"comment_status":"closed","ping_status":"closed","template":"","meta":{"_acf_changed":false,"footnotes":""},"class_list":["post-109","page","type-page","status-publish","hentry"],"acf":[],"yoast_head":"<!-- This site is optimized with the Yoast SEO plugin v23.9 - https:\/\/yoast.com\/wordpress\/plugins\/seo\/ -->\n<title>Sis\u00e4ilma - Yhteiskuntavastuuraportti 2018<\/title>\n<meta name=\"robots\" content=\"index, follow, max-snippet:-1, max-image-preview:large, max-video-preview:-1\" \/>\n<link rel=\"canonical\" href=\"https:\/\/www.senaatti.fi\/yhteiskuntavastuuraportti2018\/vastuullisuus-senaatissa\/tyoymparistot\/sisailma\/\" \/>\n<meta property=\"og:locale\" content=\"en_US\" \/>\n<meta property=\"og:type\" content=\"article\" \/>\n<meta property=\"og:title\" content=\"Sis\u00e4ilma - Yhteiskuntavastuuraportti 2018\" \/>\n<meta property=\"og:description\" content=\"Senaatti-kiinteist\u00f6jen tavoitteena on parantaa valtion ty\u00f6ntekij\u00f6iden tyytyv\u00e4isyytt\u00e4 ty\u00f6skentelytiloihinsa ja panostaa sis\u00e4olosuhteiden hallintaan erityisesti ennaltaehk\u00e4isev\u00e4sti, jotta sis\u00e4ilmaongelmilta v\u00e4ltyt\u00e4\u00e4n. Vuoden 2018 aikana uudistettiin Senaatin strategia, jossa uutena keskeisen\u00e4 tavoitteena on nollatoleranssi sis\u00e4olosuhdeongelmiin. Nollatoleranssi tarkoittaa, ett\u00e4 panostamme sis\u00e4ilmaongelmien ennaltaehk\u00e4isyyn, ja jos t\u00e4st\u00e4 huolimatta ongelmia ilmenee, toimimme sis\u00e4ilmatoimintamallin mukaisesti entist\u00e4 nopeammin ja voimakkaammin. T\u00e4ht\u00e4imen\u00e4mme on sis\u00e4ilmaongelmien ja niist\u00e4 asiakkaalle [&hellip;]\" \/>\n<meta property=\"og:url\" content=\"https:\/\/www.senaatti.fi\/yhteiskuntavastuuraportti2018\/vastuullisuus-senaatissa\/tyoymparistot\/sisailma\/\" \/>\n<meta property=\"og:site_name\" content=\"Yhteiskuntavastuuraportti 2018\" \/>\n<meta property=\"article:modified_time\" content=\"2019-03-29T06:38:54+00:00\" \/>\n<meta property=\"og:image\" content=\"https:\/\/www.senaatti.fi\/app_ykv_archive\/uploads\/sites\/7\/2019\/03\/Maria-Jokela-koirat-verkkosivuille-1024x697.jpg\" \/>\n<meta name=\"twitter:card\" content=\"summary_large_image\" \/>\n<meta name=\"twitter:label1\" content=\"Est. reading time\" \/>\n\t<meta name=\"twitter:data1\" content=\"3 minutes\" \/>\n<script type=\"application\/ld+json\" class=\"yoast-schema-graph\">{\"@context\":\"https:\/\/schema.org\",\"@graph\":[{\"@type\":\"WebPage\",\"@id\":\"https:\/\/www.senaatti.fi\/yhteiskuntavastuuraportti2018\/vastuullisuus-senaatissa\/tyoymparistot\/sisailma\/\",\"url\":\"https:\/\/www.senaatti.fi\/yhteiskuntavastuuraportti2018\/vastuullisuus-senaatissa\/tyoymparistot\/sisailma\/\",\"name\":\"Sis\u00e4ilma - Yhteiskuntavastuuraportti 2018\",\"isPartOf\":{\"@id\":\"https:\/\/www.senaatti.fi\/yhteiskuntavastuuraportti2018\/#website\"},\"primaryImageOfPage\":{\"@id\":\"https:\/\/www.senaatti.fi\/yhteiskuntavastuuraportti2018\/vastuullisuus-senaatissa\/tyoymparistot\/sisailma\/#primaryimage\"},\"image\":{\"@id\":\"https:\/\/www.senaatti.fi\/yhteiskuntavastuuraportti2018\/vastuullisuus-senaatissa\/tyoymparistot\/sisailma\/#primaryimage\"},\"thumbnailUrl\":\"https:\/\/www.senaatti.fi\/app_ykv_archive\/uploads\/sites\/7\/2019\/03\/Maria-Jokela-koirat-verkkosivuille-1024x697.jpg\",\"datePublished\":\"2018-01-29T11:20:40+00:00\",\"dateModified\":\"2019-03-29T06:38:54+00:00\",\"breadcrumb\":{\"@id\":\"https:\/\/www.senaatti.fi\/yhteiskuntavastuuraportti2018\/vastuullisuus-senaatissa\/tyoymparistot\/sisailma\/#breadcrumb\"},\"inLanguage\":\"en-US\",\"potentialAction\":[{\"@type\":\"ReadAction\",\"target\":[\"https:\/\/www.senaatti.fi\/yhteiskuntavastuuraportti2018\/vastuullisuus-senaatissa\/tyoymparistot\/sisailma\/\"]}]},{\"@type\":\"ImageObject\",\"inLanguage\":\"en-US\",\"@id\":\"https:\/\/www.senaatti.fi\/yhteiskuntavastuuraportti2018\/vastuullisuus-senaatissa\/tyoymparistot\/sisailma\/#primaryimage\",\"url\":\"https:\/\/www.senaatti.fi\/app_ykv_archive\/uploads\/sites\/7\/2019\/03\/Maria-Jokela-koirat-verkkosivuille-1024x697.jpg\",\"contentUrl\":\"https:\/\/www.senaatti.fi\/app_ykv_archive\/uploads\/sites\/7\/2019\/03\/Maria-Jokela-koirat-verkkosivuille-1024x697.jpg\"},{\"@type\":\"BreadcrumbList\",\"@id\":\"https:\/\/www.senaatti.fi\/yhteiskuntavastuuraportti2018\/vastuullisuus-senaatissa\/tyoymparistot\/sisailma\/#breadcrumb\",\"itemListElement\":[{\"@type\":\"ListItem\",\"position\":1,\"name\":\"Home\",\"item\":\"https:\/\/www.senaatti.fi\/yhteiskuntavastuuraportti2018\/\"},{\"@type\":\"ListItem\",\"position\":2,\"name\":\"Vastuullisuus Senaatissa\",\"item\":\"https:\/\/www.senaatti.fi\/yhteiskuntavastuuraportti2018\/vastuullisuus-senaatissa\/\"},{\"@type\":\"ListItem\",\"position\":3,\"name\":\"Ty\u00f6ymp\u00e4rist\u00f6t\",\"item\":\"https:\/\/www.senaatti.fi\/yhteiskuntavastuuraportti2018\/vastuullisuus-senaatissa\/tyoymparistot\/\"},{\"@type\":\"ListItem\",\"position\":4,\"name\":\"Sis\u00e4ilma\"}]},{\"@type\":\"WebSite\",\"@id\":\"https:\/\/www.senaatti.fi\/yhteiskuntavastuuraportti2018\/#website\",\"url\":\"https:\/\/www.senaatti.fi\/yhteiskuntavastuuraportti2018\/\",\"name\":\"Yhteiskuntavastuuraportti 2018\",\"description\":\"\",\"potentialAction\":[{\"@type\":\"SearchAction\",\"target\":{\"@type\":\"EntryPoint\",\"urlTemplate\":\"https:\/\/www.senaatti.fi\/yhteiskuntavastuuraportti2018\/?s={search_term_string}\"},\"query-input\":{\"@type\":\"PropertyValueSpecification\",\"valueRequired\":true,\"valueName\":\"search_term_string\"}}],\"inLanguage\":\"en-US\"}]}<\/script>\n<!-- \/ Yoast SEO plugin. -->","yoast_head_json":{"title":"Sis\u00e4ilma - Yhteiskuntavastuuraportti 2018","robots":{"index":"index","follow":"follow","max-snippet":"max-snippet:-1","max-image-preview":"max-image-preview:large","max-video-preview":"max-video-preview:-1"},"canonical":"https:\/\/www.senaatti.fi\/yhteiskuntavastuuraportti2018\/vastuullisuus-senaatissa\/tyoymparistot\/sisailma\/","og_locale":"en_US","og_type":"article","og_title":"Sis\u00e4ilma - Yhteiskuntavastuuraportti 2018","og_description":"Senaatti-kiinteist\u00f6jen tavoitteena on parantaa valtion ty\u00f6ntekij\u00f6iden tyytyv\u00e4isyytt\u00e4 ty\u00f6skentelytiloihinsa ja panostaa sis\u00e4olosuhteiden hallintaan erityisesti ennaltaehk\u00e4isev\u00e4sti, jotta sis\u00e4ilmaongelmilta v\u00e4ltyt\u00e4\u00e4n. Vuoden 2018 aikana uudistettiin Senaatin strategia, jossa uutena keskeisen\u00e4 tavoitteena on nollatoleranssi sis\u00e4olosuhdeongelmiin. Nollatoleranssi tarkoittaa, ett\u00e4 panostamme sis\u00e4ilmaongelmien ennaltaehk\u00e4isyyn, ja jos t\u00e4st\u00e4 huolimatta ongelmia ilmenee, toimimme sis\u00e4ilmatoimintamallin mukaisesti entist\u00e4 nopeammin ja voimakkaammin. T\u00e4ht\u00e4imen\u00e4mme on sis\u00e4ilmaongelmien ja niist\u00e4 asiakkaalle [&hellip;]","og_url":"https:\/\/www.senaatti.fi\/yhteiskuntavastuuraportti2018\/vastuullisuus-senaatissa\/tyoymparistot\/sisailma\/","og_site_name":"Yhteiskuntavastuuraportti 2018","article_modified_time":"2019-03-29T06:38:54+00:00","og_image":[{"url":"https:\/\/www.senaatti.fi\/app_ykv_archive\/uploads\/sites\/7\/2019\/03\/Maria-Jokela-koirat-verkkosivuille-1024x697.jpg"}],"twitter_card":"summary_large_image","twitter_misc":{"Est. reading time":"3 minutes"},"schema":{"@context":"https:\/\/schema.org","@graph":[{"@type":"WebPage","@id":"https:\/\/www.senaatti.fi\/yhteiskuntavastuuraportti2018\/vastuullisuus-senaatissa\/tyoymparistot\/sisailma\/","url":"https:\/\/www.senaatti.fi\/yhteiskuntavastuuraportti2018\/vastuullisuus-senaatissa\/tyoymparistot\/sisailma\/","name":"Sis\u00e4ilma - Yhteiskuntavastuuraportti 2018","isPartOf":{"@id":"https:\/\/www.senaatti.fi\/yhteiskuntavastuuraportti2018\/#website"},"primaryImageOfPage":{"@id":"https:\/\/www.senaatti.fi\/yhteiskuntavastuuraportti2018\/vastuullisuus-senaatissa\/tyoymparistot\/sisailma\/#primaryimage"},"image":{"@id":"https:\/\/www.senaatti.fi\/yhteiskuntavastuuraportti2018\/vastuullisuus-senaatissa\/tyoymparistot\/sisailma\/#primaryimage"},"thumbnailUrl":"https:\/\/www.senaatti.fi\/app_ykv_archive\/uploads\/sites\/7\/2019\/03\/Maria-Jokela-koirat-verkkosivuille-1024x697.jpg","datePublished":"2018-01-29T11:20:40+00:00","dateModified":"2019-03-29T06:38:54+00:00","breadcrumb":{"@id":"https:\/\/www.senaatti.fi\/yhteiskuntavastuuraportti2018\/vastuullisuus-senaatissa\/tyoymparistot\/sisailma\/#breadcrumb"},"inLanguage":"en-US","potentialAction":[{"@type":"ReadAction","target":["https:\/\/www.senaatti.fi\/yhteiskuntavastuuraportti2018\/vastuullisuus-senaatissa\/tyoymparistot\/sisailma\/"]}]},{"@type":"ImageObject","inLanguage":"en-US","@id":"https:\/\/www.senaatti.fi\/yhteiskuntavastuuraportti2018\/vastuullisuus-senaatissa\/tyoymparistot\/sisailma\/#primaryimage","url":"https:\/\/www.senaatti.fi\/app_ykv_archive\/uploads\/sites\/7\/2019\/03\/Maria-Jokela-koirat-verkkosivuille-1024x697.jpg","contentUrl":"https:\/\/www.senaatti.fi\/app_ykv_archive\/uploads\/sites\/7\/2019\/03\/Maria-Jokela-koirat-verkkosivuille-1024x697.jpg"},{"@type":"BreadcrumbList","@id":"https:\/\/www.senaatti.fi\/yhteiskuntavastuuraportti2018\/vastuullisuus-senaatissa\/tyoymparistot\/sisailma\/#breadcrumb","itemListElement":[{"@type":"ListItem","position":1,"name":"Home","item":"https:\/\/www.senaatti.fi\/yhteiskuntavastuuraportti2018\/"},{"@type":"ListItem","position":2,"name":"Vastuullisuus Senaatissa","item":"https:\/\/www.senaatti.fi\/yhteiskuntavastuuraportti2018\/vastuullisuus-senaatissa\/"},{"@type":"ListItem","position":3,"name":"Ty\u00f6ymp\u00e4rist\u00f6t","item":"https:\/\/www.senaatti.fi\/yhteiskuntavastuuraportti2018\/vastuullisuus-senaatissa\/tyoymparistot\/"},{"@type":"ListItem","position":4,"name":"Sis\u00e4ilma"}]},{"@type":"WebSite","@id":"https:\/\/www.senaatti.fi\/yhteiskuntavastuuraportti2018\/#website","url":"https:\/\/www.senaatti.fi\/yhteiskuntavastuuraportti2018\/","name":"Yhteiskuntavastuuraportti 2018","description":"","potentialAction":[{"@type":"SearchAction","target":{"@type":"EntryPoint","urlTemplate":"https:\/\/www.senaatti.fi\/yhteiskuntavastuuraportti2018\/?s={search_term_string}"},"query-input":{"@type":"PropertyValueSpecification","valueRequired":true,"valueName":"search_term_string"}}],"inLanguage":"en-US"}]}},"_links":{"self":[{"href":"https:\/\/www.senaatti.fi\/yhteiskuntavastuuraportti2018\/wp-json\/wp\/v2\/pages\/109","targetHints":{"allow":["GET"]}}],"collection":[{"href":"https:\/\/www.senaatti.fi\/yhteiskuntavastuuraportti2018\/wp-json\/wp\/v2\/pages"}],"about":[{"href":"https:\/\/www.senaatti.fi\/yhteiskuntavastuuraportti2018\/wp-json\/wp\/v2\/types\/page"}],"author":[{"embeddable":true,"href":"https:\/\/www.senaatti.fi\/yhteiskuntavastuuraportti2018\/wp-json\/wp\/v2\/users\/11"}],"replies":[{"embeddable":true,"href":"https:\/\/www.senaatti.fi\/yhteiskuntavastuuraportti2018\/wp-json\/wp\/v2\/comments?post=109"}],"version-history":[{"count":11,"href":"https:\/\/www.senaatti.fi\/yhteiskuntavastuuraportti2018\/wp-json\/wp\/v2\/pages\/109\/revisions"}],"predecessor-version":[{"id":2083,"href":"https:\/\/www.senaatti.fi\/yhteiskuntavastuuraportti2018\/wp-json\/wp\/v2\/pages\/109\/revisions\/2083"}],"up":[{"embeddable":true,"href":"https:\/\/www.senaatti.fi\/yhteiskuntavastuuraportti2018\/wp-json\/wp\/v2\/pages\/103"}],"wp:attachment":[{"href":"https:\/\/www.senaatti.fi\/yhteiskuntavastuuraportti2018\/wp-json\/wp\/v2\/media?parent=109"}],"curies":[{"name":"wp","href":"https:\/\/api.w.org\/{rel}","templated":true}]}}