{"id":107,"date":"2018-01-29T11:20:30","date_gmt":"2018-01-29T11:20:30","guid":{"rendered":"https:\/\/www.senaatti.fi\/yhteiskuntavastuuraportti2018\/?page_id=107"},"modified":"2019-03-29T13:27:42","modified_gmt":"2019-03-29T13:27:42","slug":"esteettomyys","status":"publish","type":"page","link":"https:\/\/www.senaatti.fi\/yhteiskuntavastuuraportti2018\/vastuullisuus-senaatissa\/tyoymparistot\/esteettomyys\/","title":{"rendered":"Esteett\u00f6myys"},"content":{"rendered":"<p>Senaatti-kiinteist\u00f6jen tavoitteena on, ett\u00e4 kiinteist\u00f6mme ovat kaikille k\u00e4vij\u00f6ille ja ty\u00f6ntekij\u00f6ille mahdollisimman esteett\u00f6mi\u00e4 ja saavutettavia.<\/p>\n<p>Senaatin ohjelmallisella esteett\u00f6myysty\u00f6ll\u00e4 on jo kymmenen vuoden historia. Vuonna 2004 vahvistettiin ensimm\u00e4inen esteett\u00f6myysstrategia. Siit\u00e4 l\u00e4htien on kehitetty kartoitustoimintaa ja tehty monenlaisia ohjeita ja konkreettisia toimenpiteit\u00e4.<\/p>\n<p>Uudisrakennushankkeissa tavoitteet asetetaan jopa viranomaism\u00e4\u00e4r\u00e4yksi\u00e4 korkeammalle tasolle. Vuonna 2018 t\u00e4st\u00e4 muistutettiin sek\u00e4 Senaatin sis\u00e4isiss\u00e4 koulutustapahtumissa, ett\u00e4 rakennuttajakonsulteille tarkoitetussa tapahtumassa.<\/p>\n<p>Korjausrakentamishankkeiden alussa teetet\u00e4\u00e4n olemassa olevasta kiinteist\u00f6st\u00e4 esteett\u00f6myyskartoitus. My\u00f6s muissa suunnitteluvaiheissa Senaatti suosittelee k\u00e4ytt\u00e4m\u00e4\u00e4n esteett\u00f6myyskonsulttia arvioimassa ratkaisuiden onnistuminen.<\/p>\n<h2>Esteett\u00f6myys kulttuurihistoriallisesti arvokkaissa rakennuksissa<\/h2>\n<p>Kulttuurihistoriallisesti arvokas rakennus on my\u00f6s mahdollista tehd\u00e4 esteett\u00f6m\u00e4ksi. Museot ovat julkisia tiloja ja on t\u00e4rke\u00e4\u00e4, ett\u00e4 niihin on mahdollisimman monella kansalaisella p\u00e4\u00e4sy.<\/p>\n<p>Vuonna 2018 toteutettiin Olavinlinnassa uusi luiska, jota pitkin p\u00e4\u00e4see ns. Vesiportin bastionista p\u00e4\u00e4linnan pihalle. Luiska on esteett\u00f6myysm\u00e4\u00e4r\u00e4yksiin n\u00e4hden liian jyrkk\u00e4, mutta linnan olemassa olevat rakenteet eiv\u00e4t mahdollistaneet muunlaista toteutusta. Luiska helpottaa kaikkea py\u00f6rill\u00e4 liikkuvaa eli py\u00f6r\u00e4tuolien lis\u00e4ksi my\u00f6s tavarankuljetusta linnaan. Luiskaa on nyt koek\u00e4ytetty ensimm\u00e4isen kes\u00e4n ajan.\u00a0 P\u00e4\u00e4osin saatu palaute k\u00e4ytt\u00e4jilt\u00e4 on ollut positiivista.\u00a0 Luiskan on koettu helpottavan ja nopeuttavan my\u00f6s suuren yleis\u00f6massan poistumista oopperakaudella.<\/p>\n<p><img loading=\"lazy\" decoding=\"async\" class=\"size-large wp-image-1405 alignnone\" src=\"https:\/\/www.senaatti.fi\/app_ykv_archive\/uploads\/sites\/7\/2019\/03\/1-1024x576.jpg\" alt=\"Olavinlinnan luiska\" width=\"1024\" height=\"576\" srcset=\"https:\/\/www.senaatti.fi\/app_ykv_archive\/uploads\/sites\/7\/2019\/03\/1-1024x576.jpg 1024w, https:\/\/www.senaatti.fi\/app_ykv_archive\/uploads\/sites\/7\/2019\/03\/1-300x169.jpg 300w, https:\/\/www.senaatti.fi\/app_ykv_archive\/uploads\/sites\/7\/2019\/03\/1-768x432.jpg 768w, https:\/\/www.senaatti.fi\/app_ykv_archive\/uploads\/sites\/7\/2019\/03\/1-1600x900.jpg 1600w, https:\/\/www.senaatti.fi\/app_ykv_archive\/uploads\/sites\/7\/2019\/03\/1-2200x1238.jpg 2200w\" sizes=\"auto, (max-width: 1024px) 100vw, 1024px\" \/><\/p>\n<p>Senaatti-kiinteist\u00f6jen rakennuttajap\u00e4\u00e4llikk\u00f6 Selja Flink osallistui 2018 uudistettavan Rakennettu ymp\u00e4rist\u00f6 ja esteett\u00f6myys -kirjan ohjausryhm\u00e4\u00e4n. Kirjan p\u00e4\u00e4toimittaja ja kirjoittaja on yliarkkitehti Niina Kilpel\u00e4 ymp\u00e4rist\u00f6ministeri\u00f6st\u00e4. K\u00e4yt\u00e4nn\u00f6nl\u00e4heisi\u00e4 ohjeita sis\u00e4lt\u00e4v\u00e4 teos suunnittelijoille p\u00e4\u00e4tettiin omistaa Kalle K\u00f6nkk\u00f6l\u00e4lle. Kirja julkaistaan kev\u00e4\u00e4ll\u00e4 2019.\u00a0 Kalle K\u00f6nkk\u00f6l\u00e4 oli my\u00f6s Senaatin pitk\u00e4aikainen yhteisty\u00f6kumppani, joka teki esteett\u00f6myyskartoituksia Senaatille viel\u00e4 \u00e4skett\u00e4in.<\/p>\n","protected":false},"excerpt":{"rendered":"<p>Senaatti-kiinteist\u00f6jen tavoitteena on, ett\u00e4 kiinteist\u00f6mme ovat kaikille k\u00e4vij\u00f6ille ja ty\u00f6ntekij\u00f6ille mahdollisimman esteett\u00f6mi\u00e4 ja saavutettavia. Senaatin ohjelmallisella esteett\u00f6myysty\u00f6ll\u00e4 on jo kymmenen vuoden historia. Vuonna 2004 vahvistettiin ensimm\u00e4inen esteett\u00f6myysstrategia. Siit\u00e4 l\u00e4htien on kehitetty kartoitustoimintaa ja tehty monenlaisia ohjeita ja konkreettisia toimenpiteit\u00e4. Uudisrakennushankkeissa tavoitteet asetetaan jopa viranomaism\u00e4\u00e4r\u00e4yksi\u00e4 korkeammalle tasolle. Vuonna 2018 t\u00e4st\u00e4 muistutettiin sek\u00e4 Senaatin sis\u00e4isiss\u00e4 koulutustapahtumissa, ett\u00e4 [&hellip;]<\/p>\n","protected":false},"author":11,"featured_media":0,"parent":103,"menu_order":4,"comment_status":"closed","ping_status":"closed","template":"","meta":{"_acf_changed":false,"footnotes":""},"class_list":["post-107","page","type-page","status-publish","hentry","senaatti_tsdg-eriarvoisuuden-vahentaminen","senaatti_tsdg-kestavat-kaupungit-ja-yhteisot","senaatti_tsdg-hyva-koulutus"],"acf":[],"yoast_head":"<!-- This site is optimized with the Yoast SEO plugin v23.9 - https:\/\/yoast.com\/wordpress\/plugins\/seo\/ -->\n<title>Esteett\u00f6myys - Yhteiskuntavastuuraportti 2018<\/title>\n<meta name=\"robots\" content=\"index, follow, max-snippet:-1, max-image-preview:large, max-video-preview:-1\" \/>\n<link rel=\"canonical\" href=\"https:\/\/www.senaatti.fi\/yhteiskuntavastuuraportti2018\/vastuullisuus-senaatissa\/tyoymparistot\/esteettomyys\/\" \/>\n<meta property=\"og:locale\" content=\"en_US\" \/>\n<meta property=\"og:type\" content=\"article\" \/>\n<meta property=\"og:title\" content=\"Esteett\u00f6myys - Yhteiskuntavastuuraportti 2018\" \/>\n<meta property=\"og:description\" content=\"Senaatti-kiinteist\u00f6jen tavoitteena on, ett\u00e4 kiinteist\u00f6mme ovat kaikille k\u00e4vij\u00f6ille ja ty\u00f6ntekij\u00f6ille mahdollisimman esteett\u00f6mi\u00e4 ja saavutettavia. Senaatin ohjelmallisella esteett\u00f6myysty\u00f6ll\u00e4 on jo kymmenen vuoden historia. Vuonna 2004 vahvistettiin ensimm\u00e4inen esteett\u00f6myysstrategia. Siit\u00e4 l\u00e4htien on kehitetty kartoitustoimintaa ja tehty monenlaisia ohjeita ja konkreettisia toimenpiteit\u00e4. Uudisrakennushankkeissa tavoitteet asetetaan jopa viranomaism\u00e4\u00e4r\u00e4yksi\u00e4 korkeammalle tasolle. Vuonna 2018 t\u00e4st\u00e4 muistutettiin sek\u00e4 Senaatin sis\u00e4isiss\u00e4 koulutustapahtumissa, ett\u00e4 [&hellip;]\" \/>\n<meta property=\"og:url\" content=\"https:\/\/www.senaatti.fi\/yhteiskuntavastuuraportti2018\/vastuullisuus-senaatissa\/tyoymparistot\/esteettomyys\/\" \/>\n<meta property=\"og:site_name\" content=\"Yhteiskuntavastuuraportti 2018\" \/>\n<meta property=\"article:modified_time\" content=\"2019-03-29T13:27:42+00:00\" \/>\n<meta property=\"og:image\" content=\"https:\/\/www.senaatti.fi\/app_ykv_archive\/uploads\/sites\/7\/2019\/03\/1-1024x576.jpg\" \/>\n<meta name=\"twitter:card\" content=\"summary_large_image\" \/>\n<meta name=\"twitter:label1\" content=\"Est. reading time\" \/>\n\t<meta name=\"twitter:data1\" content=\"1 minute\" \/>\n<script type=\"application\/ld+json\" class=\"yoast-schema-graph\">{\"@context\":\"https:\/\/schema.org\",\"@graph\":[{\"@type\":\"WebPage\",\"@id\":\"https:\/\/www.senaatti.fi\/yhteiskuntavastuuraportti2018\/vastuullisuus-senaatissa\/tyoymparistot\/esteettomyys\/\",\"url\":\"https:\/\/www.senaatti.fi\/yhteiskuntavastuuraportti2018\/vastuullisuus-senaatissa\/tyoymparistot\/esteettomyys\/\",\"name\":\"Esteett\u00f6myys - Yhteiskuntavastuuraportti 2018\",\"isPartOf\":{\"@id\":\"https:\/\/www.senaatti.fi\/yhteiskuntavastuuraportti2018\/#website\"},\"primaryImageOfPage\":{\"@id\":\"https:\/\/www.senaatti.fi\/yhteiskuntavastuuraportti2018\/vastuullisuus-senaatissa\/tyoymparistot\/esteettomyys\/#primaryimage\"},\"image\":{\"@id\":\"https:\/\/www.senaatti.fi\/yhteiskuntavastuuraportti2018\/vastuullisuus-senaatissa\/tyoymparistot\/esteettomyys\/#primaryimage\"},\"thumbnailUrl\":\"https:\/\/www.senaatti.fi\/app_ykv_archive\/uploads\/sites\/7\/2019\/03\/1-1024x576.jpg\",\"datePublished\":\"2018-01-29T11:20:30+00:00\",\"dateModified\":\"2019-03-29T13:27:42+00:00\",\"breadcrumb\":{\"@id\":\"https:\/\/www.senaatti.fi\/yhteiskuntavastuuraportti2018\/vastuullisuus-senaatissa\/tyoymparistot\/esteettomyys\/#breadcrumb\"},\"inLanguage\":\"en-US\",\"potentialAction\":[{\"@type\":\"ReadAction\",\"target\":[\"https:\/\/www.senaatti.fi\/yhteiskuntavastuuraportti2018\/vastuullisuus-senaatissa\/tyoymparistot\/esteettomyys\/\"]}]},{\"@type\":\"ImageObject\",\"inLanguage\":\"en-US\",\"@id\":\"https:\/\/www.senaatti.fi\/yhteiskuntavastuuraportti2018\/vastuullisuus-senaatissa\/tyoymparistot\/esteettomyys\/#primaryimage\",\"url\":\"https:\/\/www.senaatti.fi\/app_ykv_archive\/uploads\/sites\/7\/2019\/03\/1-1024x576.jpg\",\"contentUrl\":\"https:\/\/www.senaatti.fi\/app_ykv_archive\/uploads\/sites\/7\/2019\/03\/1-1024x576.jpg\"},{\"@type\":\"BreadcrumbList\",\"@id\":\"https:\/\/www.senaatti.fi\/yhteiskuntavastuuraportti2018\/vastuullisuus-senaatissa\/tyoymparistot\/esteettomyys\/#breadcrumb\",\"itemListElement\":[{\"@type\":\"ListItem\",\"position\":1,\"name\":\"Home\",\"item\":\"https:\/\/www.senaatti.fi\/yhteiskuntavastuuraportti2018\/\"},{\"@type\":\"ListItem\",\"position\":2,\"name\":\"Vastuullisuus Senaatissa\",\"item\":\"https:\/\/www.senaatti.fi\/yhteiskuntavastuuraportti2018\/vastuullisuus-senaatissa\/\"},{\"@type\":\"ListItem\",\"position\":3,\"name\":\"Ty\u00f6ymp\u00e4rist\u00f6t\",\"item\":\"https:\/\/www.senaatti.fi\/yhteiskuntavastuuraportti2018\/vastuullisuus-senaatissa\/tyoymparistot\/\"},{\"@type\":\"ListItem\",\"position\":4,\"name\":\"Esteett\u00f6myys\"}]},{\"@type\":\"WebSite\",\"@id\":\"https:\/\/www.senaatti.fi\/yhteiskuntavastuuraportti2018\/#website\",\"url\":\"https:\/\/www.senaatti.fi\/yhteiskuntavastuuraportti2018\/\",\"name\":\"Yhteiskuntavastuuraportti 2018\",\"description\":\"\",\"potentialAction\":[{\"@type\":\"SearchAction\",\"target\":{\"@type\":\"EntryPoint\",\"urlTemplate\":\"https:\/\/www.senaatti.fi\/yhteiskuntavastuuraportti2018\/?s={search_term_string}\"},\"query-input\":{\"@type\":\"PropertyValueSpecification\",\"valueRequired\":true,\"valueName\":\"search_term_string\"}}],\"inLanguage\":\"en-US\"}]}<\/script>\n<!-- \/ Yoast SEO plugin. -->","yoast_head_json":{"title":"Esteett\u00f6myys - Yhteiskuntavastuuraportti 2018","robots":{"index":"index","follow":"follow","max-snippet":"max-snippet:-1","max-image-preview":"max-image-preview:large","max-video-preview":"max-video-preview:-1"},"canonical":"https:\/\/www.senaatti.fi\/yhteiskuntavastuuraportti2018\/vastuullisuus-senaatissa\/tyoymparistot\/esteettomyys\/","og_locale":"en_US","og_type":"article","og_title":"Esteett\u00f6myys - Yhteiskuntavastuuraportti 2018","og_description":"Senaatti-kiinteist\u00f6jen tavoitteena on, ett\u00e4 kiinteist\u00f6mme ovat kaikille k\u00e4vij\u00f6ille ja ty\u00f6ntekij\u00f6ille mahdollisimman esteett\u00f6mi\u00e4 ja saavutettavia. Senaatin ohjelmallisella esteett\u00f6myysty\u00f6ll\u00e4 on jo kymmenen vuoden historia. Vuonna 2004 vahvistettiin ensimm\u00e4inen esteett\u00f6myysstrategia. Siit\u00e4 l\u00e4htien on kehitetty kartoitustoimintaa ja tehty monenlaisia ohjeita ja konkreettisia toimenpiteit\u00e4. Uudisrakennushankkeissa tavoitteet asetetaan jopa viranomaism\u00e4\u00e4r\u00e4yksi\u00e4 korkeammalle tasolle. Vuonna 2018 t\u00e4st\u00e4 muistutettiin sek\u00e4 Senaatin sis\u00e4isiss\u00e4 koulutustapahtumissa, ett\u00e4 [&hellip;]","og_url":"https:\/\/www.senaatti.fi\/yhteiskuntavastuuraportti2018\/vastuullisuus-senaatissa\/tyoymparistot\/esteettomyys\/","og_site_name":"Yhteiskuntavastuuraportti 2018","article_modified_time":"2019-03-29T13:27:42+00:00","og_image":[{"url":"https:\/\/www.senaatti.fi\/app_ykv_archive\/uploads\/sites\/7\/2019\/03\/1-1024x576.jpg"}],"twitter_card":"summary_large_image","twitter_misc":{"Est. reading time":"1 minute"},"schema":{"@context":"https:\/\/schema.org","@graph":[{"@type":"WebPage","@id":"https:\/\/www.senaatti.fi\/yhteiskuntavastuuraportti2018\/vastuullisuus-senaatissa\/tyoymparistot\/esteettomyys\/","url":"https:\/\/www.senaatti.fi\/yhteiskuntavastuuraportti2018\/vastuullisuus-senaatissa\/tyoymparistot\/esteettomyys\/","name":"Esteett\u00f6myys - Yhteiskuntavastuuraportti 2018","isPartOf":{"@id":"https:\/\/www.senaatti.fi\/yhteiskuntavastuuraportti2018\/#website"},"primaryImageOfPage":{"@id":"https:\/\/www.senaatti.fi\/yhteiskuntavastuuraportti2018\/vastuullisuus-senaatissa\/tyoymparistot\/esteettomyys\/#primaryimage"},"image":{"@id":"https:\/\/www.senaatti.fi\/yhteiskuntavastuuraportti2018\/vastuullisuus-senaatissa\/tyoymparistot\/esteettomyys\/#primaryimage"},"thumbnailUrl":"https:\/\/www.senaatti.fi\/app_ykv_archive\/uploads\/sites\/7\/2019\/03\/1-1024x576.jpg","datePublished":"2018-01-29T11:20:30+00:00","dateModified":"2019-03-29T13:27:42+00:00","breadcrumb":{"@id":"https:\/\/www.senaatti.fi\/yhteiskuntavastuuraportti2018\/vastuullisuus-senaatissa\/tyoymparistot\/esteettomyys\/#breadcrumb"},"inLanguage":"en-US","potentialAction":[{"@type":"ReadAction","target":["https:\/\/www.senaatti.fi\/yhteiskuntavastuuraportti2018\/vastuullisuus-senaatissa\/tyoymparistot\/esteettomyys\/"]}]},{"@type":"ImageObject","inLanguage":"en-US","@id":"https:\/\/www.senaatti.fi\/yhteiskuntavastuuraportti2018\/vastuullisuus-senaatissa\/tyoymparistot\/esteettomyys\/#primaryimage","url":"https:\/\/www.senaatti.fi\/app_ykv_archive\/uploads\/sites\/7\/2019\/03\/1-1024x576.jpg","contentUrl":"https:\/\/www.senaatti.fi\/app_ykv_archive\/uploads\/sites\/7\/2019\/03\/1-1024x576.jpg"},{"@type":"BreadcrumbList","@id":"https:\/\/www.senaatti.fi\/yhteiskuntavastuuraportti2018\/vastuullisuus-senaatissa\/tyoymparistot\/esteettomyys\/#breadcrumb","itemListElement":[{"@type":"ListItem","position":1,"name":"Home","item":"https:\/\/www.senaatti.fi\/yhteiskuntavastuuraportti2018\/"},{"@type":"ListItem","position":2,"name":"Vastuullisuus Senaatissa","item":"https:\/\/www.senaatti.fi\/yhteiskuntavastuuraportti2018\/vastuullisuus-senaatissa\/"},{"@type":"ListItem","position":3,"name":"Ty\u00f6ymp\u00e4rist\u00f6t","item":"https:\/\/www.senaatti.fi\/yhteiskuntavastuuraportti2018\/vastuullisuus-senaatissa\/tyoymparistot\/"},{"@type":"ListItem","position":4,"name":"Esteett\u00f6myys"}]},{"@type":"WebSite","@id":"https:\/\/www.senaatti.fi\/yhteiskuntavastuuraportti2018\/#website","url":"https:\/\/www.senaatti.fi\/yhteiskuntavastuuraportti2018\/","name":"Yhteiskuntavastuuraportti 2018","description":"","potentialAction":[{"@type":"SearchAction","target":{"@type":"EntryPoint","urlTemplate":"https:\/\/www.senaatti.fi\/yhteiskuntavastuuraportti2018\/?s={search_term_string}"},"query-input":{"@type":"PropertyValueSpecification","valueRequired":true,"valueName":"search_term_string"}}],"inLanguage":"en-US"}]}},"_links":{"self":[{"href":"https:\/\/www.senaatti.fi\/yhteiskuntavastuuraportti2018\/wp-json\/wp\/v2\/pages\/107","targetHints":{"allow":["GET"]}}],"collection":[{"href":"https:\/\/www.senaatti.fi\/yhteiskuntavastuuraportti2018\/wp-json\/wp\/v2\/pages"}],"about":[{"href":"https:\/\/www.senaatti.fi\/yhteiskuntavastuuraportti2018\/wp-json\/wp\/v2\/types\/page"}],"author":[{"embeddable":true,"href":"https:\/\/www.senaatti.fi\/yhteiskuntavastuuraportti2018\/wp-json\/wp\/v2\/users\/11"}],"replies":[{"embeddable":true,"href":"https:\/\/www.senaatti.fi\/yhteiskuntavastuuraportti2018\/wp-json\/wp\/v2\/comments?post=107"}],"version-history":[{"count":11,"href":"https:\/\/www.senaatti.fi\/yhteiskuntavastuuraportti2018\/wp-json\/wp\/v2\/pages\/107\/revisions"}],"predecessor-version":[{"id":2122,"href":"https:\/\/www.senaatti.fi\/yhteiskuntavastuuraportti2018\/wp-json\/wp\/v2\/pages\/107\/revisions\/2122"}],"up":[{"embeddable":true,"href":"https:\/\/www.senaatti.fi\/yhteiskuntavastuuraportti2018\/wp-json\/wp\/v2\/pages\/103"}],"wp:attachment":[{"href":"https:\/\/www.senaatti.fi\/yhteiskuntavastuuraportti2018\/wp-json\/wp\/v2\/media?parent=107"}],"curies":[{"name":"wp","href":"https:\/\/api.w.org\/{rel}","templated":true}]}}