{"id":103,"date":"2018-01-29T11:20:04","date_gmt":"2018-01-29T11:20:04","guid":{"rendered":"https:\/\/www.senaatti.fi\/yhteiskuntavastuuraportti2018\/?page_id=103"},"modified":"2019-04-10T09:59:53","modified_gmt":"2019-04-10T09:59:53","slug":"tyoymparistot","status":"publish","type":"page","link":"https:\/\/www.senaatti.fi\/yhteiskuntavastuuraportti2018\/vastuullisuus-senaatissa\/tyoymparistot\/","title":{"rendered":"Ty\u00f6ymp\u00e4rist\u00f6t"},"content":{"rendered":"<p>Senaatti-kiinteist\u00f6t on valtionhallinnon kumppani uusien ty\u00f6nteon tapoja tukevien ja edist\u00e4vien ty\u00f6ymp\u00e4rist\u00f6jen kehitt\u00e4misess\u00e4.\u00a0 Asiakkaiden ty\u00f6ymp\u00e4rist\u00f6ratkaisuissa huomioidaan fyysisen ty\u00f6ymp\u00e4rist\u00f6n lis\u00e4ksi my\u00f6s digitaalinen ja sosiaalinen ulottuvuus.<\/p>\n<p>Uusilla ty\u00f6nteon tavoilla ja niit\u00e4 tukevilla ty\u00f6ymp\u00e4rist\u00f6ill\u00e4 tuetaan tietoty\u00f6n suorituskyky\u00e4 ja tavoitellaan s\u00e4\u00e4st\u00f6j\u00e4 valtion toimitilakustannuksissa.<\/p>\n<p>Olemme kehitt\u00e4neet\u00a0pitk\u00e4lle tuotteistettuja ty\u00f6v\u00e4lineit\u00e4 asiakkaiden ty\u00f6ymp\u00e4rist\u00f6jen tehostamiseen ja uudistustarpeisiin. L\u00e4hestymistapa on ratkaisukeskeinen ja asiantuntijapalveluihimme kuuluu ty\u00f6ymp\u00e4rist\u00f6kehitt\u00e4misen ohella my\u00f6s tuki organisaatiolle muutoksen l\u00e4piviemiseksi ja tietoty\u00f6n suorituskyvyn kehitt\u00e4miseksi.<\/p>\n<p>Senaatin ty\u00f6ymp\u00e4rist\u00f6- ja toimitilaratkaisuissa korostuvat paitsi tilojen toimivuus my\u00f6s vastuullisuus, hyv\u00e4t sis\u00e4olosuhteet ja turvallisuus.<\/p>\n<h3>Ty\u00f6ymp\u00e4rist\u00f6 muodostuu kolmesta ulottuvuudesta<\/h3>\n<div class=\"desktop-only\"><img loading=\"lazy\" decoding=\"async\" class=\"alignnone size-large wp-image-707\" src=\"https:\/\/www.senaatti.fi\/app_ykv_archive\/uploads\/sites\/2\/2018\/03\/senaatti-ykv-tyoymparistot-osio-1024x705.png\" alt=\"\" width=\"1024\" height=\"705\" srcset=\"https:\/\/www.senaatti.fi\/app_ykv_archive\/uploads\/sites\/7\/2018\/03\/senaatti-ykv-tyoymparistot-osio-1024x705.png 1024w, https:\/\/www.senaatti.fi\/app_ykv_archive\/uploads\/sites\/7\/2018\/03\/senaatti-ykv-tyoymparistot-osio-300x206.png 300w, https:\/\/www.senaatti.fi\/app_ykv_archive\/uploads\/sites\/7\/2018\/03\/senaatti-ykv-tyoymparistot-osio-768x529.png 768w, https:\/\/www.senaatti.fi\/app_ykv_archive\/uploads\/sites\/7\/2018\/03\/senaatti-ykv-tyoymparistot-osio.png 1572w\" sizes=\"auto, (max-width: 1024px) 100vw, 1024px\" \/><\/div>\n<div class=\"mobile-only\">\n<div class=\"row\">\n<div class=\"col-xs-6 col-xs-offset-3 text-align-center txt-violet\">\n<p><img loading=\"lazy\" decoding=\"async\" class=\"alignnone size-full wp-image-709 ykv-icon\" src=\"\/\/www.senaatti.fi\/app_ykv_archive\/uploads\/sites\/2\/2018\/03\/senaatti_kommunikaatio_aanekas.png\" alt=\"\" width=\"236\" height=\"157\" \/><\/p>\n<h5><strong>SOSIAALINEN<\/strong><\/h5>\n<h6>Hyv\u00e4 johtaminen ja ajan tasalla olevat ty\u00f6nteon tavat<\/h6>\n<\/div>\n<\/div>\n<div class=\"row\">\n<div class=\"col-xs-6 text-align-center\">\n<p class=\"txt-small txt-oblique\">Tiloja hy\u00f6dynnet\u00e4\u00e4n joustavasti ja ne tukevat uusia ty\u00f6nteon tapoja.<\/p>\n<\/div>\n<div class=\"col-xs-6 text-align-center\">\n<p class=\"txt-small txt-oblique\">Ohjelmistoja ja tietoj\u00e4rjestelmi\u00e4 osataan k\u00e4ytt\u00e4\u00e4 tehokkaasti ja ne tukevat ty\u00f6n tekemist\u00e4 sek\u00e4 sosiaalista kanssak\u00e4ymist\u00e4.<\/p>\n<\/div>\n<\/div>\n<div class=\"row\">\n<div class=\"col-xs-6 text-align-center txt-violet\">\n<p><img loading=\"lazy\" decoding=\"async\" class=\"alignnone size-full wp-image-735 ykv-icon\" src=\"\/\/www.senaatti.fi\/app_ykv_archive\/uploads\/sites\/2\/2018\/03\/senaatti_laitteet_tyopoyta.png\" alt=\"\" width=\"297\" height=\"114\" \/><\/p>\n<h5><strong>FYYSINEN<\/strong><\/h5>\n<h6>Toimivat, turvalliset ja viihtyis\u00e4t tilat<\/h6>\n<\/div>\n<div class=\"col-xs-6 text-align-center txt-violet\">\n<p><img loading=\"lazy\" decoding=\"async\" class=\"alignnone size-full wp-image-708 ykv-icon\" src=\"\/\/www.senaatti.fi\/app_ykv_archive\/uploads\/sites\/2\/2018\/03\/senaatti_laitteet_kannettava1.png\" alt=\"\" width=\"297\" height=\"114\" \/><\/p>\n<h5><strong>VIRTUAALINEN<\/strong><\/h5>\n<h6>Tarvittavat laitteet ja ohjelmistot sek\u00e4 riitt\u00e4v\u00e4 tuki<\/h6>\n<\/div>\n<\/div>\n<p class=\"txt-small txt-oblique text-align-center\">Laitteet ja ohjelmistot soveltuvat liikkuvaan ty\u00f6ntekoon<\/p>\n<\/div>\n<p>&nbsp;<\/p>\n<p>&nbsp;<\/p>\n","protected":false},"excerpt":{"rendered":"<p>Senaatti-kiinteist\u00f6t on valtionhallinnon kumppani uusien ty\u00f6nteon tapoja tukevien ja edist\u00e4vien ty\u00f6ymp\u00e4rist\u00f6jen kehitt\u00e4misess\u00e4.\u00a0 Asiakkaiden ty\u00f6ymp\u00e4rist\u00f6ratkaisuissa huomioidaan fyysisen ty\u00f6ymp\u00e4rist\u00f6n lis\u00e4ksi my\u00f6s digitaalinen ja sosiaalinen ulottuvuus. Uusilla ty\u00f6nteon tavoilla ja niit\u00e4 tukevilla ty\u00f6ymp\u00e4rist\u00f6ill\u00e4 tuetaan tietoty\u00f6n suorituskyky\u00e4 ja tavoitellaan s\u00e4\u00e4st\u00f6j\u00e4 valtion toimitilakustannuksissa. Olemme kehitt\u00e4neet\u00a0pitk\u00e4lle tuotteistettuja ty\u00f6v\u00e4lineit\u00e4 asiakkaiden ty\u00f6ymp\u00e4rist\u00f6jen tehostamiseen ja uudistustarpeisiin. L\u00e4hestymistapa on ratkaisukeskeinen ja asiantuntijapalveluihimme kuuluu ty\u00f6ymp\u00e4rist\u00f6kehitt\u00e4misen ohella [&hellip;]<\/p>\n","protected":false},"author":11,"featured_media":0,"parent":63,"menu_order":6,"comment_status":"closed","ping_status":"closed","template":"","meta":{"_acf_changed":false,"footnotes":""},"class_list":["post-103","page","type-page","status-publish","hentry"],"acf":[],"yoast_head":"<!-- This site is optimized with the Yoast SEO plugin v23.9 - https:\/\/yoast.com\/wordpress\/plugins\/seo\/ -->\n<title>Ty\u00f6ymp\u00e4rist\u00f6t - Yhteiskuntavastuuraportti 2018<\/title>\n<meta name=\"robots\" content=\"index, follow, max-snippet:-1, max-image-preview:large, max-video-preview:-1\" \/>\n<link rel=\"canonical\" href=\"https:\/\/www.senaatti.fi\/yhteiskuntavastuuraportti2018\/vastuullisuus-senaatissa\/tyoymparistot\/\" \/>\n<meta property=\"og:locale\" content=\"en_US\" \/>\n<meta property=\"og:type\" content=\"article\" \/>\n<meta property=\"og:title\" content=\"Ty\u00f6ymp\u00e4rist\u00f6t - Yhteiskuntavastuuraportti 2018\" \/>\n<meta property=\"og:description\" content=\"Senaatti-kiinteist\u00f6t on valtionhallinnon kumppani uusien ty\u00f6nteon tapoja tukevien ja edist\u00e4vien ty\u00f6ymp\u00e4rist\u00f6jen kehitt\u00e4misess\u00e4.\u00a0 Asiakkaiden ty\u00f6ymp\u00e4rist\u00f6ratkaisuissa huomioidaan fyysisen ty\u00f6ymp\u00e4rist\u00f6n lis\u00e4ksi my\u00f6s digitaalinen ja sosiaalinen ulottuvuus. Uusilla ty\u00f6nteon tavoilla ja niit\u00e4 tukevilla ty\u00f6ymp\u00e4rist\u00f6ill\u00e4 tuetaan tietoty\u00f6n suorituskyky\u00e4 ja tavoitellaan s\u00e4\u00e4st\u00f6j\u00e4 valtion toimitilakustannuksissa. Olemme kehitt\u00e4neet\u00a0pitk\u00e4lle tuotteistettuja ty\u00f6v\u00e4lineit\u00e4 asiakkaiden ty\u00f6ymp\u00e4rist\u00f6jen tehostamiseen ja uudistustarpeisiin. L\u00e4hestymistapa on ratkaisukeskeinen ja asiantuntijapalveluihimme kuuluu ty\u00f6ymp\u00e4rist\u00f6kehitt\u00e4misen ohella [&hellip;]\" \/>\n<meta property=\"og:url\" content=\"https:\/\/www.senaatti.fi\/yhteiskuntavastuuraportti2018\/vastuullisuus-senaatissa\/tyoymparistot\/\" \/>\n<meta property=\"og:site_name\" content=\"Yhteiskuntavastuuraportti 2018\" \/>\n<meta property=\"article:modified_time\" content=\"2019-04-10T09:59:53+00:00\" \/>\n<meta property=\"og:image\" content=\"https:\/\/www.senaatti.fi\/app_ykv_archive\/uploads\/sites\/2\/2018\/03\/senaatti-ykv-tyoymparistot-osio-1024x705.png\" \/>\n<meta name=\"twitter:card\" content=\"summary_large_image\" \/>\n<meta name=\"twitter:label1\" content=\"Est. reading time\" \/>\n\t<meta name=\"twitter:data1\" content=\"1 minute\" \/>\n<script type=\"application\/ld+json\" class=\"yoast-schema-graph\">{\"@context\":\"https:\/\/schema.org\",\"@graph\":[{\"@type\":\"WebPage\",\"@id\":\"https:\/\/www.senaatti.fi\/yhteiskuntavastuuraportti2018\/vastuullisuus-senaatissa\/tyoymparistot\/\",\"url\":\"https:\/\/www.senaatti.fi\/yhteiskuntavastuuraportti2018\/vastuullisuus-senaatissa\/tyoymparistot\/\",\"name\":\"Ty\u00f6ymp\u00e4rist\u00f6t - Yhteiskuntavastuuraportti 2018\",\"isPartOf\":{\"@id\":\"https:\/\/www.senaatti.fi\/yhteiskuntavastuuraportti2018\/#website\"},\"primaryImageOfPage\":{\"@id\":\"https:\/\/www.senaatti.fi\/yhteiskuntavastuuraportti2018\/vastuullisuus-senaatissa\/tyoymparistot\/#primaryimage\"},\"image\":{\"@id\":\"https:\/\/www.senaatti.fi\/yhteiskuntavastuuraportti2018\/vastuullisuus-senaatissa\/tyoymparistot\/#primaryimage\"},\"thumbnailUrl\":\"https:\/\/www.senaatti.fi\/app_ykv_archive\/uploads\/sites\/2\/2018\/03\/senaatti-ykv-tyoymparistot-osio-1024x705.png\",\"datePublished\":\"2018-01-29T11:20:04+00:00\",\"dateModified\":\"2019-04-10T09:59:53+00:00\",\"breadcrumb\":{\"@id\":\"https:\/\/www.senaatti.fi\/yhteiskuntavastuuraportti2018\/vastuullisuus-senaatissa\/tyoymparistot\/#breadcrumb\"},\"inLanguage\":\"en-US\",\"potentialAction\":[{\"@type\":\"ReadAction\",\"target\":[\"https:\/\/www.senaatti.fi\/yhteiskuntavastuuraportti2018\/vastuullisuus-senaatissa\/tyoymparistot\/\"]}]},{\"@type\":\"ImageObject\",\"inLanguage\":\"en-US\",\"@id\":\"https:\/\/www.senaatti.fi\/yhteiskuntavastuuraportti2018\/vastuullisuus-senaatissa\/tyoymparistot\/#primaryimage\",\"url\":\"https:\/\/www.senaatti.fi\/app_ykv_archive\/uploads\/sites\/2\/2018\/03\/senaatti-ykv-tyoymparistot-osio-1024x705.png\",\"contentUrl\":\"https:\/\/www.senaatti.fi\/app_ykv_archive\/uploads\/sites\/2\/2018\/03\/senaatti-ykv-tyoymparistot-osio-1024x705.png\"},{\"@type\":\"BreadcrumbList\",\"@id\":\"https:\/\/www.senaatti.fi\/yhteiskuntavastuuraportti2018\/vastuullisuus-senaatissa\/tyoymparistot\/#breadcrumb\",\"itemListElement\":[{\"@type\":\"ListItem\",\"position\":1,\"name\":\"Home\",\"item\":\"https:\/\/www.senaatti.fi\/yhteiskuntavastuuraportti2018\/\"},{\"@type\":\"ListItem\",\"position\":2,\"name\":\"Vastuullisuus Senaatissa\",\"item\":\"https:\/\/www.senaatti.fi\/yhteiskuntavastuuraportti2018\/vastuullisuus-senaatissa\/\"},{\"@type\":\"ListItem\",\"position\":3,\"name\":\"Ty\u00f6ymp\u00e4rist\u00f6t\"}]},{\"@type\":\"WebSite\",\"@id\":\"https:\/\/www.senaatti.fi\/yhteiskuntavastuuraportti2018\/#website\",\"url\":\"https:\/\/www.senaatti.fi\/yhteiskuntavastuuraportti2018\/\",\"name\":\"Yhteiskuntavastuuraportti 2018\",\"description\":\"\",\"potentialAction\":[{\"@type\":\"SearchAction\",\"target\":{\"@type\":\"EntryPoint\",\"urlTemplate\":\"https:\/\/www.senaatti.fi\/yhteiskuntavastuuraportti2018\/?s={search_term_string}\"},\"query-input\":{\"@type\":\"PropertyValueSpecification\",\"valueRequired\":true,\"valueName\":\"search_term_string\"}}],\"inLanguage\":\"en-US\"}]}<\/script>\n<!-- \/ Yoast SEO plugin. -->","yoast_head_json":{"title":"Ty\u00f6ymp\u00e4rist\u00f6t - Yhteiskuntavastuuraportti 2018","robots":{"index":"index","follow":"follow","max-snippet":"max-snippet:-1","max-image-preview":"max-image-preview:large","max-video-preview":"max-video-preview:-1"},"canonical":"https:\/\/www.senaatti.fi\/yhteiskuntavastuuraportti2018\/vastuullisuus-senaatissa\/tyoymparistot\/","og_locale":"en_US","og_type":"article","og_title":"Ty\u00f6ymp\u00e4rist\u00f6t - Yhteiskuntavastuuraportti 2018","og_description":"Senaatti-kiinteist\u00f6t on valtionhallinnon kumppani uusien ty\u00f6nteon tapoja tukevien ja edist\u00e4vien ty\u00f6ymp\u00e4rist\u00f6jen kehitt\u00e4misess\u00e4.\u00a0 Asiakkaiden ty\u00f6ymp\u00e4rist\u00f6ratkaisuissa huomioidaan fyysisen ty\u00f6ymp\u00e4rist\u00f6n lis\u00e4ksi my\u00f6s digitaalinen ja sosiaalinen ulottuvuus. Uusilla ty\u00f6nteon tavoilla ja niit\u00e4 tukevilla ty\u00f6ymp\u00e4rist\u00f6ill\u00e4 tuetaan tietoty\u00f6n suorituskyky\u00e4 ja tavoitellaan s\u00e4\u00e4st\u00f6j\u00e4 valtion toimitilakustannuksissa. Olemme kehitt\u00e4neet\u00a0pitk\u00e4lle tuotteistettuja ty\u00f6v\u00e4lineit\u00e4 asiakkaiden ty\u00f6ymp\u00e4rist\u00f6jen tehostamiseen ja uudistustarpeisiin. L\u00e4hestymistapa on ratkaisukeskeinen ja asiantuntijapalveluihimme kuuluu ty\u00f6ymp\u00e4rist\u00f6kehitt\u00e4misen ohella [&hellip;]","og_url":"https:\/\/www.senaatti.fi\/yhteiskuntavastuuraportti2018\/vastuullisuus-senaatissa\/tyoymparistot\/","og_site_name":"Yhteiskuntavastuuraportti 2018","article_modified_time":"2019-04-10T09:59:53+00:00","og_image":[{"url":"https:\/\/www.senaatti.fi\/app_ykv_archive\/uploads\/sites\/2\/2018\/03\/senaatti-ykv-tyoymparistot-osio-1024x705.png"}],"twitter_card":"summary_large_image","twitter_misc":{"Est. reading time":"1 minute"},"schema":{"@context":"https:\/\/schema.org","@graph":[{"@type":"WebPage","@id":"https:\/\/www.senaatti.fi\/yhteiskuntavastuuraportti2018\/vastuullisuus-senaatissa\/tyoymparistot\/","url":"https:\/\/www.senaatti.fi\/yhteiskuntavastuuraportti2018\/vastuullisuus-senaatissa\/tyoymparistot\/","name":"Ty\u00f6ymp\u00e4rist\u00f6t - Yhteiskuntavastuuraportti 2018","isPartOf":{"@id":"https:\/\/www.senaatti.fi\/yhteiskuntavastuuraportti2018\/#website"},"primaryImageOfPage":{"@id":"https:\/\/www.senaatti.fi\/yhteiskuntavastuuraportti2018\/vastuullisuus-senaatissa\/tyoymparistot\/#primaryimage"},"image":{"@id":"https:\/\/www.senaatti.fi\/yhteiskuntavastuuraportti2018\/vastuullisuus-senaatissa\/tyoymparistot\/#primaryimage"},"thumbnailUrl":"https:\/\/www.senaatti.fi\/app_ykv_archive\/uploads\/sites\/2\/2018\/03\/senaatti-ykv-tyoymparistot-osio-1024x705.png","datePublished":"2018-01-29T11:20:04+00:00","dateModified":"2019-04-10T09:59:53+00:00","breadcrumb":{"@id":"https:\/\/www.senaatti.fi\/yhteiskuntavastuuraportti2018\/vastuullisuus-senaatissa\/tyoymparistot\/#breadcrumb"},"inLanguage":"en-US","potentialAction":[{"@type":"ReadAction","target":["https:\/\/www.senaatti.fi\/yhteiskuntavastuuraportti2018\/vastuullisuus-senaatissa\/tyoymparistot\/"]}]},{"@type":"ImageObject","inLanguage":"en-US","@id":"https:\/\/www.senaatti.fi\/yhteiskuntavastuuraportti2018\/vastuullisuus-senaatissa\/tyoymparistot\/#primaryimage","url":"https:\/\/www.senaatti.fi\/app_ykv_archive\/uploads\/sites\/2\/2018\/03\/senaatti-ykv-tyoymparistot-osio-1024x705.png","contentUrl":"https:\/\/www.senaatti.fi\/app_ykv_archive\/uploads\/sites\/2\/2018\/03\/senaatti-ykv-tyoymparistot-osio-1024x705.png"},{"@type":"BreadcrumbList","@id":"https:\/\/www.senaatti.fi\/yhteiskuntavastuuraportti2018\/vastuullisuus-senaatissa\/tyoymparistot\/#breadcrumb","itemListElement":[{"@type":"ListItem","position":1,"name":"Home","item":"https:\/\/www.senaatti.fi\/yhteiskuntavastuuraportti2018\/"},{"@type":"ListItem","position":2,"name":"Vastuullisuus Senaatissa","item":"https:\/\/www.senaatti.fi\/yhteiskuntavastuuraportti2018\/vastuullisuus-senaatissa\/"},{"@type":"ListItem","position":3,"name":"Ty\u00f6ymp\u00e4rist\u00f6t"}]},{"@type":"WebSite","@id":"https:\/\/www.senaatti.fi\/yhteiskuntavastuuraportti2018\/#website","url":"https:\/\/www.senaatti.fi\/yhteiskuntavastuuraportti2018\/","name":"Yhteiskuntavastuuraportti 2018","description":"","potentialAction":[{"@type":"SearchAction","target":{"@type":"EntryPoint","urlTemplate":"https:\/\/www.senaatti.fi\/yhteiskuntavastuuraportti2018\/?s={search_term_string}"},"query-input":{"@type":"PropertyValueSpecification","valueRequired":true,"valueName":"search_term_string"}}],"inLanguage":"en-US"}]}},"_links":{"self":[{"href":"https:\/\/www.senaatti.fi\/yhteiskuntavastuuraportti2018\/wp-json\/wp\/v2\/pages\/103","targetHints":{"allow":["GET"]}}],"collection":[{"href":"https:\/\/www.senaatti.fi\/yhteiskuntavastuuraportti2018\/wp-json\/wp\/v2\/pages"}],"about":[{"href":"https:\/\/www.senaatti.fi\/yhteiskuntavastuuraportti2018\/wp-json\/wp\/v2\/types\/page"}],"author":[{"embeddable":true,"href":"https:\/\/www.senaatti.fi\/yhteiskuntavastuuraportti2018\/wp-json\/wp\/v2\/users\/11"}],"replies":[{"embeddable":true,"href":"https:\/\/www.senaatti.fi\/yhteiskuntavastuuraportti2018\/wp-json\/wp\/v2\/comments?post=103"}],"version-history":[{"count":10,"href":"https:\/\/www.senaatti.fi\/yhteiskuntavastuuraportti2018\/wp-json\/wp\/v2\/pages\/103\/revisions"}],"predecessor-version":[{"id":2381,"href":"https:\/\/www.senaatti.fi\/yhteiskuntavastuuraportti2018\/wp-json\/wp\/v2\/pages\/103\/revisions\/2381"}],"up":[{"embeddable":true,"href":"https:\/\/www.senaatti.fi\/yhteiskuntavastuuraportti2018\/wp-json\/wp\/v2\/pages\/63"}],"wp:attachment":[{"href":"https:\/\/www.senaatti.fi\/yhteiskuntavastuuraportti2018\/wp-json\/wp\/v2\/media?parent=103"}],"curies":[{"name":"wp","href":"https:\/\/api.w.org\/{rel}","templated":true}]}}