{"id":705,"date":"2019-09-09T13:21:45","date_gmt":"2019-09-09T13:21:45","guid":{"rendered":"https:\/\/www.senaatti.fi\/asema-alueet\/?page_id=705"},"modified":"2022-08-18T08:43:07","modified_gmt":"2022-08-18T08:43:07","slug":"helsinki-malmi","status":"publish","type":"page","link":"https:\/\/www.senaatti.fi\/asema-alueet\/helsinki-malmi\/","title":{"rendered":"Helsinki, Malmi"},"content":{"rendered":"<div class=\"wpb-content-wrapper\"><p>[vc_row][vc_column][senaatti_hero heading=&#8221;Malmi&#8221; image=&#8221;58&#8243; text=&#8221;Malmin nykyinen keskusta tulee kehittym\u00e4\u00e4n tulevaisuudessa ja samalla Malmin asema sek\u00e4 sen palvelut, sill\u00e4 Malmi on Helsingin uudessa yleiskaavassa yksi kolmesta kantakaupungin ulkopuolisesta suuresta liike- ja palve\u00adlukeskusta-alueesta. T\u00e4m\u00e4n my\u00f6t\u00e4 alueen kehittyess\u00e4 asemanseudun kaupallinen kysynt\u00e4 tulee kasvamaan merkit\u00adt\u00e4v\u00e4sti.&#8221; btn=&#8221;url:https%3A%2F%2Fwww.uuttahelsinkia.fi%2Ffi%2Fmalmi%2Fkeskusta|title:Tutustu%20lis%C3%A4%C3%A4%20Malmin%20keskustan%20uudistamiseen|target:_blank&#8221;][\/vc_column][\/vc_row][vc_row][vc_column][senaatti_directions heading=&#8221;Sijainti ja l\u00e4hiymp\u00e4rist\u00f6&#8221; address=&#8221;60.251361, 25.010939&#8243;]Malmin rautatieasema on p\u00e4\u00e4kaupunkiseudun l\u00e4hiliikenteen rautatieasema. Se sijaitsee Pukinm\u00e4en ja Tapanilan asemien v\u00e4liss\u00e4 rataosalla Helsinki\u2013Riihim\u00e4ki, noin 11 kilometri\u00e4 Helsingin p\u00e4\u00e4rautatieasemalta pohjoiseen. Aseman ymp\u00e4rille on kasvanut kaupallinen keskus ja aseman p\u00e4\u00e4ll\u00e4 sek\u00e4 it\u00e4puolella sijaitsee bussiliikenteen solmukohta.<\/p>\n<p>&nbsp;<\/p>\n<p>L\u00e4hiet\u00e4isyydell\u00e4:<\/p>\n<ul>\n<li>Prisma 100 m<\/li>\n<li>Haaga-Helia ammattikorkeakoulu 700 m<\/li>\n<li>Terveysasema 800 m<\/li>\n<li>Hietakummun ala-aste 900 m<\/li>\n<li>Malmin urheiluhallit 900 m<\/li>\n<li>Helsinki 11 km<\/li>\n<\/ul>\n<p>[\/senaatti_directions][\/vc_column][\/vc_row][vc_row][vc_column][senaatti_loop_contacts heading=&#8221;Yhteystiedot&#8221; contacts=&#8221;52858&#8243;][\/vc_column][\/vc_row]<\/p>\n<\/div>","protected":false},"excerpt":{"rendered":"<p>[vc_row][vc_column][senaatti_hero heading=&#8221;Malmi&#8221; image=&#8221;58&#8243; text=&#8221;Malmin nykyinen keskusta tulee kehittym\u00e4\u00e4n tulevaisuudessa ja samalla Malmin asema sek\u00e4 sen palvelut, sill\u00e4 Malmi on Helsingin uudessa yleiskaavassa yksi kolmesta kantakaupungin ulkopuolisesta suuresta liike- ja palve\u00adlukeskusta-alueesta. T\u00e4m\u00e4n my\u00f6t\u00e4 alueen kehittyess\u00e4 asemanseudun kaupallinen kysynt\u00e4 tulee kasvamaan merkit\u00adt\u00e4v\u00e4sti.&#8221; btn=&#8221;url:https%3A%2F%2Fwww.uuttahelsinkia.fi%2Ffi%2Fmalmi%2Fkeskusta|title:Tutustu%20lis%C3%A4%C3%A4%20Malmin%20keskustan%20uudistamiseen|target:_blank&#8221;][\/vc_column][\/vc_row][vc_row][vc_column][senaatti_directions heading=&#8221;Sijainti ja l\u00e4hiymp\u00e4rist\u00f6&#8221; address=&#8221;60.251361, 25.010939&#8243;]Malmin rautatieasema on p\u00e4\u00e4kaupunkiseudun l\u00e4hiliikenteen rautatieasema. Se sijaitsee Pukinm\u00e4en ja [&hellip;]<\/p>\n","protected":false},"author":16,"featured_media":0,"parent":0,"menu_order":0,"comment_status":"closed","ping_status":"closed","template":"","meta":{"_acf_changed":false,"footnotes":""},"class_list":["post-705","page","type-page","status-publish","hentry"],"acf":[],"yoast_head":"<!-- This site is optimized with the Yoast SEO plugin v27.3 - https:\/\/yoast.com\/product\/yoast-seo-wordpress\/ -->\n<title>Helsinki, Malmi - Senaatti<\/title>\n<meta name=\"robots\" content=\"index, follow, max-snippet:-1, max-image-preview:large, max-video-preview:-1\" \/>\n<link rel=\"canonical\" href=\"https:\/\/www.senaatti.fi\/asema-alueet\/helsinki-malmi\/\" \/>\n<meta property=\"og:locale\" content=\"fi_FI\" \/>\n<meta property=\"og:type\" content=\"article\" \/>\n<meta property=\"og:title\" content=\"Helsinki, Malmi - Senaatti\" \/>\n<meta property=\"og:description\" content=\"[vc_row][vc_column][senaatti_hero heading=&#8221;Malmi&#8221; image=&#8221;58&#8243; text=&#8221;Malmin nykyinen keskusta tulee kehittym\u00e4\u00e4n tulevaisuudessa ja samalla Malmin asema sek\u00e4 sen palvelut, sill\u00e4 Malmi on Helsingin uudessa yleiskaavassa yksi kolmesta kantakaupungin ulkopuolisesta suuresta liike- ja palve\u00adlukeskusta-alueesta. T\u00e4m\u00e4n my\u00f6t\u00e4 alueen kehittyess\u00e4 asemanseudun kaupallinen kysynt\u00e4 tulee kasvamaan merkit\u00adt\u00e4v\u00e4sti.&#8221; btn=&#8221;url:https%3A%2F%2Fwww.uuttahelsinkia.fi%2Ffi%2Fmalmi%2Fkeskusta|title:Tutustu%20lis%C3%A4%C3%A4%20Malmin%20keskustan%20uudistamiseen|target:_blank&#8221;][\/vc_column][\/vc_row][vc_row][vc_column][senaatti_directions heading=&#8221;Sijainti ja l\u00e4hiymp\u00e4rist\u00f6&#8221; address=&#8221;60.251361, 25.010939&#8243;]Malmin rautatieasema on p\u00e4\u00e4kaupunkiseudun l\u00e4hiliikenteen rautatieasema. Se sijaitsee Pukinm\u00e4en ja [&hellip;]\" \/>\n<meta property=\"og:url\" content=\"https:\/\/www.senaatti.fi\/asema-alueet\/helsinki-malmi\/\" \/>\n<meta property=\"og:site_name\" content=\"Senaatti\" \/>\n<meta property=\"article:modified_time\" content=\"2022-08-18T08:43:07+00:00\" \/>\n<meta name=\"twitter:card\" content=\"summary_large_image\" \/>\n<meta name=\"twitter:label1\" content=\"Est. reading time\" \/>\n\t<meta name=\"twitter:data1\" content=\"1 minuutti\" \/>\n<script type=\"application\/ld+json\" class=\"yoast-schema-graph\">{\"@context\":\"https:\\\/\\\/schema.org\",\"@graph\":[{\"@type\":\"WebPage\",\"@id\":\"https:\\\/\\\/www.senaatti.fi\\\/asema-alueet\\\/helsinki-malmi\\\/\",\"url\":\"https:\\\/\\\/www.senaatti.fi\\\/asema-alueet\\\/helsinki-malmi\\\/\",\"name\":\"Helsinki, Malmi - Senaatti\",\"isPartOf\":{\"@id\":\"https:\\\/\\\/www.senaatti.fi\\\/asema-alueet\\\/#website\"},\"datePublished\":\"2019-09-09T13:21:45+00:00\",\"dateModified\":\"2022-08-18T08:43:07+00:00\",\"breadcrumb\":{\"@id\":\"https:\\\/\\\/www.senaatti.fi\\\/asema-alueet\\\/helsinki-malmi\\\/#breadcrumb\"},\"inLanguage\":\"fi\",\"potentialAction\":[{\"@type\":\"ReadAction\",\"target\":[\"https:\\\/\\\/www.senaatti.fi\\\/asema-alueet\\\/helsinki-malmi\\\/\"]}]},{\"@type\":\"BreadcrumbList\",\"@id\":\"https:\\\/\\\/www.senaatti.fi\\\/asema-alueet\\\/helsinki-malmi\\\/#breadcrumb\",\"itemListElement\":[{\"@type\":\"ListItem\",\"position\":1,\"name\":\"Etusivu\",\"item\":\"https:\\\/\\\/www.senaatti.fi\\\/asema-alueet\\\/\"},{\"@type\":\"ListItem\",\"position\":2,\"name\":\"Helsinki, Malmi\"}]},{\"@type\":\"WebSite\",\"@id\":\"https:\\\/\\\/www.senaatti.fi\\\/asema-alueet\\\/#website\",\"url\":\"https:\\\/\\\/www.senaatti.fi\\\/asema-alueet\\\/\",\"name\":\"Asema-alueet\",\"description\":\"Senaatin Asema-alueet\",\"potentialAction\":[{\"@type\":\"SearchAction\",\"target\":{\"@type\":\"EntryPoint\",\"urlTemplate\":\"https:\\\/\\\/www.senaatti.fi\\\/asema-alueet\\\/?s={search_term_string}\"},\"query-input\":{\"@type\":\"PropertyValueSpecification\",\"valueRequired\":true,\"valueName\":\"search_term_string\"}}],\"inLanguage\":\"fi\"}]}<\/script>\n<!-- \/ Yoast SEO plugin. -->","yoast_head_json":{"title":"Helsinki, Malmi - Senaatti","robots":{"index":"index","follow":"follow","max-snippet":"max-snippet:-1","max-image-preview":"max-image-preview:large","max-video-preview":"max-video-preview:-1"},"canonical":"https:\/\/www.senaatti.fi\/asema-alueet\/helsinki-malmi\/","og_locale":"fi_FI","og_type":"article","og_title":"Helsinki, Malmi - Senaatti","og_description":"[vc_row][vc_column][senaatti_hero heading=&#8221;Malmi&#8221; image=&#8221;58&#8243; text=&#8221;Malmin nykyinen keskusta tulee kehittym\u00e4\u00e4n tulevaisuudessa ja samalla Malmin asema sek\u00e4 sen palvelut, sill\u00e4 Malmi on Helsingin uudessa yleiskaavassa yksi kolmesta kantakaupungin ulkopuolisesta suuresta liike- ja palve\u00adlukeskusta-alueesta. T\u00e4m\u00e4n my\u00f6t\u00e4 alueen kehittyess\u00e4 asemanseudun kaupallinen kysynt\u00e4 tulee kasvamaan merkit\u00adt\u00e4v\u00e4sti.&#8221; btn=&#8221;url:https%3A%2F%2Fwww.uuttahelsinkia.fi%2Ffi%2Fmalmi%2Fkeskusta|title:Tutustu%20lis%C3%A4%C3%A4%20Malmin%20keskustan%20uudistamiseen|target:_blank&#8221;][\/vc_column][\/vc_row][vc_row][vc_column][senaatti_directions heading=&#8221;Sijainti ja l\u00e4hiymp\u00e4rist\u00f6&#8221; address=&#8221;60.251361, 25.010939&#8243;]Malmin rautatieasema on p\u00e4\u00e4kaupunkiseudun l\u00e4hiliikenteen rautatieasema. Se sijaitsee Pukinm\u00e4en ja [&hellip;]","og_url":"https:\/\/www.senaatti.fi\/asema-alueet\/helsinki-malmi\/","og_site_name":"Senaatti","article_modified_time":"2022-08-18T08:43:07+00:00","twitter_card":"summary_large_image","twitter_misc":{"Est. reading time":"1 minuutti"},"schema":{"@context":"https:\/\/schema.org","@graph":[{"@type":"WebPage","@id":"https:\/\/www.senaatti.fi\/asema-alueet\/helsinki-malmi\/","url":"https:\/\/www.senaatti.fi\/asema-alueet\/helsinki-malmi\/","name":"Helsinki, Malmi - Senaatti","isPartOf":{"@id":"https:\/\/www.senaatti.fi\/asema-alueet\/#website"},"datePublished":"2019-09-09T13:21:45+00:00","dateModified":"2022-08-18T08:43:07+00:00","breadcrumb":{"@id":"https:\/\/www.senaatti.fi\/asema-alueet\/helsinki-malmi\/#breadcrumb"},"inLanguage":"fi","potentialAction":[{"@type":"ReadAction","target":["https:\/\/www.senaatti.fi\/asema-alueet\/helsinki-malmi\/"]}]},{"@type":"BreadcrumbList","@id":"https:\/\/www.senaatti.fi\/asema-alueet\/helsinki-malmi\/#breadcrumb","itemListElement":[{"@type":"ListItem","position":1,"name":"Etusivu","item":"https:\/\/www.senaatti.fi\/asema-alueet\/"},{"@type":"ListItem","position":2,"name":"Helsinki, Malmi"}]},{"@type":"WebSite","@id":"https:\/\/www.senaatti.fi\/asema-alueet\/#website","url":"https:\/\/www.senaatti.fi\/asema-alueet\/","name":"Asema-alueet","description":"Senaatin Asema-alueet","potentialAction":[{"@type":"SearchAction","target":{"@type":"EntryPoint","urlTemplate":"https:\/\/www.senaatti.fi\/asema-alueet\/?s={search_term_string}"},"query-input":{"@type":"PropertyValueSpecification","valueRequired":true,"valueName":"search_term_string"}}],"inLanguage":"fi"}]}},"lang":"fi","translations":{"fi":705},"pll_sync_post":[],"_links":{"self":[{"href":"https:\/\/www.senaatti.fi\/asema-alueet\/wp-json\/wp\/v2\/pages\/705","targetHints":{"allow":["GET"]}}],"collection":[{"href":"https:\/\/www.senaatti.fi\/asema-alueet\/wp-json\/wp\/v2\/pages"}],"about":[{"href":"https:\/\/www.senaatti.fi\/asema-alueet\/wp-json\/wp\/v2\/types\/page"}],"author":[{"embeddable":true,"href":"https:\/\/www.senaatti.fi\/asema-alueet\/wp-json\/wp\/v2\/users\/16"}],"replies":[{"embeddable":true,"href":"https:\/\/www.senaatti.fi\/asema-alueet\/wp-json\/wp\/v2\/comments?post=705"}],"version-history":[{"count":8,"href":"https:\/\/www.senaatti.fi\/asema-alueet\/wp-json\/wp\/v2\/pages\/705\/revisions"}],"predecessor-version":[{"id":1577,"href":"https:\/\/www.senaatti.fi\/asema-alueet\/wp-json\/wp\/v2\/pages\/705\/revisions\/1577"}],"wp:attachment":[{"href":"https:\/\/www.senaatti.fi\/asema-alueet\/wp-json\/wp\/v2\/media?parent=705"}],"curies":[{"name":"wp","href":"https:\/\/api.w.org\/{rel}","templated":true}]}}