{"id":1422,"date":"2022-02-18T12:00:56","date_gmt":"2022-02-18T12:00:56","guid":{"rendered":"https:\/\/www.senaatti.fi\/asema-alueet\/?page_id=1422"},"modified":"2023-04-19T10:20:29","modified_gmt":"2023-04-19T10:20:29","slug":"oulun-asemakeskus-kysymyksia-ja-vastauksia","status":"publish","type":"page","link":"https:\/\/www.senaatti.fi\/asema-alueet\/oulun-asemakeskus-kysymyksia-ja-vastauksia\/","title":{"rendered":"Oulun Asemakeskus \u2013 kysymyksi\u00e4 ja vastauksia"},"content":{"rendered":"<div class=\"wpb-content-wrapper\"><p>[vc_row][vc_column][senaatti_hero heading=&#8221;Oulun Asemakeskus \u2013 kysymyksi\u00e4 ja vastauksia&#8221;][\/vc_column][\/vc_row][vc_row][vc_column][senaatti_collapsible_element readmore_text=&#8221;Mist\u00e4 Oulun asemakeskus alueen hankkeen kehitt\u00e4misess\u00e4 on kyse?&#8221;]Oulun Asemakeskus on yksi Oulun merkitt\u00e4vimmist\u00e4 ja vaikuttavimmista kaupunkikehitt\u00e4misen hankkeista, jonka my\u00f6t\u00e4 koko kaupunki kehittyy entist\u00e4 elinvoimaisemmaksi ja vetovoimaisemmaksi. Nykyisen ratapihan it\u00e4puolelle rakentuu vaiheittain uusi Asemakeskus, jonne kaavoitetaan uudet, toimivat ja nykyaikaiset puitteet niin julkiselle liikenteelle, erilaisille palveluille kuin liike-el\u00e4m\u00e4lle, asumiselle ja ty\u00f6paikoille. Asemakeskuksen el\u00e4m\u00e4\u00e4 sykkiv\u00e4 alue toivottaa Ouluun saapuvat tervetulleeksi pohjoisen Suomen omaleimaiseen keskukseen!<\/p>\n<p>Alueen kehitt\u00e4misess\u00e4 ovat Oulun kaupungin lis\u00e4ksi mukana alueen maanomistajat Senaatin Asema-alueet Oy ja Senaatti-kiinteist\u00f6t, valtion tieverkon, rautateiden ja vesiv\u00e4ylien kehitt\u00e4misest\u00e4 sek\u00e4 kunnossapidosta vastaava V\u00e4yl\u00e4virasto sek\u00e4 raideliikenneoperaattori VR-Yhtym\u00e4 Oy. Toimijoiden v\u00e4list\u00e4 tiivist\u00e4 yhteisty\u00f6t\u00e4 alueen elinvoiman parantamiseksi on tehty jo vuodesta 2019.[\/senaatti_collapsible_element][senaatti_collapsible_element readmore_text=&#8221;Ketk\u00e4 aluetta kehitt\u00e4v\u00e4t?&#8221;]Aluetta kehitt\u00e4v\u00e4t Senaatin Asema-alueet Oy\/Senaatti-kiinteist\u00f6t alueen maanomistajan roolissa yhteisty\u00f6ss\u00e4 Oulun kaupungin kanssa vuonna 2019 tehdyn aiesopimukseen kirjattujen tavoitteiden mukaisesti. Maank\u00e4yt\u00f6n ja liikenteen yleissuunnitelmavaihtoehtoja laaditaan yhdess\u00e4 valittujen arkkitehtien ja liikennesuunnittelijoiden kanssa. Osapuolina ty\u00f6ss\u00e4 ovat Asemakeskuksen alueella t\u00e4ll\u00e4kin hetkell\u00e4 operoivat tahot V\u00e4yl\u00e4virasto, VR-Yhtym\u00e4 Oy ja Matkahuolto.[\/senaatti_collapsible_element][senaatti_collapsible_element readmore_text=&#8221;Mitk\u00e4 ovat eri toimijoiden roolit alueen kehitt\u00e4misess\u00e4?&#8221;]Senaatin Asema-alueet Oy edustaa Suomen valtiota ja toimii alueen maanomistaja. Senaatin Asema-alueet Oy kehitt\u00e4\u00e4 omistamaansa aluetta yhteisty\u00f6ss\u00e4 Oulun kaupungin kanssa, joka vastaa kaavoituksesta ja kaupungin strategian mukaisten tavoitteiden t\u00e4yttymisest\u00e4. Lis\u00e4ksi ty\u00f6ss\u00e4 ovat mukana Asemakeskuksen alueella t\u00e4ll\u00e4kin hetkell\u00e4 operoivat tahot V\u00e4yl\u00e4virasto, VR-Yhtym\u00e4 Oy ja Matkahuolto. V\u00e4yl\u00e4virasto vastaa valtakunnallisesta rataverkon kehitt\u00e4misest\u00e4 ja VR-Yhtym\u00e4 toimii raideliikenteen operaattorina tarjoten asiakkaille sujuvia ja saumattomia liikkumisen ratkaisuja, jotka kannustavat ilmastoyst\u00e4v\u00e4llisen raide- ja joukkoliikenteen kyytiin.[\/senaatti_collapsible_element][senaatti_collapsible_element readmore_text=&#8221;Mitk\u00e4 ovat alueen kehitt\u00e4misen tavoitteet?&#8221;]Asemakeskuksen kehitt\u00e4misen tavoitteena on tehostaa maank\u00e4ytt\u00f6\u00e4 alueella, joka on t\u00e4ll\u00e4 hetkell\u00e4 varsin vaatimattomassa k\u00e4yt\u00f6ss\u00e4. Asemakeskuksen alueen kehitt\u00e4mist\u00e4 ohjaavat Oulun kaupunkistrategia, Uuden Oulun yleiskaava ja Oulun keskustavisio 2040, ja hankkeen tavoitteena on lis\u00e4t\u00e4 kaupunkirakenteen eheytt\u00e4 ja omaleimaista arkkitehtuuria. Asemakeskus on tulevaisuudessa liikenteen solmukohta, jonka l\u00e4pi virtaa tulevaisuudessa merkitt\u00e4v\u00e4 m\u00e4\u00e4r\u00e4 matkustajia. T\u00e4m\u00e4 joukkoliikenteen reittien kohtaamispiste yhdist\u00e4\u00e4 aikanaan Raksilan ja keskustan alueet saumattomasti toisiinsa. Junaradan l\u00e4nsipuolelle rakentuu my\u00f6s Matkakeskus, joka tukee osaltaan Oulun matkustuspalvelujen toimivuutta.[\/senaatti_collapsible_element][senaatti_collapsible_element readmore_text=&#8221;Milloin alueen kehitt\u00e4minen ja suunnittelu on aloitettu?&#8221;]Asemakeskuksen alueen kehitt\u00e4minen alkoi vuonna 2016 arkkitehtikilpailulla, jonka Oulun kaupunki j\u00e4rjesti yhdess\u00e4 V\u00e4yl\u00e4viraston, Senaatti-kiinteist\u00f6jen sek\u00e4 VR-Yhtym\u00e4 Oy:n kanssa. Kilpailussa arkkitehdit saivat kuvata omat visionsa kaupungin keskeisell\u00e4 paikalla olevan alueen tulevaisuudesta. Kilpailun voitti Tervatynnyrit-niminen ehdotus, johon koko alueen my\u00f6hempi kehitt\u00e4minen ja asemakaavaluonnos pohjautuu.[\/senaatti_collapsible_element][senaatti_collapsible_element readmore_text=&#8221;Miten alueen kehitt\u00e4minen on vuosien aikana edennyt?&#8221;]<strong>Vuonna 2016<\/strong> Asemakeskuksen alueen kehitt\u00e4minen alkoi arkkitehtikilpailulla, jonka Oulun kaupunki j\u00e4rjesti yhdess\u00e4 V\u00e4yl\u00e4viraston, Senaatti-kiinteist\u00f6jen sek\u00e4 VR-Yhtym\u00e4 Oy:n kanssa. Kilpailussa arkkitehdit saivat kuvata omat visionsa kaupungin keskeisell\u00e4 paikalla olevan alueen tulevaisuudesta. Kilpailun voitti Tervatynnyrit-niminen ehdotus, johon koko alueen my\u00f6hempi kehitt\u00e4minen ja asemakaavaluonnos pohjautuu.<\/p>\n<p><strong>Vuonna 2019 Senaatin Asema-alueet Oy, Senaatti-kiinteist\u00f6t ja Oulun kaupunki solmivat aiesopimuksen asema-alueen kehitt\u00e4misest\u00e4. <\/strong>Aiesopimuksella sovitaan asema-alueen kehitt\u00e4misen yleisist\u00e4 tavoitteista sek\u00e4 maank\u00e4yt\u00f6n ja liikenteen yleissuunnittelun kustannusjaosta. Kehitt\u00e4mist\u00e4 vied\u00e4\u00e4n nyt eteenp\u00e4in aiesopimukseen kirjattujen tavoitteiden mukaisesti.<\/p>\n<p>Markkinavuoropuhelun tavoitteena oli kuulla mahdollisten tulevien toteuttajien n\u00e4kemyksi\u00e4 alueesta. Saadun informaation avulla voimme muokata kilpailuohjelmaa suuntaan, joka mahdollistaa saavuttamaan alueelle asetetut tavoitteet ei pelk\u00e4st\u00e4\u00e4n kaavoitusprosessissa vaan my\u00f6s sen toteutuksessa.<\/p>\n<p><strong>Vuonna 2022 <\/strong>Senaatin Asema-alueet Oy ja Oulun kaupunki allekirjoittivat aluetta koskevan yhteistoimintasopimuksen sek\u00e4 suunnittelu- ja tontinluovutuskilpailu k\u00e4ynnistyi.<\/p>\n<p><strong>Seuraavaksi kev\u00e4\u00e4ll\u00e4 2023<\/strong> valitaan suunnittelu- ja tontinluovutuskilpailun voittaja ja alueen tuleva toteuttaja. Kilpailun j\u00e4lkeen alueen kaavoitus jatkuu asemakaavan ehdotusvaiheeseen.[\/senaatti_collapsible_element][senaatti_collapsible_element readmore_text=&#8221;Mit\u00e4 toimintoja alueelle tulee?&#8221;]Alueelle rakentuu uusi Asemakeskus, jonne suunnitellaan muun muassa linja-autoasemaa, liike- ja toimistotiloja, hotellia sek\u00e4 asuntoja ja ty\u00f6paikkoja.[\/senaatti_collapsible_element][senaatti_collapsible_element readmore_text=&#8221;Mit\u00e4 suunnittelu- ja tontinluovutuskilpailulla tarkoitetaan?&#8221;]Suunnittelu- ja tontinluovutuskilpailun tavoitteena on l\u00f6yt\u00e4\u00e4 kaupunkikuvallisesti, arkkitehtonisesti ja toiminnallisesti korkeatasoinen ja toteuttamiskelpoinen suunnitteluratkaisu sek\u00e4 sille toteuttaja, rahoittaja ja uudet omistajat.<\/p>\n<p>Suunnittelu- ja tontinluovutuskilpailu k\u00e4ynnistyi kev\u00e4\u00e4ll\u00e4 2022. Asemakaavaluonnoksen laatiminen on hyv\u00e4ksymisvaiheessa ja tavoitteena on, ett\u00e4 asemakaava on hyv\u00e4ksytty vuoden 2023 loppuun menness\u00e4. Kilpailun voittanut taho tekee Senaatin Asema-alueet Oy:n kanssa kiinteist\u00f6kaupan esisopimuksen ja osallistuu kaavaehdotuksen laadintaan Oulun kaupungin ja Senaatin Asema-alueet Oy:n kumppanina.[\/senaatti_collapsible_element][senaatti_collapsible_element readmore_text=&#8221;Mihin kilpailualue sijoittuu?&#8221;]Kilpailualue sijoittuu Oulun rautatieaseman v\u00e4litt\u00f6m\u00e4\u00e4n l\u00e4heisyyteen rautatien it\u00e4puolelle. Alueella on nyky\u00e4\u00e4n mm. linja-autoasema ja Matkahuollon toiminnot.<\/p>\n<p>Kilpailun kohteena oleva Asemakeskuksen alue on jaettu toiminnallisesti kahteen osaan. Asemapalvelukeskukseen, johon sijoittuvat asemakeskuksen liikenne- ja l\u00e4hipalvelukeskuksen toiminnot, liike-, toimisto- ja majoituspalvelut, asuminen, palveluasuminen. Toisena alueena etel\u00e4iset asumiskorttelit, johon sijoitetaan asumista ja katutasojen kerroksiin ensisijaisesti liike- ja yhteistiloja.[\/senaatti_collapsible_element][senaatti_collapsible_element readmore_text=&#8221;Mist\u00e4 ja milloin alueen rakentaminen alkaa?&#8221;]Alueen rakentamisen valmistelu alkaa suunnittelu- ja tontinluovutuskilpailun voittaneen tahon toimesta asemakaavan lainvoimaistumisen j\u00e4lkeen. Rakentaminen alkaa palvelukorttelista, johon sijoittuvat asemakeskuksen liikenne- ja l\u00e4hipalvelukeskuksen toiminnot, liike-, toimisto- ja majoituspalvelut, asuminen, palveluasuminen, t\u00e4m\u00e4nhetkisen arvion mukaan vuonna 2024.<\/p>\n<p>Alueen rakentaminen toteutetaan vaiheittain alkaen edell\u00e4 mainitusta palvelukorttelista.[\/senaatti_collapsible_element][senaatti_collapsible_element readmore_text=&#8221;Milloin alueen oletetaan valmistuvan kokonaan?&#8221;]Alueen valmistumisen tavoite on alustavasti seuraavan vuosikymmenen taitteessa.[\/senaatti_collapsible_element][senaatti_collapsible_element readmore_text=&#8221;Mist\u00e4 saan lis\u00e4tietoja hankkeesta?&#8221;]Lis\u00e4tietoja Asemakeskus-hankkeesta l\u00f6yd\u00e4t Oulun kaupungin sek\u00e4 Senaatin Asema-alueet Oy:n verkkosivuilta. Lis\u00e4ksi lis\u00e4tietoja saa tarvittaessa hankkeen yhteyshenkil\u00f6it\u00e4:<\/p>\n<p><a href=\"https:\/\/www.senaatti.fi\/asema-alueet\/kehitettavat-asema-alueet\/\">https:\/\/www.senaatti.fi\/asema-alueet\/kehitettavat-asema-alueet\/<\/a><\/p>\n<p><a href=\"https:\/\/www.ouka.fi\/oulu\/uudistuva-oulu\/asemakeskus\">https:\/\/www.ouka.fi\/oulu\/uudistuva-oulu\/asemakeskus<\/a><\/p>\n<p><strong>Senaatin Asema-alueet Oy<\/strong><\/p>\n<p>Toimitusjohtaja Marko H\u00e4rk\u00f6nen puh. +358 40 546 6627<\/p>\n<p>marko.harkonen@senaatti.fi<\/p>\n<p>Kiinteist\u00f6kehitysp\u00e4\u00e4llikk\u00f6 Janne Marttinen puh. +358 40 867 4667<\/p>\n<p>janne.marttinen@senaatti.fi<\/p>\n<p><strong>Oulun kaupunki<\/strong><\/p>\n<p>Projektinjohtaja, yhdyskuntajohtaja Marko Kilpel\u00e4inen puh. 040 513 3650<\/p>\n<p>marko.kilpelainen@ouka.fi<\/p>\n<p>Asemakaavap\u00e4\u00e4llikk\u00f6 Kari Nyk\u00e4nen puh. 040 663 7760<\/p>\n<p>kari.p.nykanen@ouka.fi<\/p>\n<p>Projektip\u00e4\u00e4llikk\u00f6 Juha Isoherranen puh. 044 703 2429<\/p>\n<p>juha.isoherranen@ouka.fi<\/p>\n<p>Projektip\u00e4\u00e4llikk\u00f6, asemakaava-arkkitehti Leena Kallioniemi puh. 044 703 2425<\/p>\n<p>leena.k.kallioniemi@ouka.fi[\/senaatti_collapsible_element][\/vc_column][\/vc_row]<\/p>\n<\/div>","protected":false},"excerpt":{"rendered":"<p>[vc_row][vc_column][senaatti_hero heading=&#8221;Oulun Asemakeskus \u2013 kysymyksi\u00e4 ja vastauksia&#8221;][\/vc_column][\/vc_row][vc_row][vc_column][senaatti_collapsible_element readmore_text=&#8221;Mist\u00e4 Oulun asemakeskus alueen hankkeen kehitt\u00e4misess\u00e4 on kyse?&#8221;]Oulun Asemakeskus on yksi Oulun merkitt\u00e4vimmist\u00e4 ja vaikuttavimmista kaupunkikehitt\u00e4misen hankkeista, jonka my\u00f6t\u00e4 koko kaupunki kehittyy entist\u00e4 elinvoimaisemmaksi ja vetovoimaisemmaksi. Nykyisen ratapihan it\u00e4puolelle rakentuu vaiheittain uusi Asemakeskus, jonne kaavoitetaan uudet, toimivat ja nykyaikaiset puitteet niin julkiselle liikenteelle, erilaisille palveluille kuin liike-el\u00e4m\u00e4lle, asumiselle [&hellip;]<\/p>\n","protected":false},"author":16,"featured_media":0,"parent":0,"menu_order":0,"comment_status":"closed","ping_status":"closed","template":"","meta":{"_acf_changed":false,"footnotes":""},"class_list":["post-1422","page","type-page","status-publish","hentry"],"acf":[],"yoast_head":"<!-- This site is optimized with the Yoast SEO plugin v27.1.1 - https:\/\/yoast.com\/product\/yoast-seo-wordpress\/ -->\n<title>Oulun Asemakeskus \u2013 kysymyksi\u00e4 ja vastauksia - Senaatti<\/title>\n<meta name=\"robots\" content=\"index, follow, max-snippet:-1, max-image-preview:large, max-video-preview:-1\" \/>\n<link rel=\"canonical\" href=\"https:\/\/www.senaatti.fi\/asema-alueet\/oulun-asemakeskus-kysymyksia-ja-vastauksia\/\" \/>\n<meta property=\"og:locale\" content=\"fi_FI\" \/>\n<meta property=\"og:type\" content=\"article\" \/>\n<meta property=\"og:title\" content=\"Oulun Asemakeskus \u2013 kysymyksi\u00e4 ja vastauksia - Senaatti\" \/>\n<meta property=\"og:description\" content=\"[vc_row][vc_column][senaatti_hero heading=&#8221;Oulun Asemakeskus \u2013 kysymyksi\u00e4 ja vastauksia&#8221;][\/vc_column][\/vc_row][vc_row][vc_column][senaatti_collapsible_element readmore_text=&#8221;Mist\u00e4 Oulun asemakeskus alueen hankkeen kehitt\u00e4misess\u00e4 on kyse?&#8221;]Oulun Asemakeskus on yksi Oulun merkitt\u00e4vimmist\u00e4 ja vaikuttavimmista kaupunkikehitt\u00e4misen hankkeista, jonka my\u00f6t\u00e4 koko kaupunki kehittyy entist\u00e4 elinvoimaisemmaksi ja vetovoimaisemmaksi. Nykyisen ratapihan it\u00e4puolelle rakentuu vaiheittain uusi Asemakeskus, jonne kaavoitetaan uudet, toimivat ja nykyaikaiset puitteet niin julkiselle liikenteelle, erilaisille palveluille kuin liike-el\u00e4m\u00e4lle, asumiselle [&hellip;]\" \/>\n<meta property=\"og:url\" content=\"https:\/\/www.senaatti.fi\/asema-alueet\/oulun-asemakeskus-kysymyksia-ja-vastauksia\/\" \/>\n<meta property=\"og:site_name\" content=\"Senaatti\" \/>\n<meta property=\"article:modified_time\" content=\"2023-04-19T10:20:29+00:00\" \/>\n<meta name=\"twitter:card\" content=\"summary_large_image\" \/>\n<meta name=\"twitter:label1\" content=\"Arvioitu lukuaika\" \/>\n\t<meta name=\"twitter:data1\" content=\"5 minuuttia\" \/>\n<script type=\"application\/ld+json\" class=\"yoast-schema-graph\">{\"@context\":\"https:\/\/schema.org\",\"@graph\":[{\"@type\":\"WebPage\",\"@id\":\"https:\/\/www.senaatti.fi\/asema-alueet\/oulun-asemakeskus-kysymyksia-ja-vastauksia\/\",\"url\":\"https:\/\/www.senaatti.fi\/asema-alueet\/oulun-asemakeskus-kysymyksia-ja-vastauksia\/\",\"name\":\"Oulun Asemakeskus \u2013 kysymyksi\u00e4 ja vastauksia - Senaatti\",\"isPartOf\":{\"@id\":\"https:\/\/www.senaatti.fi\/asema-alueet\/#website\"},\"datePublished\":\"2022-02-18T12:00:56+00:00\",\"dateModified\":\"2023-04-19T10:20:29+00:00\",\"breadcrumb\":{\"@id\":\"https:\/\/www.senaatti.fi\/asema-alueet\/oulun-asemakeskus-kysymyksia-ja-vastauksia\/#breadcrumb\"},\"inLanguage\":\"fi\",\"potentialAction\":[{\"@type\":\"ReadAction\",\"target\":[\"https:\/\/www.senaatti.fi\/asema-alueet\/oulun-asemakeskus-kysymyksia-ja-vastauksia\/\"]}]},{\"@type\":\"BreadcrumbList\",\"@id\":\"https:\/\/www.senaatti.fi\/asema-alueet\/oulun-asemakeskus-kysymyksia-ja-vastauksia\/#breadcrumb\",\"itemListElement\":[{\"@type\":\"ListItem\",\"position\":1,\"name\":\"Etusivu\",\"item\":\"https:\/\/www.senaatti.fi\/asema-alueet\/\"},{\"@type\":\"ListItem\",\"position\":2,\"name\":\"Oulun Asemakeskus \u2013 kysymyksi\u00e4 ja vastauksia\"}]},{\"@type\":\"WebSite\",\"@id\":\"https:\/\/www.senaatti.fi\/asema-alueet\/#website\",\"url\":\"https:\/\/www.senaatti.fi\/asema-alueet\/\",\"name\":\"Asema-alueet\",\"description\":\"Senaatin Asema-alueet\",\"potentialAction\":[{\"@type\":\"SearchAction\",\"target\":{\"@type\":\"EntryPoint\",\"urlTemplate\":\"https:\/\/www.senaatti.fi\/asema-alueet\/?s={search_term_string}\"},\"query-input\":{\"@type\":\"PropertyValueSpecification\",\"valueRequired\":true,\"valueName\":\"search_term_string\"}}],\"inLanguage\":\"fi\"}]}<\/script>\n<!-- \/ Yoast SEO plugin. -->","yoast_head_json":{"title":"Oulun Asemakeskus \u2013 kysymyksi\u00e4 ja vastauksia - Senaatti","robots":{"index":"index","follow":"follow","max-snippet":"max-snippet:-1","max-image-preview":"max-image-preview:large","max-video-preview":"max-video-preview:-1"},"canonical":"https:\/\/www.senaatti.fi\/asema-alueet\/oulun-asemakeskus-kysymyksia-ja-vastauksia\/","og_locale":"fi_FI","og_type":"article","og_title":"Oulun Asemakeskus \u2013 kysymyksi\u00e4 ja vastauksia - Senaatti","og_description":"[vc_row][vc_column][senaatti_hero heading=&#8221;Oulun Asemakeskus \u2013 kysymyksi\u00e4 ja vastauksia&#8221;][\/vc_column][\/vc_row][vc_row][vc_column][senaatti_collapsible_element readmore_text=&#8221;Mist\u00e4 Oulun asemakeskus alueen hankkeen kehitt\u00e4misess\u00e4 on kyse?&#8221;]Oulun Asemakeskus on yksi Oulun merkitt\u00e4vimmist\u00e4 ja vaikuttavimmista kaupunkikehitt\u00e4misen hankkeista, jonka my\u00f6t\u00e4 koko kaupunki kehittyy entist\u00e4 elinvoimaisemmaksi ja vetovoimaisemmaksi. Nykyisen ratapihan it\u00e4puolelle rakentuu vaiheittain uusi Asemakeskus, jonne kaavoitetaan uudet, toimivat ja nykyaikaiset puitteet niin julkiselle liikenteelle, erilaisille palveluille kuin liike-el\u00e4m\u00e4lle, asumiselle [&hellip;]","og_url":"https:\/\/www.senaatti.fi\/asema-alueet\/oulun-asemakeskus-kysymyksia-ja-vastauksia\/","og_site_name":"Senaatti","article_modified_time":"2023-04-19T10:20:29+00:00","twitter_card":"summary_large_image","twitter_misc":{"Arvioitu lukuaika":"5 minuuttia"},"schema":{"@context":"https:\/\/schema.org","@graph":[{"@type":"WebPage","@id":"https:\/\/www.senaatti.fi\/asema-alueet\/oulun-asemakeskus-kysymyksia-ja-vastauksia\/","url":"https:\/\/www.senaatti.fi\/asema-alueet\/oulun-asemakeskus-kysymyksia-ja-vastauksia\/","name":"Oulun Asemakeskus \u2013 kysymyksi\u00e4 ja vastauksia - Senaatti","isPartOf":{"@id":"https:\/\/www.senaatti.fi\/asema-alueet\/#website"},"datePublished":"2022-02-18T12:00:56+00:00","dateModified":"2023-04-19T10:20:29+00:00","breadcrumb":{"@id":"https:\/\/www.senaatti.fi\/asema-alueet\/oulun-asemakeskus-kysymyksia-ja-vastauksia\/#breadcrumb"},"inLanguage":"fi","potentialAction":[{"@type":"ReadAction","target":["https:\/\/www.senaatti.fi\/asema-alueet\/oulun-asemakeskus-kysymyksia-ja-vastauksia\/"]}]},{"@type":"BreadcrumbList","@id":"https:\/\/www.senaatti.fi\/asema-alueet\/oulun-asemakeskus-kysymyksia-ja-vastauksia\/#breadcrumb","itemListElement":[{"@type":"ListItem","position":1,"name":"Etusivu","item":"https:\/\/www.senaatti.fi\/asema-alueet\/"},{"@type":"ListItem","position":2,"name":"Oulun Asemakeskus \u2013 kysymyksi\u00e4 ja vastauksia"}]},{"@type":"WebSite","@id":"https:\/\/www.senaatti.fi\/asema-alueet\/#website","url":"https:\/\/www.senaatti.fi\/asema-alueet\/","name":"Asema-alueet","description":"Senaatin Asema-alueet","potentialAction":[{"@type":"SearchAction","target":{"@type":"EntryPoint","urlTemplate":"https:\/\/www.senaatti.fi\/asema-alueet\/?s={search_term_string}"},"query-input":{"@type":"PropertyValueSpecification","valueRequired":true,"valueName":"search_term_string"}}],"inLanguage":"fi"}]}},"lang":"fi","translations":{"fi":1422},"pll_sync_post":[],"_links":{"self":[{"href":"https:\/\/www.senaatti.fi\/asema-alueet\/wp-json\/wp\/v2\/pages\/1422","targetHints":{"allow":["GET"]}}],"collection":[{"href":"https:\/\/www.senaatti.fi\/asema-alueet\/wp-json\/wp\/v2\/pages"}],"about":[{"href":"https:\/\/www.senaatti.fi\/asema-alueet\/wp-json\/wp\/v2\/types\/page"}],"author":[{"embeddable":true,"href":"https:\/\/www.senaatti.fi\/asema-alueet\/wp-json\/wp\/v2\/users\/16"}],"replies":[{"embeddable":true,"href":"https:\/\/www.senaatti.fi\/asema-alueet\/wp-json\/wp\/v2\/comments?post=1422"}],"version-history":[{"count":9,"href":"https:\/\/www.senaatti.fi\/asema-alueet\/wp-json\/wp\/v2\/pages\/1422\/revisions"}],"predecessor-version":[{"id":1682,"href":"https:\/\/www.senaatti.fi\/asema-alueet\/wp-json\/wp\/v2\/pages\/1422\/revisions\/1682"}],"wp:attachment":[{"href":"https:\/\/www.senaatti.fi\/asema-alueet\/wp-json\/wp\/v2\/media?parent=1422"}],"curies":[{"name":"wp","href":"https:\/\/api.w.org\/{rel}","templated":true}]}}